{"id":48572,"date":"2025-10-31T10:07:10","date_gmt":"2025-10-31T09:07:10","guid":{"rendered":"https:\/\/www.reztart.com\/?post_type=product&#038;p=48572"},"modified":"2026-04-11T20:18:24","modified_gmt":"2026-04-11T18:18:24","slug":"slim-choklad-protein-och-fiberrik-pulvershake-med-ngc","status":"publish","type":"product","link":"https:\/\/www.reztart.com\/sv\/produkt\/slim-choklad-protein-och-fiberrik-pulvershake-med-ngc\/","title":{"rendered":"SLIM Choklad, Protein- och Fiberrik pulvershake med Glukomannan"},"content":{"rendered":"<p><strong>Reztart SLIM<\/strong> inneh\u00e5ller Glukomannan, en h\u00f6gkvalitativ kostfiber som utvinns fr\u00e5n konjakroten. Denna naturliga ingrediens \u00e4r effektiv f\u00f6r att bibeh\u00e5lla eller uppn\u00e5 en h\u00e4lsosam vikt. Genom att expandera i magen bidrar Glukomannan till en \u00f6kad m\u00e4ttnadsk\u00e4nsla, vilket minskar aptiten och hj\u00e4lper dig att kontrollera \u00f6verdrivet matintag. <span data-ccp-props=\"{&quot;134233117&quot;:true,&quot;134233118&quot;:true,&quot;201341983&quot;:0,&quot;335559739&quot;:160,&quot;335559740&quot;:240}\">Shaken<\/span> har l\u00e5g glykemisk belastning, dess h\u00f6ga protein och fiberinneh\u00e5ll bidrar till ett stabilare blodsocker och \u00f6kad m\u00e4ttnadsk\u00e4nsla. Reztart SLIM \u00e4r inte en m\u00e5ltidsers\u00e4ttning utan ett komplement till en h\u00e4lsosam och varierad kost.<\/p>\n<ul>\n<li>Protein \u2013 6,8 g per portion\/18 g<\/li>\n<li>Fiber \u2013 2,3 g per portion\/18 g<\/li>\n<li>Kalorier 69 kcal per portion\/18 g blandad med vatten<\/li>\n<li>Naturlig N\u00e4ring fr\u00e5n vassle, speciella Omega3- Omega6 \u00e4gg, \u00e4rtor, nypon, sockerbetor och \u00e4pple<\/li>\n<li>Inget tillsatt socker \u2013 S\u00f6tad med Sukralos<\/li>\n<li>Fri fr\u00e5n gluten<\/li>\n<li>Tillverkade i Sverige<\/li>\n<\/ul>\n<p><strong>Reztarts SLIM<\/strong>\u00a0\u00e4r framtagna f\u00f6r att passa vuxna oavsett fysisk aktivitet. Det \u00e4r ett n\u00e4ringsrikt mellanm\u00e5l som erbjuder en perfekt balans av protein, fiber och viktiga n\u00e4rings\u00e4mnen som i sin tur st\u00f6der en h\u00e4lsosam livsstil. Med naturliga ingredienser och vetenskapligt bevisade f\u00f6rdelar ger <strong>Reztart<\/strong> dig den energi du beh\u00f6ver f\u00f6r att klara av dagens utmaningar, samtidigt som de hj\u00e4lper till att stabilisera blodsockerniv\u00e5n och bek\u00e4mpa osunda vanor.<\/p>\n<p><strong>Reztart<\/strong>\u00a0g\u00f6r det enkelt att h\u00e5lla dig m\u00e4tt och energifylld, var du \u00e4n befinner dig.<\/p>\n","protected":false},"excerpt":{"rendered":"<p><strong>Reztart SLIM <\/strong>\u00a0\u00e4r rik p\u00e5 protein och fibrer och passar perfekt som ett snabbt, balanserat mellanm\u00e5l f\u00f6r dig som vill bibeh\u00e5lla eller uppn\u00e5 en h\u00e4lsosam vikt.<\/p>\n","protected":false},"featured_media":48596,"comment_status":"open","ping_status":"closed","template":"","meta":{"_acf_changed":false},"product_brand":[],"product_cat":[69],"product_tag":[],"product-badges":[],"class_list":{"0":"post-48572","1":"product","2":"type-product","3":"status-publish","4":"has-post-thumbnail","6":"product_cat-proteindryck","8":"first","9":"instock","10":"taxable","11":"shipping-taxable","12":"purchasable","13":"product-type-simple"},"acf":[],"_links":{"self":[{"href":"https:\/\/www.reztart.com\/sv\/wp-json\/wp\/v2\/product\/48572","targetHints":{"allow":["GET"]}}],"collection":[{"href":"https:\/\/www.reztart.com\/sv\/wp-json\/wp\/v2\/product"}],"about":[{"href":"https:\/\/www.reztart.com\/sv\/wp-json\/wp\/v2\/types\/product"}],"replies":[{"embeddable":true,"href":"https:\/\/www.reztart.com\/sv\/wp-json\/wp\/v2\/comments?post=48572"}],"wp:featuredmedia":[{"embeddable":true,"href":"https:\/\/www.reztart.com\/sv\/wp-json\/wp\/v2\/media\/48596"}],"wp:attachment":[{"href":"https:\/\/www.reztart.com\/sv\/wp-json\/wp\/v2\/media?parent=48572"}],"wp:term":[{"taxonomy":"product_brand","embeddable":true,"href":"https:\/\/www.reztart.com\/sv\/wp-json\/wp\/v2\/product_brand?post=48572"},{"taxonomy":"product_cat","embeddable":true,"href":"https:\/\/www.reztart.com\/sv\/wp-json\/wp\/v2\/product_cat?post=48572"},{"taxonomy":"product_tag","embeddable":true,"href":"https:\/\/www.reztart.com\/sv\/wp-json\/wp\/v2\/product_tag?post=48572"},{"taxonomy":"product-badges","embeddable":true,"href":"https:\/\/www.reztart.com\/sv\/wp-json\/wp\/v2\/product-badges?post=48572"}],"curies":[{"name":"wp","href":"https:\/\/api.w.org\/{rel}","templated":true}]}}