{"id":48568,"date":"2025-10-31T10:11:10","date_gmt":"2025-10-31T09:11:10","guid":{"rendered":"https:\/\/www.reztart.com\/?post_type=product&#038;p=48568"},"modified":"2026-04-13T16:25:16","modified_gmt":"2026-04-13T14:25:16","slug":"jordgubb-protein-och-fiberrik-pulvershake-med-ngc","status":"publish","type":"product","link":"https:\/\/www.reztart.com\/sv\/produkt\/jordgubb-protein-och-fiberrik-pulvershake-med-ngc\/","title":{"rendered":"Jordgubb, Protein- och Fiberrik pulvershake med NGC\u00ae"},"content":{"rendered":"<p><strong>V\u00e5ra HEALTH pulvershakes<\/strong> \u00e4r ett n\u00e4ringsrikt proteinpulver berikat med NGC\u00ae, en vetenskapligt framtagen n\u00e4ringsmix som <span data-contrast=\"auto\">best\u00e5r av naturliga r\u00e5varor i koncentrerad form fr\u00e5n \u00e4pplen, nypon, fibrer fr\u00e5n sockerbeta, \u00e4rtor, s\u00e4rskilda Omega3- och Omega6-rika \u00e4gg samt \u202fvassleprotein.<\/span><span data-ccp-props=\"{&quot;134233117&quot;:true,&quot;134233118&quot;:true,&quot;201341983&quot;:0,&quot;335559739&quot;:160,&quot;335559740&quot;:240}\">\u00a0Shaken<\/span> har l\u00e5g glykemisk belastning, dess h\u00f6ga protein och fiber inneh\u00e5ll bidrar till ett stabilare blodsocker och \u00f6kad m\u00e4ttnadsk\u00e4nsla.<\/p>\n<ul>\n<li>Naturlig n\u00e4ring<\/li>\n<li>\u00d6kad energi<\/li>\n<li>Stabilare blodsocker<\/li>\n<li>Minskat s\u00f6tsug<\/li>\n<li>\u00d6kad kontroll \u00f6ver osunda matvanor<\/li>\n<li>Fria fr\u00e5n gluten<\/li>\n<li>Tillverkade i Sverige<\/li>\n<\/ul>\n<p><strong>Reztarts HEALTH produkter<\/strong>\u00a0\u00e4r framtagna f\u00f6r att passa alla \u00e5ldrar oavsett fysisk aktivitet. Det \u00e4r ett n\u00e4ringsrikt mellanm\u00e5l som erbjuder en perfekt balans av protein, fiber och viktiga n\u00e4rings\u00e4mnen som i sin tur st\u00f6der en h\u00e4lsosammare livsstil. Med naturliga ingredienser och vetenskapligt bevisade f\u00f6rdelar ger\u00a0<strong>Reztart<\/strong>\u00a0dig den energi du beh\u00f6ver f\u00f6r att klara av dagens utmaningar, samtidigt som de hj\u00e4lper till att stabilisera blodsockerniv\u00e5n och bek\u00e4mpa osunda vanor. Perfekt som ett snabbt mellanm\u00e5l eller som ett komplement till dina m\u00e5ltider.<\/p>\n<p><strong>Reztart Pulvershake finns i tv\u00e5 olika f\u00f6rpackningsalternativ i smakerna Vanilj, Jordgubb samt Choklad<\/strong><br \/>\n<strong>Big Bag 500 g- <\/strong>\u00a027 portioner \/ p\u00e5se<br \/>\n<strong>Portionsp\u00e5sar 252 g &#8211; <\/strong>14 portioner \/ l\u00e5da<\/p>\n","protected":false},"excerpt":{"rendered":"<p>Reztart HEALTH Jordgubbsshake \u00e4r en funktionell pulvershake med tydlig smak av Jordgubb. Den \u00e4r rik p\u00e5 protein och fibrer och passar perfekt som ett snabbt, balanserat mellanm\u00e5l f\u00f6r dagens alla mellanrum.<\/p>\n","protected":false},"featured_media":48594,"comment_status":"open","ping_status":"closed","template":"","meta":{"_acf_changed":false},"product_brand":[],"product_cat":[69],"product_tag":[],"product-badges":[],"class_list":{"0":"post-48568","1":"product","2":"type-product","3":"status-publish","4":"has-post-thumbnail","6":"product_cat-proteindryck","8":"first","9":"instock","10":"taxable","11":"shipping-taxable","12":"purchasable","13":"product-type-simple"},"acf":[],"_links":{"self":[{"href":"https:\/\/www.reztart.com\/sv\/wp-json\/wp\/v2\/product\/48568","targetHints":{"allow":["GET"]}}],"collection":[{"href":"https:\/\/www.reztart.com\/sv\/wp-json\/wp\/v2\/product"}],"about":[{"href":"https:\/\/www.reztart.com\/sv\/wp-json\/wp\/v2\/types\/product"}],"replies":[{"embeddable":true,"href":"https:\/\/www.reztart.com\/sv\/wp-json\/wp\/v2\/comments?post=48568"}],"wp:featuredmedia":[{"embeddable":true,"href":"https:\/\/www.reztart.com\/sv\/wp-json\/wp\/v2\/media\/48594"}],"wp:attachment":[{"href":"https:\/\/www.reztart.com\/sv\/wp-json\/wp\/v2\/media?parent=48568"}],"wp:term":[{"taxonomy":"product_brand","embeddable":true,"href":"https:\/\/www.reztart.com\/sv\/wp-json\/wp\/v2\/product_brand?post=48568"},{"taxonomy":"product_cat","embeddable":true,"href":"https:\/\/www.reztart.com\/sv\/wp-json\/wp\/v2\/product_cat?post=48568"},{"taxonomy":"product_tag","embeddable":true,"href":"https:\/\/www.reztart.com\/sv\/wp-json\/wp\/v2\/product_tag?post=48568"},{"taxonomy":"product-badges","embeddable":true,"href":"https:\/\/www.reztart.com\/sv\/wp-json\/wp\/v2\/product-badges?post=48568"}],"curies":[{"name":"wp","href":"https:\/\/api.w.org\/{rel}","templated":true}]}}