{"id":48480,"date":"2025-10-02T15:00:20","date_gmt":"2025-10-02T13:00:20","guid":{"rendered":"https:\/\/www.reztart.com\/?post_type=product&#038;p=48480"},"modified":"2026-04-13T21:28:56","modified_gmt":"2026-04-13T19:28:56","slug":"reztart-proteinbar-med-ngc-med-smak-av-choklad-43-g","status":"publish","type":"product","link":"https:\/\/www.reztart.com\/sv\/produkt\/reztart-proteinbar-med-ngc-med-smak-av-choklad-43-g\/","title":{"rendered":"Reztart Proteinbar med NGC\u00ae, med smak av Choklad, 43 g"},"content":{"rendered":"<p>Reztart Proteinbar med NGC\u00ae, med smak av Choklad, 43 g<\/p>\n<p><strong>Reztarts bars \u2013 n\u00e4ring som g\u00f6r skillnad!<\/strong><\/p>\n<p data-start=\"243\" data-end=\"526\">Reztarts bars \u00e4r n\u00e4ringsrika mellanm\u00e5l berikade med n\u00e4ringsmixen NGC\u00ae. Produkterna \u00e4r tillverkade av naturliga ingredienser och har en l\u00e5g glykemisk belastning. Det h\u00f6ga inneh\u00e5llet av protein och fiber bidrar till ett stabilare blodsocker och en \u00f6kad m\u00e4ttnadsk\u00e4nsla.<\/p>\n<p data-start=\"528\" data-end=\"553\"><strong data-start=\"528\" data-end=\"553\">F\u00f6rdelar med Reztart:<\/strong><\/p>\n<ul>\n<li data-start=\"556\" data-end=\"573\">Naturlig n\u00e4ring<\/li>\n<li data-start=\"556\" data-end=\"573\">Rika p\u00e5 Protein och Fibrer<\/li>\n<li data-start=\"675\" data-end=\"687\">Fria fr\u00e5n Gluten och N\u00f6tter<\/li>\n<li data-start=\"675\" data-end=\"687\">Fira fr\u00e5n Palmolja<\/li>\n<li data-start=\"675\" data-end=\"687\">Utan tillsatt socker<\/li>\n<li data-start=\"675\" data-end=\"687\">L\u00e5gt GI<\/li>\n<li data-start=\"690\" data-end=\"713\">Tillverkade i Sverige<\/li>\n<\/ul>\n<p><strong>Reztart bars ger dig:<\/strong><\/p>\n<ul>\n<li data-start=\"576\" data-end=\"589\">\u00d6kad energi<\/li>\n<li data-start=\"592\" data-end=\"614\">Stabilare blodsocker<\/li>\n<li data-start=\"617\" data-end=\"633\">Minskat s\u00f6tsug<\/li>\n<li data-start=\"617\" data-end=\"633\">L\u00e5ngvarig m\u00e4ttnadsk\u00e4nsla<\/li>\n<li data-start=\"636\" data-end=\"672\">\u00d6kad kontroll \u00f6ver osunda matvanor<\/li>\n<\/ul>\n<p data-start=\"715\" data-end=\"921\">Reztarts produkter \u00e4r utvecklade f\u00f6r att passa alla \u2013 oavsett \u00e5lder eller aktivitetsniv\u00e5. De erbjuder en balanserad kombination av protein, fiber och viktiga n\u00e4rings\u00e4mnen som st\u00f6djer en h\u00e4lsosam livsstil.<\/p>\n<p data-start=\"923\" data-end=\"1131\">Med naturliga ingredienser och vetenskapligt dokumenterade f\u00f6rdelar ger Reztart dig den energi du beh\u00f6ver f\u00f6r att m\u00f6ta dagens utmaningar \u2013 samtidigt som blodsockret stabiliseras och s\u00f6tsuget h\u00e5lls i schack.<\/p>\n<p data-start=\"1133\" data-end=\"1212\"><strong data-start=\"1133\" data-end=\"1212\">Reztart \u2013 ett enkelt s\u00e4tt att h\u00e5lla dig m\u00e4tt och energifylld, var du \u00e4n \u00e4r.<\/strong><\/p>\n","protected":false},"excerpt":{"rendered":"<p>Reztart Chokladbar \u00e4r en smakrik, mjuk och krispig proteinibar t\u00e4ckt i \u00e4kta m\u00f6rk choklad \u2013 ett perfekt mellanm\u00e5l f\u00f6r dig som \u00e4lskar choklad.<\/p>\n","protected":false},"featured_media":48482,"comment_status":"open","ping_status":"closed","template":"","meta":{"_acf_changed":false},"product_brand":[],"product_cat":[68],"product_tag":[],"product-badges":[],"class_list":{"0":"post-48480","1":"product","2":"type-product","3":"status-publish","4":"has-post-thumbnail","6":"product_cat-bars","8":"first","9":"instock","10":"taxable","11":"shipping-taxable","12":"purchasable","13":"product-type-simple"},"acf":[],"_links":{"self":[{"href":"https:\/\/www.reztart.com\/sv\/wp-json\/wp\/v2\/product\/48480","targetHints":{"allow":["GET"]}}],"collection":[{"href":"https:\/\/www.reztart.com\/sv\/wp-json\/wp\/v2\/product"}],"about":[{"href":"https:\/\/www.reztart.com\/sv\/wp-json\/wp\/v2\/types\/product"}],"replies":[{"embeddable":true,"href":"https:\/\/www.reztart.com\/sv\/wp-json\/wp\/v2\/comments?post=48480"}],"wp:featuredmedia":[{"embeddable":true,"href":"https:\/\/www.reztart.com\/sv\/wp-json\/wp\/v2\/media\/48482"}],"wp:attachment":[{"href":"https:\/\/www.reztart.com\/sv\/wp-json\/wp\/v2\/media?parent=48480"}],"wp:term":[{"taxonomy":"product_brand","embeddable":true,"href":"https:\/\/www.reztart.com\/sv\/wp-json\/wp\/v2\/product_brand?post=48480"},{"taxonomy":"product_cat","embeddable":true,"href":"https:\/\/www.reztart.com\/sv\/wp-json\/wp\/v2\/product_cat?post=48480"},{"taxonomy":"product_tag","embeddable":true,"href":"https:\/\/www.reztart.com\/sv\/wp-json\/wp\/v2\/product_tag?post=48480"},{"taxonomy":"product-badges","embeddable":true,"href":"https:\/\/www.reztart.com\/sv\/wp-json\/wp\/v2\/product-badges?post=48480"}],"curies":[{"name":"wp","href":"https:\/\/api.w.org\/{rel}","templated":true}]}}