{"id":48468,"date":"2025-10-02T15:00:21","date_gmt":"2025-10-02T13:00:21","guid":{"rendered":"https:\/\/www.reztart.com\/?post_type=product&#038;p=48468"},"modified":"2026-04-06T20:33:05","modified_gmt":"2026-04-06T18:33:05","slug":"reztart-proteinbar-med-ngc-med-smak-av-blabar-43-g","status":"publish","type":"product","link":"https:\/\/www.reztart.com\/sv\/produkt\/reztart-proteinbar-med-ngc-med-smak-av-blabar-43-g\/","title":{"rendered":"Reztart Proteinbar med NGC\u00ae, med smak av Bl\u00e5b\u00e4r, 43 g"},"content":{"rendered":"<p>Reztart Bl\u00e5b\u00e4rsbar, 43 g.<\/p>\n<p><strong>Reztarts bars \u2013 n\u00e4ring som g\u00f6r skillnad<\/strong><\/p>\n<p data-start=\"243\" data-end=\"526\">Reztarts bars \u00e4r n\u00e4ringsrika mellanm\u00e5l berikade med n\u00e4ringsmixen NGC\u00ae. Produkterna \u00e4r tillverkade av naturliga ingredienser och har en l\u00e5g glykemisk belastning. Det h\u00f6ga inneh\u00e5llet av protein och fiber bidrar till ett stabilare blodsocker och en \u00f6kad m\u00e4ttnadsk\u00e4nsla.<\/p>\n<p data-start=\"528\" data-end=\"553\"><strong data-start=\"528\" data-end=\"553\">F\u00f6rdelar med Reztart:<\/strong><\/p>\n<ul data-start=\"554\" data-end=\"713\">\n<li data-start=\"554\" data-end=\"573\">\n<p data-start=\"556\" data-end=\"573\">Naturlig n\u00e4ring<\/p>\n<\/li>\n<li data-start=\"574\" data-end=\"589\">\n<p data-start=\"576\" data-end=\"589\">\u00d6kad energi<\/p>\n<\/li>\n<li data-start=\"590\" data-end=\"614\">\n<p data-start=\"592\" data-end=\"614\">Stabilare blodsocker<\/p>\n<\/li>\n<li data-start=\"615\" data-end=\"633\">\n<p data-start=\"617\" data-end=\"633\">Minskat s\u00f6tsug<\/p>\n<\/li>\n<li data-start=\"634\" data-end=\"672\">\n<p data-start=\"636\" data-end=\"672\">\u00d6kad kontroll \u00f6ver osunda matvanor<\/p>\n<\/li>\n<li data-start=\"673\" data-end=\"687\">\n<p data-start=\"675\" data-end=\"687\">Glutenfria<\/p>\n<\/li>\n<li data-start=\"688\" data-end=\"713\">\n<p data-start=\"690\" data-end=\"713\">Tillverkade i Sverige<\/p>\n<\/li>\n<\/ul>\n<p data-start=\"715\" data-end=\"921\">Reztarts produkter \u00e4r utvecklade f\u00f6r att passa alla \u2013 oavsett \u00e5lder eller aktivitetsniv\u00e5. De erbjuder en balanserad kombination av protein, fiber och viktiga n\u00e4rings\u00e4mnen som st\u00f6djer en h\u00e4lsosam livsstil.<\/p>\n<p data-start=\"923\" data-end=\"1131\">Med naturliga ingredienser och vetenskapligt dokumenterade f\u00f6rdelar ger Reztart dig den energi du beh\u00f6ver f\u00f6r att m\u00f6ta dagens utmaningar \u2013 samtidigt som blodsockret stabiliseras och s\u00f6tsuget h\u00e5lls i schack.<\/p>\n<p data-start=\"1133\" data-end=\"1212\"><strong data-start=\"1133\" data-end=\"1212\">Reztart \u2013 ett enkelt s\u00e4tt att h\u00e5lla dig m\u00e4tt och energifylld, var du \u00e4n \u00e4r.<\/strong><\/p>\n","protected":false},"excerpt":{"rendered":"<p>Reztart Bl\u00e5b\u00e4r \u00e4r en protein- och fiberrik mellanm\u00e5lsbar med NGC\u00ae\u00a0 Det \u00e4r en smakrik och mjuk proteinbar med krispig textur och bitar av riktiga bl\u00e5b\u00e4r \u2013 perfekt som ett snabbt och gott mellanm\u00e5l.<\/p>\n","protected":false},"featured_media":48470,"comment_status":"open","ping_status":"closed","template":"","meta":{"_acf_changed":false},"product_brand":[],"product_cat":[68],"product_tag":[],"product-badges":[],"class_list":{"0":"post-48468","1":"product","2":"type-product","3":"status-publish","4":"has-post-thumbnail","6":"product_cat-bars","8":"first","9":"instock","10":"taxable","11":"shipping-taxable","12":"purchasable","13":"product-type-simple"},"acf":[],"_links":{"self":[{"href":"https:\/\/www.reztart.com\/sv\/wp-json\/wp\/v2\/product\/48468","targetHints":{"allow":["GET"]}}],"collection":[{"href":"https:\/\/www.reztart.com\/sv\/wp-json\/wp\/v2\/product"}],"about":[{"href":"https:\/\/www.reztart.com\/sv\/wp-json\/wp\/v2\/types\/product"}],"replies":[{"embeddable":true,"href":"https:\/\/www.reztart.com\/sv\/wp-json\/wp\/v2\/comments?post=48468"}],"wp:featuredmedia":[{"embeddable":true,"href":"https:\/\/www.reztart.com\/sv\/wp-json\/wp\/v2\/media\/48470"}],"wp:attachment":[{"href":"https:\/\/www.reztart.com\/sv\/wp-json\/wp\/v2\/media?parent=48468"}],"wp:term":[{"taxonomy":"product_brand","embeddable":true,"href":"https:\/\/www.reztart.com\/sv\/wp-json\/wp\/v2\/product_brand?post=48468"},{"taxonomy":"product_cat","embeddable":true,"href":"https:\/\/www.reztart.com\/sv\/wp-json\/wp\/v2\/product_cat?post=48468"},{"taxonomy":"product_tag","embeddable":true,"href":"https:\/\/www.reztart.com\/sv\/wp-json\/wp\/v2\/product_tag?post=48468"},{"taxonomy":"product-badges","embeddable":true,"href":"https:\/\/www.reztart.com\/sv\/wp-json\/wp\/v2\/product-badges?post=48468"}],"curies":[{"name":"wp","href":"https:\/\/api.w.org\/{rel}","templated":true}]}}