{"id":1900,"date":"2025-05-13T16:08:53","date_gmt":"2025-05-13T14:08:53","guid":{"rendered":"https:\/\/www.reztart.com\/?post_type=product&#038;p=1900"},"modified":"2025-12-01T06:52:43","modified_gmt":"2025-12-01T05:52:43","slug":"reztart-shaker-termosmugg-300-ml","status":"publish","type":"product","link":"https:\/\/www.reztart.com\/sv\/produkt\/reztart-shaker-termosmugg-300-ml\/","title":{"rendered":"Reztart shaker\/termosmugg 300 ml"},"content":{"rendered":"<ul>\n<li>Fyll med vatten, tills\u00e4tt din favoritpulvershake fr\u00e5n Reztart, skaka om och njut.<\/li>\n<li>Shakerns storlek <strong>300 ml<\/strong>.<\/li>\n<li>Termosen har dubbelv\u00e4ggad konstruktion med en l\u00e4ckagefri pip.<\/li>\n<li>H\u00e5ller dryckerna <strong>varma upp till 3 timmar<\/strong> eller <strong>kalla upp till 6 timmar<\/strong>.<\/li>\n<li>Produkten \u00e4r enkel att anv\u00e4nda och l\u00e4tt att diska.<\/li>\n<li>Ta med din termosmugg \u00f6verallt.<\/li>\n<\/ul>\n","protected":false},"excerpt":{"rendered":"<p>Din b\u00e4sta dagliga f\u00f6ljeslagare som passar din livsstil.<\/p>\n","protected":false},"featured_media":45618,"comment_status":"open","ping_status":"closed","template":"","meta":{"_acf_changed":false},"product_brand":[],"product_cat":[69],"product_tag":[],"product-badges":[],"class_list":{"0":"post-1900","1":"product","2":"type-product","3":"status-publish","4":"has-post-thumbnail","6":"product_cat-proteindryck","8":"first","9":"instock","10":"taxable","11":"shipping-taxable","12":"purchasable","13":"product-type-simple"},"acf":[],"_links":{"self":[{"href":"https:\/\/www.reztart.com\/sv\/wp-json\/wp\/v2\/product\/1900","targetHints":{"allow":["GET"]}}],"collection":[{"href":"https:\/\/www.reztart.com\/sv\/wp-json\/wp\/v2\/product"}],"about":[{"href":"https:\/\/www.reztart.com\/sv\/wp-json\/wp\/v2\/types\/product"}],"replies":[{"embeddable":true,"href":"https:\/\/www.reztart.com\/sv\/wp-json\/wp\/v2\/comments?post=1900"}],"wp:featuredmedia":[{"embeddable":true,"href":"https:\/\/www.reztart.com\/sv\/wp-json\/wp\/v2\/media\/45618"}],"wp:attachment":[{"href":"https:\/\/www.reztart.com\/sv\/wp-json\/wp\/v2\/media?parent=1900"}],"wp:term":[{"taxonomy":"product_brand","embeddable":true,"href":"https:\/\/www.reztart.com\/sv\/wp-json\/wp\/v2\/product_brand?post=1900"},{"taxonomy":"product_cat","embeddable":true,"href":"https:\/\/www.reztart.com\/sv\/wp-json\/wp\/v2\/product_cat?post=1900"},{"taxonomy":"product_tag","embeddable":true,"href":"https:\/\/www.reztart.com\/sv\/wp-json\/wp\/v2\/product_tag?post=1900"},{"taxonomy":"product-badges","embeddable":true,"href":"https:\/\/www.reztart.com\/sv\/wp-json\/wp\/v2\/product-badges?post=1900"}],"curies":[{"name":"wp","href":"https:\/\/api.w.org\/{rel}","templated":true}]}}