{"id":1895,"date":"2025-05-13T16:07:28","date_gmt":"2025-05-13T14:07:28","guid":{"rendered":"https:\/\/www.reztart.com\/?post_type=product&#038;p=1895"},"modified":"2026-04-10T15:50:07","modified_gmt":"2026-04-10T13:50:07","slug":"pulvershake-vanilj-fit","status":"publish","type":"product","link":"https:\/\/www.reztart.com\/sv\/produkt\/pulvershake-vanilj-fit\/","title":{"rendered":"Pulvershake med Glucomannan och NGC\u00ae, med smak av Vanilj"},"content":{"rendered":"<p><strong>Reztart Pulvershake Vanilj FIT <\/strong>best\u00e5r av 14 portionsp\u00e5sar \u00e0 18 g.<\/p>\n<p><strong>Reztart Shake FIT<\/strong>\u00a0inneh\u00e5ller Glucomannan, en h\u00f6gkvalitativ kostfiber som utvinns fr\u00e5n konjakroten. Denna naturliga ingrediens \u00e4r effektiv f\u00f6r att bibeh\u00e5lla en h\u00e4lsosam vikt. Genom att expandera i magen bidrar Glucomannan till en \u00f6kad k\u00e4nsla av m\u00e4ttnad, vilket minskar aptiten och hj\u00e4lper dig att kontrollera \u00f6verdrivet matintag. Rekommenderat intag \u00e4r 1\u20133 portioner per dag ca. 30 minuter innan m\u00e5ltid. Reztart FIT \u00e4r inte en m\u00e5ltidsers\u00e4ttning utan ett komplement till en h\u00e4lsosam och varierad kost.<\/p>\n<ul>\n<li>Protein \u2013 7 g per portion\/18 g<\/li>\n<li>Fiber \u2013 2 g per portion\/18 g<\/li>\n<li>Kalorier 70 kcal per portion\/18 g blandad med vatten<\/li>\n<li>Naturlig N\u00e4ring fr\u00e5n vassle, speciella Omega3- Omega6 \u00e4gg, \u00e4rtor, nypon, sockerbetor och \u00e4pple<\/li>\n<li>Inget tillsatt socker &#8211; S\u00f6tad med Sucralos<\/li>\n<li>Fri fr\u00e5n gluten<\/li>\n<li>Tillverkade i Sverige<\/li>\n<\/ul>\n<p><strong>Reztarts produkter<\/strong> \u00e4r framtagna f\u00f6r att passa alla \u00e5ldrar oavsett fysisk aktivitet. Det \u00e4r ett n\u00e4ringsrikt mellanm\u00e5l som erbjuder en perfekt balans av protein, fiber och viktiga n\u00e4rings\u00e4mnen som i sin tur st\u00f6der en h\u00e4lsosam livsstil. Med naturliga ingredienser och vetenskapligt bevisade f\u00f6rdelar ger <strong>Reztart<\/strong>\u00a0dig den energi du beh\u00f6ver f\u00f6r att klara av dagens utmaningar, samtidigt som de hj\u00e4lper till att stabilisera blodsockerniv\u00e5n och bek\u00e4mpa osunda vanor. Perfekt som ett snabbt mellanm\u00e5l eller som ett komplement till dina m\u00e5ltider.<\/p>\n<p><strong>Reztart<\/strong> g\u00f6r det enkelt att h\u00e5lla dig m\u00e4tt och energifylld, var du \u00e4n befinner dig.<\/p>\n","protected":false},"excerpt":{"rendered":"<p>Reztart Vaniljshake FIT \u00e4r en balanserad och m\u00e4ttande shake med len vaniljsmak, berikad med glucomannan som bidrar till viktkontroll vid energibegr\u00e4nsad kost. Perfekt som ett smart mellanm\u00e5l eller som en del av en aktiv livsstil.<\/p>\n","protected":false},"featured_media":47761,"comment_status":"open","ping_status":"closed","template":"","meta":{"_acf_changed":false},"product_brand":[],"product_cat":[150,69],"product_tag":[],"product-badges":[],"class_list":{"0":"post-1895","1":"product","2":"type-product","3":"status-publish","4":"has-post-thumbnail","6":"product_cat-box","7":"product_cat-proteindryck","9":"first","10":"instock","11":"taxable","12":"shipping-taxable","13":"purchasable","14":"product-type-simple"},"acf":[],"_links":{"self":[{"href":"https:\/\/www.reztart.com\/sv\/wp-json\/wp\/v2\/product\/1895","targetHints":{"allow":["GET"]}}],"collection":[{"href":"https:\/\/www.reztart.com\/sv\/wp-json\/wp\/v2\/product"}],"about":[{"href":"https:\/\/www.reztart.com\/sv\/wp-json\/wp\/v2\/types\/product"}],"replies":[{"embeddable":true,"href":"https:\/\/www.reztart.com\/sv\/wp-json\/wp\/v2\/comments?post=1895"}],"wp:featuredmedia":[{"embeddable":true,"href":"https:\/\/www.reztart.com\/sv\/wp-json\/wp\/v2\/media\/47761"}],"wp:attachment":[{"href":"https:\/\/www.reztart.com\/sv\/wp-json\/wp\/v2\/media?parent=1895"}],"wp:term":[{"taxonomy":"product_brand","embeddable":true,"href":"https:\/\/www.reztart.com\/sv\/wp-json\/wp\/v2\/product_brand?post=1895"},{"taxonomy":"product_cat","embeddable":true,"href":"https:\/\/www.reztart.com\/sv\/wp-json\/wp\/v2\/product_cat?post=1895"},{"taxonomy":"product_tag","embeddable":true,"href":"https:\/\/www.reztart.com\/sv\/wp-json\/wp\/v2\/product_tag?post=1895"},{"taxonomy":"product-badges","embeddable":true,"href":"https:\/\/www.reztart.com\/sv\/wp-json\/wp\/v2\/product-badges?post=1895"}],"curies":[{"name":"wp","href":"https:\/\/api.w.org\/{rel}","templated":true}]}}