{"id":578,"date":"2025-02-27T16:26:16","date_gmt":"2025-02-27T15:26:16","guid":{"rendered":"https:\/\/www.reztart.com\/?page_id=578"},"modified":"2025-06-12T10:14:47","modified_gmt":"2025-06-12T08:14:47","slug":"registrera-konto","status":"publish","type":"page","link":"https:\/\/www.reztart.com\/sv\/mitt-konto\/registrera-konto\/","title":{"rendered":"Registrera konto"},"content":{"rendered":"\n<section class=\"qt-section container-xs is-style-woo-login-form\" style=\"padding-top:var(--wp--preset--spacing--xxl);padding-bottom:var(--wp--preset--spacing--xxl)\"><div class=\"qt-section__inner grid grid-col-1\">\n<div class=\"qt-container is-horizontally-aligned-center has-background\" style=\"background-color:#FFFFFF\">\n<h2 class=\"wp-block-heading\">Registrera konto<\/h2>\n\n\n\n<form method=\"post\" class=\"woocommerce-form woocommerce-form-register register\">\n\n\t\t\t\n\t\t\t\n\t\t\t<p class=\"woocommerce-form-row woocommerce-form-row--wide form-row form-row-wide\">\n\t\t\t\t<label for=\"reg_email\">E-postadress\u00a0<span class=\"required\" aria-hidden=\"true\">*<\/span><span class=\"screen-reader-text\">Obligatoriskt<\/span><\/label>\n\t\t\t\t<input type=\"email\" class=\"woocommerce-Input woocommerce-Input--text input-text\" name=\"email\" id=\"reg_email\" autocomplete=\"email\" value=\"\" required aria-required=\"true\">\t\t\t<\/p>\n\n\t\t\t\n\t\t\t\t<p>En l\u00e4nk f\u00f6r att st\u00e4lla in ett nytt l\u00f6senord kommer att skickas till din e-postadress.<\/p>\n\n\t\t\t\n\t\t\t<p class=\"form-row \" id=\"user_newsletter_field\" data-priority=\"\"><span class=\"woocommerce-input-wrapper\"><label class=\"checkbox \"><input type=\"checkbox\" name=\"user_newsletter\" id=\"user_newsletter\" value=\"1\" class=\"input-checkbox \"> Subscribe to newsletter\u00a0<span class=\"optional\">(valfritt)<\/span><\/label><\/span><\/p><wc-order-attribution-inputs><\/wc-order-attribution-inputs><div class=\"woocommerce-privacy-policy-text\"><\/div>\n\t\t\t<p class=\"woocommerce-form-row form-row\">\n\t\t\t\t<input type=\"hidden\" id=\"woocommerce-register-nonce\" name=\"woocommerce-register-nonce\" value=\"3aac8880ac\"><input type=\"hidden\" name=\"_wp_http_referer\" value=\"\/sv\/wp-json\/wp\/v2\/pages\/578\">\t\t\t\t<button type=\"submit\" class=\"woocommerce-Button woocommerce-button button wp-element-button woocommerce-form-register__submit\" name=\"register\" value=\"Registrera\">Registrera<\/button>\n\t\t\t<\/p>\n\n\t\t\t\n\t\t<\/form>\n<\/div>\n<\/div><\/section>\n","protected":false},"excerpt":{"rendered":"","protected":false},"author":5,"featured_media":0,"parent":30,"menu_order":0,"comment_status":"closed","ping_status":"closed","template":"page-no-breadcrumbs","meta":{"_acf_changed":false,"footnotes":""},"class_list":["post-578","page","type-page","status-publish","hentry"],"acf":[],"_links":{"self":[{"href":"https:\/\/www.reztart.com\/sv\/wp-json\/wp\/v2\/pages\/578","targetHints":{"allow":["GET"]}}],"collection":[{"href":"https:\/\/www.reztart.com\/sv\/wp-json\/wp\/v2\/pages"}],"about":[{"href":"https:\/\/www.reztart.com\/sv\/wp-json\/wp\/v2\/types\/page"}],"author":[{"embeddable":true,"href":"https:\/\/www.reztart.com\/sv\/wp-json\/wp\/v2\/users\/5"}],"replies":[{"embeddable":true,"href":"https:\/\/www.reztart.com\/sv\/wp-json\/wp\/v2\/comments?post=578"}],"version-history":[{"count":1,"href":"https:\/\/www.reztart.com\/sv\/wp-json\/wp\/v2\/pages\/578\/revisions"}],"predecessor-version":[{"id":47198,"href":"https:\/\/www.reztart.com\/sv\/wp-json\/wp\/v2\/pages\/578\/revisions\/47198"}],"up":[{"embeddable":true,"href":"https:\/\/www.reztart.com\/sv\/wp-json\/wp\/v2\/pages\/30"}],"wp:attachment":[{"href":"https:\/\/www.reztart.com\/sv\/wp-json\/wp\/v2\/media?parent=578"}],"curies":[{"name":"wp","href":"https:\/\/api.w.org\/{rel}","templated":true}]}}