{"id":49613,"date":"2026-04-22T12:02:24","date_gmt":"2026-04-22T10:02:24","guid":{"rendered":"https:\/\/www.reztart.com\/?page_id=49613"},"modified":"2026-04-22T14:44:21","modified_gmt":"2026-04-22T12:44:21","slug":"aterforsaljare","status":"publish","type":"page","link":"https:\/\/www.reztart.com\/sv\/aterforsaljare\/","title":{"rendered":"\u00c5terf\u00f6rs\u00e4ljare"},"content":{"rendered":"\n<section class=\"qt-section container-default\"><div class=\"qt-section__inner grid grid-col-1\">\n<div class=\"qt-container container-s is-vertically-aligned-center is-horizontally-aligned-center is-style-text-column\">\n<h1 class=\"wp-block-heading has-text-align-center\">Vill du bli \u00e5terf\u00f6rs\u00e4ljare av Reztart?<\/h1>\n\n\n\n<p class=\"has-text-align-center\">Vi finns i dag p\u00e5 utvalda gym, paddelhallar, golfklubbar, idrottsf\u00f6reningar, kontor och livsmedelsbutiker.<br>Vill du som \u00e5terf\u00f6rs\u00e4ljare b\u00f6rja s\u00e4lja Reztart kan du kontakta oss via nedanst\u00e5ende e-postadress, s\u00e5 \u00e5terkopplar vi till dig inom kort.<\/p>\n\n\n\n<p class=\"has-text-align-center\"><a href=\"mailto:info@reztart.se\" target=\"_blank\" rel=\"noreferrer noopener\">info@reztart.se<\/a><\/p>\n<\/div>\n<\/div><\/section>\n\n\n\n<div class=\"wp-block-columns are-vertically-aligned-center is-layout-flex wp-container-core-columns-is-layout-28f84493 wp-block-columns-is-layout-flex\">\n<div class=\"wp-block-column is-vertically-aligned-center is-layout-flow wp-block-column-is-layout-flow\" style=\"flex-basis:100%\">\n<figure class=\"wp-block-image aligncenter size-large\"><img loading=\"lazy\" decoding=\"async\" width=\"1400\" height=\"1400\" src=\"https:\/\/www.reztart.com\/wp-content\/uploads\/2025\/09\/PRODUKTBILDER-NYA-BARS-1-1-1400x1400.jpg\" alt=\"\" class=\"wp-image-48460\" srcset=\"https:\/\/www.reztart.com\/wp-content\/uploads\/2025\/09\/PRODUKTBILDER-NYA-BARS-1-1-1400x1400.jpg 1400w, https:\/\/www.reztart.com\/wp-content\/uploads\/2025\/09\/PRODUKTBILDER-NYA-BARS-1-1-1200x1200.jpg 1200w, https:\/\/www.reztart.com\/wp-content\/uploads\/2025\/09\/PRODUKTBILDER-NYA-BARS-1-1-800x800.jpg 800w, https:\/\/www.reztart.com\/wp-content\/uploads\/2025\/09\/PRODUKTBILDER-NYA-BARS-1-1-768x768.jpg 768w, https:\/\/www.reztart.com\/wp-content\/uploads\/2025\/09\/PRODUKTBILDER-NYA-BARS-1-1-1536x1536.jpg 1536w, https:\/\/www.reztart.com\/wp-content\/uploads\/2025\/09\/PRODUKTBILDER-NYA-BARS-1-1-2048x2048.jpg 2048w, https:\/\/www.reztart.com\/wp-content\/uploads\/2025\/09\/PRODUKTBILDER-NYA-BARS-1-1-400x400.jpg 400w, https:\/\/www.reztart.com\/wp-content\/uploads\/2025\/09\/PRODUKTBILDER-NYA-BARS-1-1-300x300.jpg 300w, https:\/\/www.reztart.com\/wp-content\/uploads\/2025\/09\/PRODUKTBILDER-NYA-BARS-1-1-600x600.jpg 600w, https:\/\/www.reztart.com\/wp-content\/uploads\/2025\/09\/PRODUKTBILDER-NYA-BARS-1-1-100x100.jpg 100w\" sizes=\"auto, (max-width: 1400px) 100vw, 1400px\" \/><\/figure>\n<\/div>\n<\/div>\n","protected":false},"excerpt":{"rendered":"","protected":false},"author":13,"featured_media":0,"parent":0,"menu_order":0,"comment_status":"closed","ping_status":"closed","template":"","meta":{"_acf_changed":false,"footnotes":""},"class_list":["post-49613","page","type-page","status-publish","hentry"],"acf":[],"_links":{"self":[{"href":"https:\/\/www.reztart.com\/sv\/wp-json\/wp\/v2\/pages\/49613","targetHints":{"allow":["GET"]}}],"collection":[{"href":"https:\/\/www.reztart.com\/sv\/wp-json\/wp\/v2\/pages"}],"about":[{"href":"https:\/\/www.reztart.com\/sv\/wp-json\/wp\/v2\/types\/page"}],"author":[{"embeddable":true,"href":"https:\/\/www.reztart.com\/sv\/wp-json\/wp\/v2\/users\/13"}],"replies":[{"embeddable":true,"href":"https:\/\/www.reztart.com\/sv\/wp-json\/wp\/v2\/comments?post=49613"}],"version-history":[{"count":7,"href":"https:\/\/www.reztart.com\/sv\/wp-json\/wp\/v2\/pages\/49613\/revisions"}],"predecessor-version":[{"id":49648,"href":"https:\/\/www.reztart.com\/sv\/wp-json\/wp\/v2\/pages\/49613\/revisions\/49648"}],"wp:attachment":[{"href":"https:\/\/www.reztart.com\/sv\/wp-json\/wp\/v2\/media?parent=49613"}],"curies":[{"name":"wp","href":"https:\/\/api.w.org\/{rel}","templated":true}]}}