{"id":49582,"date":"2025-06-26T11:22:33","date_gmt":"2025-06-26T09:22:33","guid":{"rendered":"https:\/\/www.reztart.com\/?page_id=49582"},"modified":"2026-04-16T15:06:15","modified_gmt":"2026-04-16T13:06:15","slug":"missa-inget","status":"publish","type":"page","link":"https:\/\/www.reztart.com\/sv\/missa-inget\/","title":{"rendered":"Missa INGET!!"},"content":{"rendered":"\n<p>Genom att registrera dig via det nedanst\u00e5ende formul\u00e4ret kan du vara s\u00e4ker p\u00e5 att du \u00e4r bland de f\u00f6rsta som f\u00e5r v\u00e5ra erbjudanden och f\u00f6rst med att se v\u00e5ra nyheter. Du missar INGET!<br>Vi ser fram emot att ha dig med p\u00e5 resan, TACK f\u00f6r att du v\u00e4ljer Reztart!<\/p>\n\n\n\n<p>&lt;div class=&#8221;klaviyo-form-TAuTZH&#8221;>&lt;\/div><\/p>\n","protected":false},"excerpt":{"rendered":"<p>Genom att registrera dig via det nedanst\u00e5ende formul\u00e4ret kan du vara s\u00e4ker p\u00e5 att du \u00e4r bland de f\u00f6rsta som f\u00e5r v\u00e5ra erbjudanden och f\u00f6rst med att se v\u00e5ra nyheter. Du missar INGET!Vi ser fram emot att ha dig med p\u00e5 resan, TACK f\u00f6r att du v\u00e4ljer Reztart! &lt;div class=&#8221;klaviyo-form-TAuTZH&#8221;>&lt;\/div><\/p>\n","protected":false},"author":13,"featured_media":0,"parent":0,"menu_order":0,"comment_status":"closed","ping_status":"closed","template":"","meta":{"_acf_changed":false,"footnotes":""},"class_list":["post-49582","page","type-page","status-publish","hentry"],"acf":[],"_links":{"self":[{"href":"https:\/\/www.reztart.com\/sv\/wp-json\/wp\/v2\/pages\/49582","targetHints":{"allow":["GET"]}}],"collection":[{"href":"https:\/\/www.reztart.com\/sv\/wp-json\/wp\/v2\/pages"}],"about":[{"href":"https:\/\/www.reztart.com\/sv\/wp-json\/wp\/v2\/types\/page"}],"author":[{"embeddable":true,"href":"https:\/\/www.reztart.com\/sv\/wp-json\/wp\/v2\/users\/13"}],"replies":[{"embeddable":true,"href":"https:\/\/www.reztart.com\/sv\/wp-json\/wp\/v2\/comments?post=49582"}],"version-history":[{"count":2,"href":"https:\/\/www.reztart.com\/sv\/wp-json\/wp\/v2\/pages\/49582\/revisions"}],"predecessor-version":[{"id":49585,"href":"https:\/\/www.reztart.com\/sv\/wp-json\/wp\/v2\/pages\/49582\/revisions\/49585"}],"wp:attachment":[{"href":"https:\/\/www.reztart.com\/sv\/wp-json\/wp\/v2\/media?parent=49582"}],"curies":[{"name":"wp","href":"https:\/\/api.w.org\/{rel}","templated":true}]}}