{"id":485,"date":"2025-02-26T12:58:59","date_gmt":"2025-02-26T11:58:59","guid":{"rendered":"https:\/\/www.reztart.com\/?page_id=485"},"modified":"2026-04-01T11:35:23","modified_gmt":"2026-04-01T09:35:23","slug":"varfor-reztart","status":"publish","type":"page","link":"https:\/\/www.reztart.com\/sv\/varfor-reztart\/","title":{"rendered":"Varf\u00f6r Reztart?"},"content":{"rendered":"\n<section class=\"qt-section container-default\"><div class=\"qt-section__inner grid grid-col-1\">\n<div class=\"qt-container container-m\">\n<h1 class=\"wp-block-heading\">Varf\u00f6r Reztart?<\/h1>\n\n\n\n<p>Varje produkt inneh\u00e5ller en portion NGC\u00ae \u2013 En unik n\u00e4ringsmix framtagen av l\u00e4kare f\u00f6r att ge dig:<\/p>\n\n\n\n<ul class=\"wp-block-list\">\n<li>Naturlig n\u00e4ring<\/li>\n\n\n\n<li>L\u00e5ngvarig energi<\/li>\n\n\n\n<li>Stabilare blodsocker<\/li>\n\n\n\n<li>Minskat s\u00f6tsug<\/li>\n\n\n\n<li>\u00d6kad kontroll \u00f6ver osunda matvanor<\/li>\n<\/ul>\n\n\n\n<div class=\"wp-block-buttons is-layout-flex wp-block-buttons-is-layout-flex\">\n<div class=\"wp-block-button\"><a class=\"wp-block-button__link wp-element-button\" href=\"https:\/\/www.reztart.com\/sv\/nutritional-glycemic-control\/\">L\u00e4r dig mer om NGC\u00ae<\/a><\/div>\n<\/div>\n<\/div>\n<\/div><\/section>\n\n\n\n<section class=\"qt-section container-default\"><div class=\"qt-section__inner grid grid-col-1\">\n<div class=\"qt-container is-horizontally-stretched\">\n<figure class=\"wp-block-image size-medium\"><img loading=\"lazy\" decoding=\"async\" width=\"1200\" height=\"800\" src=\"https:\/\/www.reztart.com\/wp-content\/uploads\/2025\/06\/reztart-vanilj-fit-shake-1200x800.jpg\" alt=\"Reztart Vanilj Fit proteinshake \u2013 n\u00e4ringsdryck med vaniljsmak i glas, tillsammans med f\u00f6rpackning, bar och shaker.\" class=\"wp-image-45928\" style=\"aspect-ratio:16\/9;object-fit:cover\" srcset=\"https:\/\/www.reztart.com\/wp-content\/uploads\/2025\/06\/reztart-vanilj-fit-shake-1200x800.jpg 1200w, https:\/\/www.reztart.com\/wp-content\/uploads\/2025\/06\/reztart-vanilj-fit-shake-300x200.jpg 300w, https:\/\/www.reztart.com\/wp-content\/uploads\/2025\/06\/reztart-vanilj-fit-shake-600x400.jpg 600w, https:\/\/www.reztart.com\/wp-content\/uploads\/2025\/06\/reztart-vanilj-fit-shake-800x533.jpg 800w, https:\/\/www.reztart.com\/wp-content\/uploads\/2025\/06\/reztart-vanilj-fit-shake-768x512.jpg 768w, https:\/\/www.reztart.com\/wp-content\/uploads\/2025\/06\/reztart-vanilj-fit-shake-400x267.jpg 400w, https:\/\/www.reztart.com\/wp-content\/uploads\/2025\/06\/reztart-vanilj-fit-shake.jpg 1400w\" sizes=\"auto, (max-width: 1200px) 100vw, 1200px\" \/><\/figure>\n<\/div>\n<\/div><\/section>\n\n\n\n<section class=\"qt-section container-default\"><div class=\"qt-section__inner grid grid-col-2\">\n<div class=\"qt-container is-style-image-column\">\n<figure class=\"wp-block-image size-thumbnail\"><img loading=\"lazy\" decoding=\"async\" width=\"800\" height=\"800\" src=\"https:\/\/www.reztart.com\/wp-content\/uploads\/2025\/09\/PRODUKTBILDER-NYA-BARS-1-1-800x800.jpg\" alt=\"\" class=\"wp-image-48460\" style=\"aspect-ratio:1;object-fit:cover\" srcset=\"https:\/\/www.reztart.com\/wp-content\/uploads\/2025\/09\/PRODUKTBILDER-NYA-BARS-1-1-800x800.jpg 800w, https:\/\/www.reztart.com\/wp-content\/uploads\/2025\/09\/PRODUKTBILDER-NYA-BARS-1-1-1200x1200.jpg 1200w, https:\/\/www.reztart.com\/wp-content\/uploads\/2025\/09\/PRODUKTBILDER-NYA-BARS-1-1-1400x1400.jpg 1400w, https:\/\/www.reztart.com\/wp-content\/uploads\/2025\/09\/PRODUKTBILDER-NYA-BARS-1-1-768x768.jpg 768w, https:\/\/www.reztart.com\/wp-content\/uploads\/2025\/09\/PRODUKTBILDER-NYA-BARS-1-1-1536x1536.jpg 1536w, https:\/\/www.reztart.com\/wp-content\/uploads\/2025\/09\/PRODUKTBILDER-NYA-BARS-1-1-2048x2048.jpg 2048w, https:\/\/www.reztart.com\/wp-content\/uploads\/2025\/09\/PRODUKTBILDER-NYA-BARS-1-1-400x400.jpg 400w, https:\/\/www.reztart.com\/wp-content\/uploads\/2025\/09\/PRODUKTBILDER-NYA-BARS-1-1-300x300.jpg 300w, https:\/\/www.reztart.com\/wp-content\/uploads\/2025\/09\/PRODUKTBILDER-NYA-BARS-1-1-600x600.jpg 600w, https:\/\/www.reztart.com\/wp-content\/uploads\/2025\/09\/PRODUKTBILDER-NYA-BARS-1-1-100x100.jpg 100w\" sizes=\"auto, (max-width: 800px) 100vw, 800px\" \/><\/figure>\n<\/div>\n\n\n\n<div class=\"qt-container is-vertically-aligned-center is-style-text-column\">\n<h2 class=\"wp-block-heading is-style-eyebrow\">Mellanm\u00e5l med l\u00e5gt GI<\/h2>\n\n\n\n<p>Reztart&nbsp;som mellanm\u00e5l bidrar till en \u00f6kad m\u00e4ttnadsk\u00e4nsla och hj\u00e4lper dig att h\u00e5lla energiniv\u00e5n stabil tack vare sitt rika inneh\u00e5ll av protein och fibrer. Genom att \u00e4ta&nbsp;Reztart&nbsp;mellan huvudm\u00e5ltiderna kan du l\u00e4ttare kontrollera ditt matintag och slippa den tr\u00f6tthet som ofta kommer efter en m\u00e5ltid. Detta beror p\u00e5 att&nbsp;Reztart har&nbsp;en l\u00e5g glykemisk belastning viket hj\u00e4lper dig att balansera ditt&nbsp; blodsocker.<\/p>\n\n\n\n<p>Reztart FIT&nbsp;hj\u00e4lper dig att bibeh\u00e5lla eller uppn\u00e5 en h\u00e4lsosam vikt. Dess h\u00f6ga fiberinneh\u00e5ll och l\u00e5ga glykemiska belastning hj\u00e4lper dig att undvika \u00f6verdrivet matintag och on\u00f6digt sm\u00e5\u00e4tande.<\/p>\n\n\n\n<div class=\"wp-block-buttons is-layout-flex wp-block-buttons-is-layout-flex\">\n<div class=\"wp-block-button\"><a class=\"wp-block-button__link wp-element-button\" href=\"https:\/\/www.reztart.com\/produkter\/\">K\u00f6p Reztart idag<\/a><\/div>\n<\/div>\n<\/div>\n<\/div><\/section>\n\n\n\n<section class=\"qt-section container-default\"><div class=\"qt-section__inner grid grid-col-2\">\n<div class=\"qt-container is-vertically-aligned-center is-style-text-column\">\n<h2 class=\"wp-block-heading is-style-eyebrow\">Naturliga ingredienser<\/h2>\n\n\n\n<p>Reztart&nbsp;pulvershakes och bars \u00e4r fiber- och proteinrika och inneh\u00e5ller rikligt med kvalitetsingredienser fr\u00e5n n\u00e4ringsmixen NGC\u00ae.<\/p>\n\n\n\n<p>Alla&nbsp;Reztart&nbsp;bars och pulvershakes inneh\u00e5ller en portion NGC\u00ae, en n\u00e4ringsmix framtagen av l\u00e4kare att l\u00f6sa ett vardagsproblem som r\u00f6r oss alla: att f\u00e5 i oss m\u00e5nga av de n\u00e4rings\u00e4mnen vi beh\u00f6ver och hj\u00e4lpa till att&nbsp; bek\u00e4mpa tr\u00f6tthet och andra&nbsp; h\u00e4lsoproblem som beror p\u00e5 fel kostvanor.<\/p>\n\n\n\n<p>Blandningen inneh\u00e5ller nypon, \u00e4pplen, \u00e4rtor, fibrer fr\u00e5n sockerbeta, vassle och speciella Omega3-Omega6 \u00e4gg fr\u00e5n frig\u00e5ende h\u00f6ns.<\/p>\n\n\n\n<div class=\"wp-block-buttons is-layout-flex wp-block-buttons-is-layout-flex\">\n<div class=\"wp-block-button\"><a class=\"wp-block-button__link wp-element-button\" href=\"https:\/\/www.reztart.com\/sv\/nutritional-glycemic-control\/\">Ta del av vetenskap och forskning<\/a><\/div>\n<\/div>\n<\/div>\n\n\n\n<div class=\"qt-container is-style-image-column\">\n<figure class=\"wp-block-image size-full\"><img loading=\"lazy\" decoding=\"async\" width=\"736\" height=\"735\" src=\"https:\/\/www.reztart.com\/wp-content\/uploads\/2025\/07\/NGC-logotype_NY.png\" alt=\"\" class=\"wp-image-47406\" style=\"aspect-ratio:1;object-fit:cover\" srcset=\"https:\/\/www.reztart.com\/wp-content\/uploads\/2025\/07\/NGC-logotype_NY.png 736w, https:\/\/www.reztart.com\/wp-content\/uploads\/2025\/07\/NGC-logotype_NY-400x400.png 400w, https:\/\/www.reztart.com\/wp-content\/uploads\/2025\/07\/NGC-logotype_NY-300x300.png 300w, https:\/\/www.reztart.com\/wp-content\/uploads\/2025\/07\/NGC-logotype_NY-600x599.png 600w, https:\/\/www.reztart.com\/wp-content\/uploads\/2025\/07\/NGC-logotype_NY-100x100.png 100w\" sizes=\"auto, (max-width: 736px) 100vw, 736px\" \/><\/figure>\n<\/div>\n<\/div><\/section>\n\n\n\n<section class=\"qt-section container-default has-background has-black-background-color\" style=\"background-color:#2D2926\"><div class=\"qt-section__inner grid grid-col-1\">\n<div class=\"qt-container container-s is-horizontally-aligned-left\">\n<h2 class=\"wp-block-heading has-white-color has-text-color has-link-color wp-elements-960ad16ff1e20b443d70c1a676b93fa1\">Naturligt mellanm\u00e5l fullt med n\u00e4ring och energi<\/h2>\n\n\n\n<p class=\"has-white-color has-text-color has-link-color wp-elements-b15ce4846e77b5dd80bfc7609252c8c6\">Reztarts protein- och fiberrika bars och shakes \u00e4r framtagna f\u00f6r att ge kroppen det den beh\u00f6ver \u2013 snabbt och enkelt. Med den unika n\u00e4ringsmixen NGC\u00ae f\u00e5r du st\u00f6d att g\u00f6ra b\u00e4ttre val i vardagen.<\/p>\n<\/div>\n\n\n\n<div class=\"qt-container\">\n<section class=\"qt-section container-default\"><div class=\"qt-section__inner grid grid-col-3\">\n<div class=\"qt-container\">\n<figure class=\"wp-block-image size-thumbnail\"><img loading=\"lazy\" decoding=\"async\" width=\"800\" height=\"800\" src=\"https:\/\/www.reztart.com\/wp-content\/uploads\/2025\/06\/stabilt-blodsocker-mer-energi-800x800.jpg\" alt=\"En kvinna med l\u00e5ngt h\u00e5r med ryggs\u00e4ck hoppar i luften vid en sj\u00f6. Tr\u00e4d syns i bakgrunden. Kvinnan uttrycker gl\u00e4dje och energi.\" class=\"wp-image-45945\" style=\"aspect-ratio:1;object-fit:cover\" srcset=\"https:\/\/www.reztart.com\/wp-content\/uploads\/2025\/06\/stabilt-blodsocker-mer-energi-800x800.jpg 800w, https:\/\/www.reztart.com\/wp-content\/uploads\/2025\/06\/stabilt-blodsocker-mer-energi-300x300.jpg 300w, https:\/\/www.reztart.com\/wp-content\/uploads\/2025\/06\/stabilt-blodsocker-mer-energi-100x100.jpg 100w, https:\/\/www.reztart.com\/wp-content\/uploads\/2025\/06\/stabilt-blodsocker-mer-energi-600x600.jpg 600w, https:\/\/www.reztart.com\/wp-content\/uploads\/2025\/06\/stabilt-blodsocker-mer-energi-768x768.jpg 768w, https:\/\/www.reztart.com\/wp-content\/uploads\/2025\/06\/stabilt-blodsocker-mer-energi-400x400.jpg 400w, https:\/\/www.reztart.com\/wp-content\/uploads\/2025\/06\/stabilt-blodsocker-mer-energi.jpg 1200w\" sizes=\"auto, (max-width: 800px) 100vw, 800px\" \/><\/figure>\n\n\n\n<h3 class=\"wp-block-heading has-white-color has-text-color has-link-color wp-elements-7c3a8798e20499d4360b9769d536a5ab\">Stabilt blodsocker<\/h3>\n\n\n\n<p class=\"has-white-color has-text-color has-link-color wp-elements-1eb19e24454ba78584dae0e2c00a4bb3\">Produkterna har en l\u00e5g glykemisk belastning, vilket hj\u00e4lper till att h\u00e5lla ditt blodsocker stabilt under dagen och ger j\u00e4mnare energi.<\/p>\n<\/div>\n\n\n\n<div class=\"qt-container\">\n<figure class=\"wp-block-image size-thumbnail\"><img loading=\"lazy\" decoding=\"async\" width=\"800\" height=\"800\" src=\"https:\/\/www.reztart.com\/wp-content\/uploads\/2025\/09\/18-800x800.jpg\" alt=\"\" class=\"wp-image-48387\" style=\"aspect-ratio:1;object-fit:cover\" srcset=\"https:\/\/www.reztart.com\/wp-content\/uploads\/2025\/09\/18-800x800.jpg 800w, https:\/\/www.reztart.com\/wp-content\/uploads\/2025\/09\/18-1200x1200.jpg 1200w, https:\/\/www.reztart.com\/wp-content\/uploads\/2025\/09\/18-1400x1400.jpg 1400w, https:\/\/www.reztart.com\/wp-content\/uploads\/2025\/09\/18-768x768.jpg 768w, https:\/\/www.reztart.com\/wp-content\/uploads\/2025\/09\/18-1536x1536.jpg 1536w, https:\/\/www.reztart.com\/wp-content\/uploads\/2025\/09\/18-2048x2048.jpg 2048w, https:\/\/www.reztart.com\/wp-content\/uploads\/2025\/09\/18-400x400.jpg 400w, https:\/\/www.reztart.com\/wp-content\/uploads\/2025\/09\/18-300x300.jpg 300w, https:\/\/www.reztart.com\/wp-content\/uploads\/2025\/09\/18-600x600.jpg 600w, https:\/\/www.reztart.com\/wp-content\/uploads\/2025\/09\/18-100x100.jpg 100w\" sizes=\"auto, (max-width: 800px) 100vw, 800px\" \/><\/figure>\n\n\n\n<h3 class=\"wp-block-heading has-white-color has-text-color has-link-color wp-elements-613fe6628ed2717506a08193478f2db1\">H\u00f6gt fiberinneh\u00e5ll<\/h3>\n\n\n\n<p class=\"has-white-color has-text-color has-link-color wp-elements-cc9823d188e43bda4fdfc4c3d960122c\">Bidrar till att f\u00f6rebygga fiberbrist. En bar inneh\u00e5ller upp till 7,2 gram fiber \u2013 mer \u00e4n m\u00e4ngden i tv\u00e5 skivor fullkornsbr\u00f6d.<\/p>\n<\/div>\n\n\n\n<div class=\"qt-container\">\n<figure class=\"wp-block-image size-thumbnail\"><img loading=\"lazy\" decoding=\"async\" width=\"800\" height=\"800\" src=\"https:\/\/www.reztart.com\/wp-content\/uploads\/2025\/12\/PRODUKTBILDER-NYA-BARS--800x800.jpg\" alt=\"\" class=\"wp-image-48780\" style=\"aspect-ratio:1;object-fit:cover\" srcset=\"https:\/\/www.reztart.com\/wp-content\/uploads\/2025\/12\/PRODUKTBILDER-NYA-BARS--800x800.jpg 800w, https:\/\/www.reztart.com\/wp-content\/uploads\/2025\/12\/PRODUKTBILDER-NYA-BARS--1200x1200.jpg 1200w, https:\/\/www.reztart.com\/wp-content\/uploads\/2025\/12\/PRODUKTBILDER-NYA-BARS--1400x1400.jpg 1400w, https:\/\/www.reztart.com\/wp-content\/uploads\/2025\/12\/PRODUKTBILDER-NYA-BARS--768x768.jpg 768w, https:\/\/www.reztart.com\/wp-content\/uploads\/2025\/12\/PRODUKTBILDER-NYA-BARS--1536x1536.jpg 1536w, https:\/\/www.reztart.com\/wp-content\/uploads\/2025\/12\/PRODUKTBILDER-NYA-BARS--2048x2048.jpg 2048w, https:\/\/www.reztart.com\/wp-content\/uploads\/2025\/12\/PRODUKTBILDER-NYA-BARS--400x400.jpg 400w, https:\/\/www.reztart.com\/wp-content\/uploads\/2025\/12\/PRODUKTBILDER-NYA-BARS--300x300.jpg 300w, https:\/\/www.reztart.com\/wp-content\/uploads\/2025\/12\/PRODUKTBILDER-NYA-BARS--600x600.jpg 600w, https:\/\/www.reztart.com\/wp-content\/uploads\/2025\/12\/PRODUKTBILDER-NYA-BARS--100x100.jpg 100w\" sizes=\"auto, (max-width: 800px) 100vw, 800px\" \/><\/figure>\n\n\n\n<h3 class=\"wp-block-heading has-white-color has-text-color has-link-color wp-elements-135df8e938a79ca56c9d0d3674e52fd9\">Unik n\u00e4ringsblandning<\/h3>\n\n\n\n<p class=\"has-white-color has-text-color has-link-color wp-elements-2344c5aafdb0babb2b57d0c1727dc501\">Alla Reztart-produkter inneh\u00e5ller NGC\u00ae n\u00e4ringsmix \u2013 en unik, innovativ och vetenskapligt bevisad blandning som st\u00f6djer dig i att g\u00f6ra smarta val varje dag.<\/p>\n<\/div>\n<\/div><\/section>\n<\/div>\n<\/div><\/section>\n\n\n\n<section class=\"qt-section container-default\"><div class=\"qt-section__inner grid grid-col-2\">\n<div class=\"qt-container is-style-image-column\">\n<figure class=\"wp-block-image size-thumbnail\"><img loading=\"lazy\" decoding=\"async\" width=\"800\" height=\"571\" src=\"https:\/\/www.reztart.com\/wp-content\/uploads\/2025\/06\/reztart-shaker-natur-800x571.jpg\" alt=\"Man kl\u00e4dd i khaki tr\u00f6ja och olivgr\u00f6na byxor h\u00e5ller i en svart Reztart-shaker. En Reztart-p\u00e5se sticker fram ur bakfickan.\" class=\"wp-image-45941\" style=\"aspect-ratio:1;object-fit:cover\" srcset=\"https:\/\/www.reztart.com\/wp-content\/uploads\/2025\/06\/reztart-shaker-natur-800x571.jpg 800w, https:\/\/www.reztart.com\/wp-content\/uploads\/2025\/06\/reztart-shaker-natur-300x214.jpg 300w, https:\/\/www.reztart.com\/wp-content\/uploads\/2025\/06\/reztart-shaker-natur-600x429.jpg 600w, https:\/\/www.reztart.com\/wp-content\/uploads\/2025\/06\/reztart-shaker-natur-1200x857.jpg 1200w, https:\/\/www.reztart.com\/wp-content\/uploads\/2025\/06\/reztart-shaker-natur-768x549.jpg 768w, https:\/\/www.reztart.com\/wp-content\/uploads\/2025\/06\/reztart-shaker-natur-400x286.jpg 400w, https:\/\/www.reztart.com\/wp-content\/uploads\/2025\/06\/reztart-shaker-natur.jpg 1400w\" sizes=\"auto, (max-width: 800px) 100vw, 800px\" \/><\/figure>\n<\/div>\n\n\n\n<div class=\"qt-container is-vertically-aligned-center is-style-text-column\">\n<h2 class=\"wp-block-heading is-style-eyebrow\">S\u00e5 anv\u00e4nder du Reztart<\/h2>\n\n\n\n<p>Reztartsptodukter \u00e4r framtagna med din h\u00e4lsa i fokus. Oavsett \u00e5lder och fysisk aktivitet ger Reztart dig kontrollen att g\u00f6ra smartare val i vardagen.<\/p>\n\n\n\n<ul class=\"wp-block-list\">\n<li>F\u00f6r optimal effekt b\u00f6r Reztarts produkter konsumeras mellan dina huvudm\u00e5ltider.<\/li>\n\n\n\n<li>Vi rekommenderar 1-3 portioner per dag beroende p\u00e5 ditt n\u00e4ringsbehov.<\/li>\n\n\n\n<li>Drick rikligt med vatten i samband med att du konsumerar Reztats produkter.<\/li>\n<\/ul>\n\n\n\n<p>Reztarts produkter ers\u00e4tter inte en varierad kost. Det \u00e4r viktigt med en m\u00e5ngsidig och balanserad kost samt en h\u00e4lsosam livsstil.<\/p>\n\n\n\n<div class=\"wp-block-buttons is-layout-flex wp-block-buttons-is-layout-flex\">\n<div class=\"wp-block-button\"><a class=\"wp-block-button__link wp-element-button\" href=\"https:\/\/www.reztart.com\/hitta-din-reztart\/\">Hitta din Reztart<\/a><\/div>\n<\/div>\n<\/div>\n<\/div><\/section>\n\n\n\n<section class=\"qt-section container-default is-style-stacked-boxes\"><div class=\"qt-section__inner grid grid-col-2 has-background has-black-background-color\" style=\"background-color:#2D2926\">\n<div class=\"qt-container is-vertically-aligned-center is-horizontally-aligned-left is-style-text-column\">\n<h2 class=\"wp-block-heading has-white-color has-text-color has-link-color wp-elements-e0a013fb56cf32738ed16de64f14c4c5\">N\u00e4r du vill ha n\u00e5got gott \u2013 med naturligt och n\u00e4ringsrikt inneh\u00e5ll.<\/h2>\n\n\n\n<p class=\"has-white-color has-text-color has-link-color wp-elements-64a02b6392824eabe183969c81d6fdf3\">V\u00e5ra bars och shakes \u00e4r det perfekta mellanm\u00e5let f\u00f6r dig som vill unna dig utan att kompromissa med h\u00e4lsan. Ett riktigt bra mellanm\u00e5l helt enkelt. J\u00e4mn, l\u00e5ngvarig energi, \u00f6kad m\u00e4ttnad och minskat s\u00f6tsug.<\/p>\n\n\n\n<p>L\u00e4<\/p>\n\n\n\n<div class=\"wp-block-buttons is-layout-flex wp-block-buttons-is-layout-flex\">\n<div class=\"wp-block-button is-style-button-secondary\"><a class=\"wp-block-button__link wp-element-button\" href=\"https:\/\/www.reztart.com\/sv\/produkter\/\">K\u00d6P REZTART<\/a><\/div>\n<\/div>\n<\/div>\n\n\n\n<div class=\"qt-container is-style-image-column\">\n<figure class=\"wp-block-image size-medium\"><img loading=\"lazy\" decoding=\"async\" width=\"1200\" height=\"857\" src=\"https:\/\/www.reztart.com\/wp-content\/uploads\/2026\/04\/Why-Reztart-section-10-1200x857.jpg\" alt=\"\" class=\"wp-image-49486\" srcset=\"https:\/\/www.reztart.com\/wp-content\/uploads\/2026\/04\/Why-Reztart-section-10-1200x857.jpg 1200w, https:\/\/www.reztart.com\/wp-content\/uploads\/2026\/04\/Why-Reztart-section-10-800x571.jpg 800w, https:\/\/www.reztart.com\/wp-content\/uploads\/2026\/04\/Why-Reztart-section-10-768x549.jpg 768w, https:\/\/www.reztart.com\/wp-content\/uploads\/2026\/04\/Why-Reztart-section-10-400x286.jpg 400w, https:\/\/www.reztart.com\/wp-content\/uploads\/2026\/04\/Why-Reztart-section-10-300x214.jpg 300w, https:\/\/www.reztart.com\/wp-content\/uploads\/2026\/04\/Why-Reztart-section-10-600x429.jpg 600w, https:\/\/www.reztart.com\/wp-content\/uploads\/2026\/04\/Why-Reztart-section-10.jpg 1400w\" sizes=\"auto, (max-width: 1200px) 100vw, 1200px\" \/><\/figure>\n<\/div>\n<\/div><\/section>\n","protected":false},"excerpt":{"rendered":"","protected":false},"author":5,"featured_media":0,"parent":0,"menu_order":0,"comment_status":"closed","ping_status":"closed","template":"","meta":{"_acf_changed":false,"footnotes":""},"class_list":["post-485","page","type-page","status-publish","hentry"],"acf":[],"_links":{"self":[{"href":"https:\/\/www.reztart.com\/sv\/wp-json\/wp\/v2\/pages\/485","targetHints":{"allow":["GET"]}}],"collection":[{"href":"https:\/\/www.reztart.com\/sv\/wp-json\/wp\/v2\/pages"}],"about":[{"href":"https:\/\/www.reztart.com\/sv\/wp-json\/wp\/v2\/types\/page"}],"author":[{"embeddable":true,"href":"https:\/\/www.reztart.com\/sv\/wp-json\/wp\/v2\/users\/5"}],"replies":[{"embeddable":true,"href":"https:\/\/www.reztart.com\/sv\/wp-json\/wp\/v2\/comments?post=485"}],"version-history":[{"count":17,"href":"https:\/\/www.reztart.com\/sv\/wp-json\/wp\/v2\/pages\/485\/revisions"}],"predecessor-version":[{"id":49490,"href":"https:\/\/www.reztart.com\/sv\/wp-json\/wp\/v2\/pages\/485\/revisions\/49490"}],"wp:attachment":[{"href":"https:\/\/www.reztart.com\/sv\/wp-json\/wp\/v2\/media?parent=485"}],"curies":[{"name":"wp","href":"https:\/\/api.w.org\/{rel}","templated":true}]}}