{"id":47561,"date":"2025-06-26T09:44:02","date_gmt":"2025-06-26T07:44:02","guid":{"rendered":"https:\/\/www.reztart.com\/retseptid\/"},"modified":"2025-08-04T15:59:31","modified_gmt":"2025-08-04T13:59:31","slug":"recept","status":"publish","type":"page","link":"https:\/\/www.reztart.com\/sv\/recept\/","title":{"rendered":"Recept"},"content":{"rendered":"\n<section class=\"qt-section container-default\"><div class=\"qt-section__inner grid grid-col-1\">\n<div class=\"qt-container container-s\">\n<h1 class=\"wp-block-heading has-text-align-center\">Enkla recept<\/h1>\n\n\n\n<p class=\"has-text-align-center\">H\u00e4r har vi samlat enkla recept med Reztart pulvershake som bas, snabbt enkelt och gott \u00e4r tanken \ud83d\ude0a<br>N\u00e4ringsrika mellanm\u00e5l som ger dig l\u00e5ngvarig energi samt hj\u00e4lper dig att stabilisera ditt blodsocker. \u00c4r magen glad, \u00e4r m\u00e4nniskan glad!<\/p>\n\n\n\n<div class=\"wp-block-buttons is-content-justification-center is-layout-flex wp-container-core-buttons-is-layout-a89b3969 wp-block-buttons-is-layout-flex\">\n<div class=\"wp-block-button\"><a class=\"wp-block-button__link wp-element-button\" href=\"https:\/\/www.reztart.com\/sv\/products\/proteindryck\/\">K\u00f6p Reztart pulvershake<\/a><\/div>\n<\/div>\n<\/div>\n<\/div><\/section>\n\n\n\n<section class=\"qt-section container-default\"><div class=\"qt-section__inner grid grid-col-1\">\n<div class=\"qt-container\">\n<section class=\"qt-section container-default\"><div class=\"qt-section__inner grid grid-col-1\">\n<div class=\"qt-container\">\n\n<div class=\"recipes grid grid-col-3\">\n\t\n<a class=\"card recipe\" href=\"https:\/\/www.reztart.com\/sv\/recept\/amerikansk-pannkakor-berikade-med-reztart-pulvershake-vanilj-%f0%9f%a5%9e\/\" title=\"Amerikansk pannkakor- berikade med Reztart pulvershake vanilj \ud83e\udd5e\">\n\t<div class=\"card__image\">\n\t\t<figure class=\"wp-block-image\">\n\t\t\t<img loading=\"lazy\" decoding=\"async\" width=\"800\" height=\"800\" src=\"https:\/\/www.reztart.com\/wp-content\/uploads\/2025\/08\/73-800x800.jpg\" class=\"attachment-thumbnail size-thumbnail wp-post-image\" alt=\"\" \/>\t\t<\/figure>\n\t<\/div>\n\t\n\t<div class=\"card__content\">\n\t\t<p class=\"recipe__title\">Amerikansk pannkakor- berikade med Reztart pulvershake vanilj \ud83e\udd5e<\/p>\n\t<\/div>\n<\/a>\n\n<a class=\"card recipe\" href=\"https:\/\/www.reztart.com\/sv\/recept\/berry-bang-smoothie\/\" title=\"Berry Bang Smoothie\">\n\t<div class=\"card__image\">\n\t\t<figure class=\"wp-block-image\">\n\t\t\t<img loading=\"lazy\" decoding=\"async\" width=\"800\" height=\"571\" src=\"https:\/\/www.reztart.com\/wp-content\/uploads\/2025\/08\/Why-Reztart-section-2-800x571.jpg\" class=\"attachment-thumbnail size-thumbnail wp-post-image\" alt=\"\" \/>\t\t<\/figure>\n\t<\/div>\n\t\n\t<div class=\"card__content\">\n\t\t<p class=\"recipe__title\">Berry Bang Smoothie<\/p>\n\t<\/div>\n<\/a>\n\n<a class=\"card recipe\" href=\"https:\/\/www.reztart.com\/sv\/recept\/blueberry-pie-smoothie\/\" title=\"Blueberry Pie Smoothie\">\n\t<div class=\"card__image\">\n\t\t<figure class=\"wp-block-image\">\n\t\t\t<img loading=\"lazy\" decoding=\"async\" width=\"800\" height=\"588\" src=\"https:\/\/www.reztart.com\/wp-content\/uploads\/2025\/08\/mustika-1-800x588.png\" class=\"attachment-thumbnail size-thumbnail wp-post-image\" alt=\"\" \/>\t\t<\/figure>\n\t<\/div>\n\t\n\t<div class=\"card__content\">\n\t\t<p class=\"recipe__title\">Blueberry Pie Smoothie<\/p>\n\t<\/div>\n<\/a>\n\n<a class=\"card recipe\" href=\"https:\/\/www.reztart.com\/sv\/recept\/dalgona-coffe-med-en-tvist\/\" title=\"Dalgona coffee med en tvist.\">\n\t<div class=\"card__image\">\n\t\t<figure class=\"wp-block-image\">\n\t\t\t<img loading=\"lazy\" decoding=\"async\" width=\"800\" height=\"571\" src=\"https:\/\/www.reztart.com\/wp-content\/uploads\/2025\/08\/Why-Reztart-section-1-800x571.jpg\" class=\"attachment-thumbnail size-thumbnail wp-post-image\" alt=\"\" \/>\t\t<\/figure>\n\t<\/div>\n\t\n\t<div class=\"card__content\">\n\t\t<p class=\"recipe__title\">Dalgona coffee med en tvist.<\/p>\n\t<\/div>\n<\/a>\n\n<a class=\"card recipe\" href=\"https:\/\/www.reztart.com\/sv\/recept\/gron-smoothie\/\" title=\"Gr\u00f6naste Smoothien\">\n\t<div class=\"card__image\">\n\t\t<figure class=\"wp-block-image\">\n\t\t\t<img loading=\"lazy\" decoding=\"async\" width=\"704\" height=\"557\" src=\"https:\/\/www.reztart.com\/wp-content\/uploads\/2025\/08\/roheline-1.jpg\" class=\"attachment-thumbnail size-thumbnail wp-post-image\" alt=\"\" \/>\t\t<\/figure>\n\t<\/div>\n\t\n\t<div class=\"card__content\">\n\t\t<p class=\"recipe__title\">Gr\u00f6naste Smoothien<\/p>\n\t<\/div>\n<\/a>\n\n<a class=\"card recipe\" href=\"https:\/\/www.reztart.com\/sv\/recept\/mango-smoothie-med-grekisk-youhurt\/\" title=\"Mango smoothie med grekisk youhurt\">\n\t<div class=\"card__image\">\n\t\t<figure class=\"wp-block-image\">\n\t\t\t<img loading=\"lazy\" decoding=\"async\" width=\"787\" height=\"564\" src=\"https:\/\/www.reztart.com\/wp-content\/uploads\/2025\/08\/mango.jpg\" class=\"attachment-thumbnail size-thumbnail wp-post-image\" alt=\"\" \/>\t\t<\/figure>\n\t<\/div>\n\t\n\t<div class=\"card__content\">\n\t\t<p class=\"recipe__title\">Mango smoothie med grekisk youhurt<\/p>\n\t<\/div>\n<\/a>\n\n<a class=\"card recipe\" href=\"https:\/\/www.reztart.com\/sv\/recept\/notig-bananaskid-shake\/\" title=\"N\u00f6tig Bananaskid Shake\">\n\t<div class=\"card__image\">\n\t\t<figure class=\"wp-block-image\">\n\t\t\t<img loading=\"lazy\" decoding=\"async\" width=\"800\" height=\"800\" src=\"https:\/\/www.reztart.com\/wp-content\/uploads\/2025\/05\/32-800x800.jpg\" class=\"attachment-thumbnail size-thumbnail wp-post-image\" alt=\"\" \/>\t\t<\/figure>\n\t<\/div>\n\t\n\t<div class=\"card__content\">\n\t\t<p class=\"recipe__title\">N\u00f6tig Bananaskid Shake<\/p>\n\t<\/div>\n<\/a>\n<\/div>\n\n<\/div>\n<\/div><\/section>\n<\/div>\n<\/div><\/section>\n\n\n\n<section class=\"qt-section container-default is-style-stacked-boxes\"><div class=\"qt-section__inner grid grid-col-2 has-background has-black-background-color\" style=\"background-color:#2D2926\">\n<div class=\"qt-container is-style-image-column\">\n<figure class=\"wp-block-image size-medium\"><img loading=\"lazy\" decoding=\"async\" width=\"1200\" height=\"857\" src=\"https:\/\/www.reztart.com\/wp-content\/uploads\/2025\/06\/reztart-bar-1200x857.jpg\" alt=\"Reztart bar\" class=\"wp-image-47255\" srcset=\"https:\/\/www.reztart.com\/wp-content\/uploads\/2025\/06\/reztart-bar-1200x857.jpg 1200w, https:\/\/www.reztart.com\/wp-content\/uploads\/2025\/06\/reztart-bar-300x214.jpg 300w, https:\/\/www.reztart.com\/wp-content\/uploads\/2025\/06\/reztart-bar-600x429.jpg 600w, https:\/\/www.reztart.com\/wp-content\/uploads\/2025\/06\/reztart-bar-800x571.jpg 800w, https:\/\/www.reztart.com\/wp-content\/uploads\/2025\/06\/reztart-bar-768x549.jpg 768w, https:\/\/www.reztart.com\/wp-content\/uploads\/2025\/06\/reztart-bar-400x286.jpg 400w, https:\/\/www.reztart.com\/wp-content\/uploads\/2025\/06\/reztart-bar.jpg 1400w\" sizes=\"auto, (max-width: 1200px) 100vw, 1200px\" \/><\/figure>\n<\/div>\n\n\n\n<div class=\"qt-container is-vertically-aligned-center is-horizontally-aligned-left is-style-text-column\">\n<h2 class=\"wp-block-heading has-white-color has-text-color has-link-color wp-elements-e0a013fb56cf32738ed16de64f14c4c5\">N\u00e4r du vill ha n\u00e5got gott \u2013 med naturligt och n\u00e4ringsrikt inneh\u00e5ll.<\/h2>\n\n\n\n<p class=\"has-white-color has-text-color has-link-color wp-elements-5473c70f5ea767b99fb84144d95271cb\">V\u00e5ra bars och shakes \u00e4r det perfekta mellanm\u00e5let f\u00f6r dig som vill unna dig utan att kompromissa med h\u00e4lsan. Ett riktigt bra mellanm\u00e5l helt enkelt.<\/p>\n\n\n\n<div class=\"wp-block-buttons is-layout-flex wp-block-buttons-is-layout-flex\">\n<div class=\"wp-block-button is-style-button-secondary\"><a class=\"wp-block-button__link wp-element-button\" href=\"https:\/\/www.reztart.com\/sv\/produkter\/\">Utforska v\u00e5ra produkter<\/a><\/div>\n<\/div>\n<\/div>\n<\/div><\/section>\n","protected":false},"excerpt":{"rendered":"","protected":false},"author":5,"featured_media":0,"parent":0,"menu_order":0,"comment_status":"closed","ping_status":"closed","template":"","meta":{"_acf_changed":false,"footnotes":""},"class_list":["post-47561","page","type-page","status-publish","hentry"],"acf":[],"_links":{"self":[{"href":"https:\/\/www.reztart.com\/sv\/wp-json\/wp\/v2\/pages\/47561","targetHints":{"allow":["GET"]}}],"collection":[{"href":"https:\/\/www.reztart.com\/sv\/wp-json\/wp\/v2\/pages"}],"about":[{"href":"https:\/\/www.reztart.com\/sv\/wp-json\/wp\/v2\/types\/page"}],"author":[{"embeddable":true,"href":"https:\/\/www.reztart.com\/sv\/wp-json\/wp\/v2\/users\/5"}],"replies":[{"embeddable":true,"href":"https:\/\/www.reztart.com\/sv\/wp-json\/wp\/v2\/comments?post=47561"}],"version-history":[{"count":11,"href":"https:\/\/www.reztart.com\/sv\/wp-json\/wp\/v2\/pages\/47561\/revisions"}],"predecessor-version":[{"id":47622,"href":"https:\/\/www.reztart.com\/sv\/wp-json\/wp\/v2\/pages\/47561\/revisions\/47622"}],"wp:attachment":[{"href":"https:\/\/www.reztart.com\/sv\/wp-json\/wp\/v2\/media?parent=47561"}],"curies":[{"name":"wp","href":"https:\/\/api.w.org\/{rel}","templated":true}]}}