{"id":45673,"date":"2025-06-12T11:18:17","date_gmt":"2025-06-12T09:18:17","guid":{"rendered":"https:\/\/www.reztart.com\/?page_id=45673"},"modified":"2025-12-04T15:33:07","modified_gmt":"2025-12-04T14:33:07","slug":"lnatural-glycemic-control","status":"publish","type":"page","link":"https:\/\/www.reztart.com\/sv\/lnatural-glycemic-control\/","title":{"rendered":"NGC\u00ae"},"content":{"rendered":"\n<section class=\"qt-section container-default\"><div class=\"qt-section__inner grid grid-col-1\">\n<div class=\"qt-container container-m is-horizontally-aligned-center\">\n<h1 class=\"wp-block-heading\">NGC\u00ae \u2013 Natural Glycemic Control<\/h1>\n\n\n\n<p>Reztart har utvecklats av en grupp svenska l\u00e4kare med syftet att l\u00f6sa ett vardagsproblem som m\u00e5nga k\u00e4nner igen sig i \u2013 att f\u00e5 i sig r\u00e4tt n\u00e4ring och motverka tr\u00f6tthet och oh\u00e4lsa som ofta beror p\u00e5 obalanserade kostvanor.<\/p>\n\n\n\n<p>Alla Reztarts produkter inneh\u00e5ller den egenutvecklade n\u00e4ringsmixen NGC\u00ae, en sammans\u00e4ttning av naturliga n\u00e4rings\u00e4mnen fr\u00e5n bland annat torkade \u00e4pplen, nypon, sockerbetsfibrer, \u00e4rtor, omega-3- och omega-6-berikade \u00e4gg samt vassleprotein.<\/p>\n<\/div>\n<\/div><\/section>\n\n\n\n<section class=\"qt-section container-default\"><div class=\"qt-section__inner grid grid-col-2\">\n<div class=\"qt-container is-style-image-column\">\n<figure class=\"wp-block-gallery has-nested-images columns-default is-cropped wp-block-gallery-1 is-layout-flex wp-block-gallery-is-layout-flex\">\n<figure class=\"wp-block-image size-full\"><img loading=\"lazy\" decoding=\"async\" width=\"736\" height=\"735\" data-id=\"47406\" src=\"https:\/\/www.reztart.com\/wp-content\/uploads\/2025\/07\/NGC-logotype_NY.png\" alt=\"\" class=\"wp-image-47406\" style=\"aspect-ratio:1;object-fit:cover\" srcset=\"https:\/\/www.reztart.com\/wp-content\/uploads\/2025\/07\/NGC-logotype_NY.png 736w, https:\/\/www.reztart.com\/wp-content\/uploads\/2025\/07\/NGC-logotype_NY-400x400.png 400w, https:\/\/www.reztart.com\/wp-content\/uploads\/2025\/07\/NGC-logotype_NY-300x300.png 300w, https:\/\/www.reztart.com\/wp-content\/uploads\/2025\/07\/NGC-logotype_NY-600x599.png 600w, https:\/\/www.reztart.com\/wp-content\/uploads\/2025\/07\/NGC-logotype_NY-100x100.png 100w\" sizes=\"auto, (max-width: 736px) 100vw, 736px\" \/><\/figure>\n<\/figure>\n<\/div>\n\n\n\n<div class=\"qt-container is-vertically-aligned-center is-style-text-column\">\n<h2 class=\"wp-block-heading is-style-eyebrow\"><strong>Effekten av NGC\u00ae \u00e4r vetenskapligt bevisad<\/strong><\/h2>\n\n\n\n<p>NGC har testats i ett flertal mindre studier och sammanfattningsvis ges tydlig indikation p\u00e5 att NGC med sin sammans\u00e4ttning av n\u00e4rings\u00e4mnen har ett l\u00e5gt glykemiskt index, dvs inte ger h\u00f6ga blodsockerniv\u00e5er efter intag eller bidrar till \u201dtr\u00f6tthet efter m\u00e5ltid\u201d. <\/p>\n\n\n\n<p>Att uts\u00e4tta kroppen f\u00f6r h\u00f6ga blodsockerniv\u00e5er \u00e4r f\u00f6rknippat med h\u00e4lsorisk. NGC kan bidra till att minska s\u00e5dan risk. Studieresultaten indikerar ocks\u00e5 att inte bara s\u00e4nkning av blodsockerv\u00e4rden kan uppn\u00e5s med regelbunden anv\u00e4ndning av NGC utan \u00e4ven s\u00e4nkning av blodfetter, inflammationsparametrar och kroppsvikt.<\/p>\n\n\n\n<p>Vi har bedrivit kliniska unders\u00f6kningar, tester och produktutveckling i samarbete med internationella forskare och experter l\u00e4ngre \u00e4n sedan \u00e5r 2000. Vi har genomf\u00f6rt \u00f6ver 20 tester och unders\u00f6kningar, bl.a. 3 kliniska unders\u00f6kningar som har publicerats internationellt.<\/p>\n\n\n\n<div class=\"wp-block-buttons is-layout-flex wp-block-buttons-is-layout-flex\">\n<div class=\"wp-block-button\"><a class=\"wp-block-button__link wp-element-button\" href=\"https:\/\/indevex.com\/natural-glycemic-control\/\" target=\"_blank\" rel=\"noreferrer noopener nofollow\">L\u00e4s mer om NGC h\u00e4r<\/a><\/div>\n<\/div>\n<\/div>\n<\/div><\/section>\n\n\n\n<section class=\"qt-section container-m\"><div class=\"qt-section__inner grid grid-col-1\">\n<div class=\"qt-container is-style-default\">\n<h2 class=\"wp-block-heading\">Studie p\u00e5 graviditetsdiabetes<\/h2>\n\n\n\n<p>Gestational Diabetes Mellitus (GDM) betyder att diabetes uppst\u00e5r i samband med graviditet och medf\u00f6r h\u00e4lsorisker f\u00f6r b\u00e5de kvinna och barn. Inte minst p\u00e5 grund av att fostret\/barnet ofta blir mycket stort.<\/p>\n\n\n\n<p>En studie som genomf\u00f6rts med NGC p\u00e5 kvinnor med graviditetsdiabetes genomf\u00f6rdes s\u00e5 att NGC intogs en halv timme innan ordinarie m\u00e5ltid (frukost, lunch och middag). I kontrollgruppen gavs p\u00e5 motsvarande s\u00e4tt ett standardiserat mj\u00f6lkpulver innan respektive m\u00e5ltid. Samtliga deltagare fick dock g\u00e4ngse kostr\u00e5d f\u00f6r graviditetsdiabetiker.<\/p>\n\n\n\n<p>Studieresultatet visade att NGC-gruppen hade l\u00e4gre blodsockerniv\u00e5er efter m\u00e5ltid och visade en tendens till mindre f\u00f6delsevikt f\u00f6r barnen.<\/p>\n\n\n\n<p><em>Li L, Xu J, Zhu W, Fan R, Bai Q, Huang C, Liu J, Li Z, Sederholm M, Norstedt G, Wang J. Effect of a macronutrient preload on blood glucose level and pregnancy outcome in gestational diabetes. J Clin Transl Endocrinol. 2016 May 16;5:36-41.<\/em><\/p>\n\n\n\n<div class=\"wp-block-buttons is-layout-flex wp-block-buttons-is-layout-flex\">\n<div class=\"wp-block-button\"><a class=\"wp-block-button__link wp-element-button\" href=\"https:\/\/pubmed.ncbi.nlm.nih.gov\/29067233\/\" target=\"_blank\" rel=\"noreferrer noopener nofollow\">L\u00e4s hela studien<\/a><\/div>\n<\/div>\n<\/div>\n<\/div><\/section>\n\n\n\n<section class=\"qt-section container-m\"><div class=\"qt-section__inner grid grid-col-1\">\n<div class=\"qt-container\">\n<h2 class=\"wp-block-heading\"><strong>Studie p\u00e5 typ 2 diabetes<\/strong><\/h2>\n\n\n\n<p>Typ 2 diabetes karakt\u00e4riseras av insulin-ok\u00e4nslighet, dvs brister i kroppens f\u00f6rm\u00e5ga att normalisera blodsocker. F\u00f6rh\u00f6jda blodsockerniv\u00e5er \u00e4r f\u00f6renat med v\u00e4lk\u00e4nda h\u00e4lsorisker (ffa hj\u00e4rt-k\u00e4rlsjukdom och \u00f6vervikt) och typ 2 diabetiker f\u00e5r vanligtvis kostr\u00e5d f\u00f6r att minska dessa risker, ofta kompletterad med l\u00e4kemedelsbehandling.<\/p>\n\n\n\n<p>En studie som genomf\u00f6rts med NGC p\u00e5 m\u00e4n och kvinnor med typ 2 diabetes genomf\u00f6rdes s\u00e5 att NGC intogs en halv timme innan ordinarie m\u00e5ltid (frukost, lunch och middag). I kontrollgruppen gavs p\u00e5 motsvarande s\u00e4tt ett standardiserat mj\u00f6lkpulver innan respektive m\u00e5ltid. Samtliga deltagare fick dock g\u00e4ngse kostr\u00e5d.<\/p>\n\n\n\n<p>Studieresultatet visade att NGC-gruppen hade l\u00e4gre blodglukosv\u00e4rden efter m\u00e5ltid, l\u00e4gre mark\u00f6rer f\u00f6r inflammation och minskade blodfetter.<\/p>\n\n\n\n<p><em>Li CJ, Norstedt G, Hu ZG, Yu P, Li DQ, Li J, Yu Q, Sederholm M, Yu DM. Effects of a Macro-Nutrient Preload on Type 2 Diabetic Patients. Front Endocrinol (Lausanne). 2015 Sep 16;6:139.<\/em><\/p>\n\n\n\n<div class=\"wp-block-buttons is-layout-flex wp-block-buttons-is-layout-flex\">\n<div class=\"wp-block-button\"><a class=\"wp-block-button__link wp-element-button\" href=\"https:\/\/pubmed.ncbi.nlm.nih.gov\/26441829\" target=\"_blank\" rel=\"noreferrer noopener nofollow\">L\u00e4s hela studien<\/a><\/div>\n<\/div>\n<\/div>\n<\/div><\/section>\n","protected":false},"excerpt":{"rendered":"","protected":false},"author":5,"featured_media":0,"parent":0,"menu_order":0,"comment_status":"closed","ping_status":"closed","template":"","meta":{"_acf_changed":false,"footnotes":""},"class_list":["post-45673","page","type-page","status-publish","hentry"],"acf":[],"_links":{"self":[{"href":"https:\/\/www.reztart.com\/sv\/wp-json\/wp\/v2\/pages\/45673","targetHints":{"allow":["GET"]}}],"collection":[{"href":"https:\/\/www.reztart.com\/sv\/wp-json\/wp\/v2\/pages"}],"about":[{"href":"https:\/\/www.reztart.com\/sv\/wp-json\/wp\/v2\/types\/page"}],"author":[{"embeddable":true,"href":"https:\/\/www.reztart.com\/sv\/wp-json\/wp\/v2\/users\/5"}],"replies":[{"embeddable":true,"href":"https:\/\/www.reztart.com\/sv\/wp-json\/wp\/v2\/comments?post=45673"}],"version-history":[{"count":8,"href":"https:\/\/www.reztart.com\/sv\/wp-json\/wp\/v2\/pages\/45673\/revisions"}],"predecessor-version":[{"id":48788,"href":"https:\/\/www.reztart.com\/sv\/wp-json\/wp\/v2\/pages\/45673\/revisions\/48788"}],"wp:attachment":[{"href":"https:\/\/www.reztart.com\/sv\/wp-json\/wp\/v2\/media?parent=45673"}],"curies":[{"name":"wp","href":"https:\/\/api.w.org\/{rel}","templated":true}]}}