{"id":1881,"date":"2025-05-13T15:43:39","date_gmt":"2025-05-13T13:43:39","guid":{"rendered":"https:\/\/www.reztart.com\/?page_id=1881"},"modified":"2025-12-04T15:29:57","modified_gmt":"2025-12-04T14:29:57","slug":"sa-fungerar-reztart","status":"publish","type":"page","link":"https:\/\/www.reztart.com\/sv\/sa-fungerar-reztart\/","title":{"rendered":"S\u00e5 fungerar Reztart"},"content":{"rendered":"\n<section class=\"qt-section container-default\"><div class=\"qt-section__inner grid grid-col-1\">\n<div class=\"qt-container container-m is-horizontally-aligned-center\">\n<h1 class=\"wp-block-heading\">S\u00e5 fungerar Reztart<\/h1>\n\n\n\n<p>Reztart \u00e4r ett n\u00e4ringsrikt mellanm\u00e5l som passar i m\u00e5nga olika situationer. Oavsett om du har en stressig morgon, \u00e4r p\u00e5 spr\u00e5ng eller beh\u00f6ver extra energi f\u00f6re eller efter tr\u00e4ning, hj\u00e4lper Reztart dig att snabbt f\u00e5 i dig h\u00f6gkvalitativ n\u00e4ring. Produkterna bidrar till att h\u00e5lla blodsockret stabilare och ger dig kraft att orka hela dagen. Enkelt, smidigt och alltid n\u00e4ra till hands n\u00e4r du beh\u00f6ver en energirik paus.<\/p>\n\n\n\n<div class=\"wp-block-buttons is-layout-flex wp-block-buttons-is-layout-flex\">\n<div class=\"wp-block-button\"><a class=\"wp-block-button__link wp-element-button\" href=\"https:\/\/www.reztart.com\/sv\/varfor-reztart\/\">F\u00f6rdelarna med Reztart<\/a><\/div>\n<\/div>\n<\/div>\n<\/div><\/section>\n\n\n\n<section class=\"qt-section container-default\"><div class=\"qt-section__inner grid grid-col-1\">\n<div class=\"qt-container is-horizontally-stretched\">\n<figure class=\"wp-block-image size-medium\"><img loading=\"lazy\" decoding=\"async\" width=\"1200\" height=\"1200\" src=\"https:\/\/www.reztart.com\/wp-content\/uploads\/2025\/08\/73-1200x1200.jpg\" alt=\"\" class=\"wp-image-47942\" style=\"aspect-ratio:16\/9;object-fit:cover\" srcset=\"https:\/\/www.reztart.com\/wp-content\/uploads\/2025\/08\/73-1200x1200.jpg 1200w, https:\/\/www.reztart.com\/wp-content\/uploads\/2025\/08\/73-1400x1400.jpg 1400w, https:\/\/www.reztart.com\/wp-content\/uploads\/2025\/08\/73-800x800.jpg 800w, https:\/\/www.reztart.com\/wp-content\/uploads\/2025\/08\/73-768x768.jpg 768w, https:\/\/www.reztart.com\/wp-content\/uploads\/2025\/08\/73-1536x1536.jpg 1536w, https:\/\/www.reztart.com\/wp-content\/uploads\/2025\/08\/73-2048x2048.jpg 2048w, https:\/\/www.reztart.com\/wp-content\/uploads\/2025\/08\/73-400x400.jpg 400w, https:\/\/www.reztart.com\/wp-content\/uploads\/2025\/08\/73-300x300.jpg 300w, https:\/\/www.reztart.com\/wp-content\/uploads\/2025\/08\/73-600x600.jpg 600w, https:\/\/www.reztart.com\/wp-content\/uploads\/2025\/08\/73-100x100.jpg 100w\" sizes=\"auto, (max-width: 1200px) 100vw, 1200px\" \/><\/figure>\n<\/div>\n<\/div><\/section>\n\n\n\n<section class=\"qt-section container-default\"><div class=\"qt-section__inner grid grid-col-2\">\n<div class=\"qt-container is-style-image-column\">\n<figure class=\"wp-block-image size-thumbnail\"><img loading=\"lazy\" decoding=\"async\" width=\"800\" height=\"800\" src=\"https:\/\/www.reztart.com\/wp-content\/uploads\/2025\/05\/53-800x800.jpg\" alt=\"\" class=\"wp-image-47475\" style=\"aspect-ratio:1;object-fit:cover\" srcset=\"https:\/\/www.reztart.com\/wp-content\/uploads\/2025\/05\/53-800x800.jpg 800w, https:\/\/www.reztart.com\/wp-content\/uploads\/2025\/05\/53-1200x1200.jpg 1200w, https:\/\/www.reztart.com\/wp-content\/uploads\/2025\/05\/53-1400x1400.jpg 1400w, https:\/\/www.reztart.com\/wp-content\/uploads\/2025\/05\/53-768x768.jpg 768w, https:\/\/www.reztart.com\/wp-content\/uploads\/2025\/05\/53-1536x1536.jpg 1536w, https:\/\/www.reztart.com\/wp-content\/uploads\/2025\/05\/53-2048x2048.jpg 2048w, https:\/\/www.reztart.com\/wp-content\/uploads\/2025\/05\/53-400x400.jpg 400w, https:\/\/www.reztart.com\/wp-content\/uploads\/2025\/05\/53-300x300.jpg 300w, https:\/\/www.reztart.com\/wp-content\/uploads\/2025\/05\/53-600x600.jpg 600w, https:\/\/www.reztart.com\/wp-content\/uploads\/2025\/05\/53-100x100.jpg 100w\" sizes=\"auto, (max-width: 800px) 100vw, 800px\" \/><\/figure>\n<\/div>\n\n\n\n<div class=\"qt-container is-vertically-aligned-center is-style-text-column\">\n<h2 class=\"wp-block-heading is-style-eyebrow\">Stressig morgon<\/h2>\n\n\n\n<p>Ta en Reztart shake och dela g\u00e4rna med dig till dina familjemedlemmar. Reztart \u00e4r ett perfekt alternativ n\u00e4r tiden \u00e4r knapp och ni beh\u00f6ver en snabb, n\u00e4ringsrik start p\u00e5 dagen. Shaken finns i flera olika smaker, \u00e4r l\u00e4tt att blanda ut med valfri v\u00e4tska n\u00e4r du \u00e4r p\u00e5 spr\u00e5ng eller mixa med frusna b\u00e4r eller frukt f\u00f6r en len och frisk smoothie. Med Reztart kan du vara s\u00e4ker p\u00e5 att du och din familj f\u00e5r i er ett n\u00e4ningsrikt mellanm\u00e5l n\u00e4r ni beh\u00f6ver det som mest. Du \u00e4r v\u00e4rd en god start p\u00e5 dagen!<\/p>\n<\/div>\n<\/div><\/section>\n\n\n\n<section class=\"qt-section container-m\"><div class=\"qt-section__inner grid grid-col-1\">\n<div class=\"qt-container is-style-default\">\n<h2 class=\"wp-block-heading\">P\u00e5 v\u00e4g<\/h2>\n\n\n\n<p>Reztart \u00e4r ett n\u00e4ringsrikt mellanm\u00e5l som \u00e4r perfekt f\u00f6r dig som alltid \u00e4r &#8221;on the go&#8221;. I bilen, p\u00e5 t\u00e5get, fr\u00e5n ett m\u00f6te till ett annat, f\u00f6re eller efter tr\u00e4ning. Med Reztarts barer och shakes har du alltid n\u00e4ra till snabb energi. Rik p\u00e5 fibrer och protein med l\u00e5g glykemisk belastning f\u00f6r \u00f6kad kontroll.<\/p>\n<\/div>\n\n\n\n<div class=\"qt-container is-style-default\">\n<h2 class=\"wp-block-heading\">P\u00e5 jobbet<\/h2>\n\n\n\n<p>Brukar du bli l\u00e5g efter lunchen eller kurrar magen redan innan 10-fikat? En Reztart shake eller bar innan lunch hj\u00e4lper dig att h\u00e5lla blodsockret stabilare, p\u00e5 s\u00e5 vis slipper du fajtas med &#8221;mat koma&#8221; och brist p\u00e5 energi. Ta kontrollen \u00f6ver din dag och f\u00e5 mer energi \u00f6ver till s\u00e5dant du tycker om.<\/p>\n<\/div>\n\n\n\n<div class=\"qt-container is-style-default\">\n<h2 class=\"wp-block-heading\">I skolan<\/h2>\n\n\n\n<p>Packa ner en Reztart bar i skolv\u00e4skan \u00e5t dina barn s\u00e5 att de har ett n\u00e4ringsrikt mellanm\u00e5l n\u00e4ra till hands under en l\u00e5ng skoldag. Vetenskapliga unders\u00f6kningar har visat att barn som konsumerade Reztart bars eller pulvershakes under skoldagen hade h\u00f6gre koncentrationsf\u00f6rm\u00e5ga och b\u00e4ttre akademiska prestationer (Steen, S. 2003, Lunds universitet).<\/p>\n<\/div>\n\n\n\n<div class=\"qt-container\">\n<div class=\"wp-block-buttons is-layout-flex wp-block-buttons-is-layout-flex\">\n<div class=\"wp-block-button\"><a class=\"wp-block-button__link wp-element-button\" href=\"https:\/\/www.reztart.com\/sv\/produkter\/bars\/\">UTFORSKA V\u00c5RA BARS<\/a><\/div>\n<\/div>\n<\/div>\n<\/div><\/section>\n\n\n\n<div class=\"wp-block-buttons is-layout-flex wp-block-buttons-is-layout-flex\"><\/div>\n\n\n\n<section class=\"qt-section container-default\"><div class=\"qt-section__inner grid grid-col-2\">\n<div class=\"qt-container is-vertically-aligned-center is-style-text-column\">\n<h2 class=\"wp-block-heading is-style-eyebrow\">F\u00f6re eller efter tr\u00e4ning<\/h2>\n\n\n\n<p>Reztart \u00e4r ett perfekt mellanm\u00e5l innan tr\u00e4ning tack vare dess kolhydrater som ger tillr\u00e4ckligt med energi f\u00f6r b\u00e4st prestanda. Proteinrika Reztart produkter passar utm\u00e4rkt \u00e4ven efter tr\u00e4ning d\u00e5 de hj\u00e4lper att minska mikroskador i musklerna genom att \u00e5terst\u00e4lla musklernas normaltillst\u00e5nd och bidra till snabbare \u00e5terh\u00e4mtning.<\/p>\n\n\n\n<div class=\"wp-block-buttons is-layout-flex wp-block-buttons-is-layout-flex\">\n<div class=\"wp-block-button\"><a class=\"wp-block-button__link wp-element-button\" href=\"https:\/\/www.reztart.com\/sv\/hitta-din-reztart\/traning-med-reztart\/\">Tr\u00e4na med Reztart<\/a><\/div>\n<\/div>\n<\/div>\n\n\n\n<div class=\"qt-container is-style-image-column\">\n<figure class=\"wp-block-image size-thumbnail\"><img loading=\"lazy\" decoding=\"async\" width=\"800\" height=\"800\" src=\"https:\/\/www.reztart.com\/wp-content\/uploads\/2025\/06\/reztart-fore-och-efter-traningen-800x800.jpg\" alt=\"En brunh\u00e5rig kvinna tittar ner mot marken, har ett hopprep runt halsen och vattenflaska i handen.\" class=\"wp-image-45981\" style=\"aspect-ratio:1;object-fit:cover\" srcset=\"https:\/\/www.reztart.com\/wp-content\/uploads\/2025\/06\/reztart-fore-och-efter-traningen-800x800.jpg 800w, https:\/\/www.reztart.com\/wp-content\/uploads\/2025\/06\/reztart-fore-och-efter-traningen-300x300.jpg 300w, https:\/\/www.reztart.com\/wp-content\/uploads\/2025\/06\/reztart-fore-och-efter-traningen-100x100.jpg 100w, https:\/\/www.reztart.com\/wp-content\/uploads\/2025\/06\/reztart-fore-och-efter-traningen-600x600.jpg 600w, https:\/\/www.reztart.com\/wp-content\/uploads\/2025\/06\/reztart-fore-och-efter-traningen-768x768.jpg 768w, https:\/\/www.reztart.com\/wp-content\/uploads\/2025\/06\/reztart-fore-och-efter-traningen-400x400.jpg 400w, https:\/\/www.reztart.com\/wp-content\/uploads\/2025\/06\/reztart-fore-och-efter-traningen.jpg 1200w\" sizes=\"auto, (max-width: 800px) 100vw, 800px\" \/><\/figure>\n<\/div>\n<\/div><\/section>\n\n\n\n<section class=\"qt-section container-default\"><div class=\"qt-section__inner grid grid-col-2\">\n<div class=\"qt-container is-style-image-column\">\n<figure class=\"wp-block-image size-thumbnail\"><img loading=\"lazy\" decoding=\"async\" width=\"800\" height=\"800\" src=\"https:\/\/www.reztart.com\/wp-content\/uploads\/2025\/06\/kostfibrer-for-halsosam-vikt-800x800.jpg\" alt=\"En kvinna st\u00e5r i yogapos\u00e9 p\u00e5 stranden i motljus.\" class=\"wp-image-45979\" style=\"aspect-ratio:1;object-fit:cover\" srcset=\"https:\/\/www.reztart.com\/wp-content\/uploads\/2025\/06\/kostfibrer-for-halsosam-vikt-800x800.jpg 800w, https:\/\/www.reztart.com\/wp-content\/uploads\/2025\/06\/kostfibrer-for-halsosam-vikt-300x300.jpg 300w, https:\/\/www.reztart.com\/wp-content\/uploads\/2025\/06\/kostfibrer-for-halsosam-vikt-100x100.jpg 100w, https:\/\/www.reztart.com\/wp-content\/uploads\/2025\/06\/kostfibrer-for-halsosam-vikt-600x600.jpg 600w, https:\/\/www.reztart.com\/wp-content\/uploads\/2025\/06\/kostfibrer-for-halsosam-vikt-768x768.jpg 768w, https:\/\/www.reztart.com\/wp-content\/uploads\/2025\/06\/kostfibrer-for-halsosam-vikt-400x400.jpg 400w, https:\/\/www.reztart.com\/wp-content\/uploads\/2025\/06\/kostfibrer-for-halsosam-vikt.jpg 1200w\" sizes=\"auto, (max-width: 800px) 100vw, 800px\" \/><\/figure>\n<\/div>\n\n\n\n<div class=\"qt-container is-vertically-aligned-center is-style-text-column\">\n<h2 class=\"wp-block-heading is-style-eyebrow\">H\u00e4lsosam vikt<\/h2>\n\n\n\n<p>Kostfibrer spelar en avg\u00f6rande roll n\u00e4r du vill bibeh\u00e5lla en h\u00e4lsosam kroppsvikt, de ger en l\u00e4ngre m\u00e4ttnadsk\u00e4nsla, f\u00f6rdr\u00f6jer glukosabsorptionen och hj\u00e4lper till att undvika snabba blodsockerh\u00f6jningar. Reztarts produkter \u00e4r rika p\u00e5 fibrer och protein vilket hj\u00e4lper dig att undvika \u00f6verdrivet matintag och on\u00f6digt sm\u00e5\u00e4tande.<\/p>\n\n\n\n<p>Uppt\u00e4ck <strong>Reztart FIT<\/strong>\/ <strong>SLIM<\/strong>&#8211; Shakes med n\u00e4ringsmixen NGC\u00ae samt Gluckomannan, En h\u00f6gkvalitativ kostfiber som expanderar n\u00e4r den kommer i kontakt med v\u00e4tska. Gluckomannan bidrar till en \u00f6kad m\u00e4ttnadsk\u00e4nsla vilket minskar aptiten och hj\u00e4lper dig att kontrollera \u00f6verdrivet matintag.<\/p>\n\n\n\n<div class=\"wp-block-buttons is-layout-flex wp-block-buttons-is-layout-flex\">\n<div class=\"wp-block-button\"><a class=\"wp-block-button__link wp-element-button\" href=\"https:\/\/www.reztart.com\/sv\/produkt\/pulvershake-vanilj-fit\/\">K\u00f6p reztart fit<\/a><\/div>\n<\/div>\n<\/div>\n<\/div><\/section>\n\n\n\n<section class=\"qt-section container-m\"><div class=\"qt-section__inner grid grid-col-1\">\n<div class=\"qt-container is-style-default\">\n<h2 class=\"wp-block-heading\">S\u00f6tsugen<\/h2>\n\n\n\n<p>\u00c4r du en av dem som k\u00e4mpar mot osunda beg\u00e4r, d\u00e5liga vanor, eller bara ett galet s\u00f6tsug? Reztarts produkter hj\u00e4lper dig att ta kontrollen \u00f6ver dessa beg\u00e4r. Ett regelbundet intag av h\u00e4lsomixen NGC\u00ae som finns i Reztarts barer och shakes bidrar till ett stabilare blodsocker. Du slipper dippar och mat koma och f\u00e5r mer energi \u00f6ver till s\u00e5dant som g\u00f6r dig stark och glad. Dessutom f\u00f6rser Reztart din kropp med n\u00f6dv\u00e4ndiga vitaminer och mineraler varje dag. Detta bidrar till din allm\u00e4nna h\u00e4lsa och v\u00e4lbefinnande.<\/p>\n<\/div>\n\n\n\n<div class=\"qt-container is-style-default\">\n<h2 class=\"wp-block-heading\">F\u00f6re middagen<\/h2>\n\n\n\n<p>Det har varit en l\u00e5ng och intensiv dag, nu ska du &#8221;bara&#8221; h\u00e4mta barn, handla, skjutsa till aktiviteter, tr\u00e4na sj\u00e4lv och sen ska du fixa middag.&nbsp; Det \u00e4r nu du ska avnjuta en bar eller shake fr\u00e5n Reztart.&nbsp; N\u00e4r du konsumerar en av Reztarts produkter f\u00e5r du i dig naturlig n\u00e4ring i koncentrerad form, produkterna \u00e4r rika p\u00e5 fibrer och protein vilket hj\u00e4lper dig att undvika \u00f6verdrivet matintag och on\u00f6digt sm\u00e5\u00e4tande. Dessutom slipper du den tr\u00f6tthet som ofta kommer efter en m\u00e5ltid. Detta beror p\u00e5 att Reztart h\u00e5ller blodsockerniv\u00e5n stabil och har en l\u00e5g glykemisk belastning.<\/p>\n<\/div>\n\n\n\n<div class=\"qt-container is-style-default\">\n<h2 class=\"wp-block-heading\">Natten<\/h2>\n\n\n\n<p>K\u00e4nner du dig ofta hungrig innan l\u00e4ggdags? Det kan bero p\u00e5 att du inte f\u00e5tt i dig den n\u00e4ring du beh\u00f6ver fr\u00e5n den kost du konsumerat under dagen. Reztarts bars och pulvershakes inneh\u00e5ller h\u00e4lsomixen NGC\u00ae (<em>Natural Glycemic Control<\/em>), den inneh\u00e5ller de n\u00e4rings\u00e4mnen vi beh\u00f6ver f\u00f6r att orka med dagens alla utmaningar. Reztarts produkter har l\u00e5g glykemisk belastning vilket hj\u00e4lper dig att h\u00e5lla blodsockerniv\u00e5n stabilare under dagen. Reztarts produkter ger dig kontroll \u00f6ver d\u00e5liga vanor och maximerar \u00e5terh\u00e4mtningen n\u00e4r du sover.<\/p>\n\n\n\n<div class=\"wp-block-buttons is-layout-flex wp-block-buttons-is-layout-flex\">\n<div class=\"wp-block-button\"><a class=\"wp-block-button__link wp-element-button\" href=\"https:\/\/www.reztart.com\/sv\/produkter\/proteindryck\/\">uTFORSKA V\u00c5RA SHAKES<\/a><\/div>\n<\/div>\n<\/div>\n<\/div><\/section>\n\n\n\n<section class=\"qt-section container-default is-style-stacked-boxes\"><div class=\"qt-section__inner grid grid-col-2 has-background has-black-background-color\" style=\"background-color:#2D2926\">\n<div class=\"qt-container is-style-image-column\">\n<figure class=\"wp-block-image size-medium\"><img loading=\"lazy\" decoding=\"async\" width=\"1200\" height=\"857\" src=\"https:\/\/www.reztart.com\/wp-content\/uploads\/2025\/06\/reztart-bar-1200x857.jpg\" alt=\"Reztart bar\" class=\"wp-image-47255\" srcset=\"https:\/\/www.reztart.com\/wp-content\/uploads\/2025\/06\/reztart-bar-1200x857.jpg 1200w, https:\/\/www.reztart.com\/wp-content\/uploads\/2025\/06\/reztart-bar-300x214.jpg 300w, https:\/\/www.reztart.com\/wp-content\/uploads\/2025\/06\/reztart-bar-600x429.jpg 600w, https:\/\/www.reztart.com\/wp-content\/uploads\/2025\/06\/reztart-bar-800x571.jpg 800w, https:\/\/www.reztart.com\/wp-content\/uploads\/2025\/06\/reztart-bar-768x549.jpg 768w, https:\/\/www.reztart.com\/wp-content\/uploads\/2025\/06\/reztart-bar-400x286.jpg 400w, https:\/\/www.reztart.com\/wp-content\/uploads\/2025\/06\/reztart-bar.jpg 1400w\" sizes=\"auto, (max-width: 1200px) 100vw, 1200px\" \/><\/figure>\n<\/div>\n\n\n\n<div class=\"qt-container is-vertically-aligned-center is-horizontally-aligned-left is-style-text-column\">\n<h2 class=\"wp-block-heading has-white-color has-text-color has-link-color wp-elements-295c8d73c5ecb7834d93313eb2279c29\">N\u00e4r du vill ha n\u00e5got gott \u2013 med ett n\u00e4ringsrikt inneh\u00e5ll.<\/h2>\n\n\n\n<p class=\"has-white-color has-text-color has-link-color wp-elements-730b259c4cdfdd0e1c2626c51b0af3d4\">V\u00e5ra bars och shakes \u00e4r det perfekta mellanm\u00e5let f\u00f6r dig som vill unna dig utan att kompromissa med h\u00e4lsan. Ett bra mellanm\u00e5l helt enkelt!<\/p>\n\n\n\n<div class=\"wp-block-buttons is-layout-flex wp-block-buttons-is-layout-flex\">\n<div class=\"wp-block-button is-style-button-secondary\"><a class=\"wp-block-button__link wp-element-button\" href=\"https:\/\/www.reztart.com\/sv\/produkter\/\">Utforska produkter<\/a><\/div>\n<\/div>\n<\/div>\n<\/div><\/section>\n\n\n\n<div class=\"wp-block-buttons is-layout-flex wp-block-buttons-is-layout-flex\"><\/div>\n","protected":false},"excerpt":{"rendered":"","protected":false},"author":5,"featured_media":0,"parent":0,"menu_order":0,"comment_status":"closed","ping_status":"closed","template":"","meta":{"_acf_changed":false,"footnotes":""},"class_list":["post-1881","page","type-page","status-publish","hentry"],"acf":[],"_links":{"self":[{"href":"https:\/\/www.reztart.com\/sv\/wp-json\/wp\/v2\/pages\/1881","targetHints":{"allow":["GET"]}}],"collection":[{"href":"https:\/\/www.reztart.com\/sv\/wp-json\/wp\/v2\/pages"}],"about":[{"href":"https:\/\/www.reztart.com\/sv\/wp-json\/wp\/v2\/types\/page"}],"author":[{"embeddable":true,"href":"https:\/\/www.reztart.com\/sv\/wp-json\/wp\/v2\/users\/5"}],"replies":[{"embeddable":true,"href":"https:\/\/www.reztart.com\/sv\/wp-json\/wp\/v2\/comments?post=1881"}],"version-history":[{"count":23,"href":"https:\/\/www.reztart.com\/sv\/wp-json\/wp\/v2\/pages\/1881\/revisions"}],"predecessor-version":[{"id":48786,"href":"https:\/\/www.reztart.com\/sv\/wp-json\/wp\/v2\/pages\/1881\/revisions\/48786"}],"wp:attachment":[{"href":"https:\/\/www.reztart.com\/sv\/wp-json\/wp\/v2\/media?parent=1881"}],"curies":[{"name":"wp","href":"https:\/\/api.w.org\/{rel}","templated":true}]}}