{"id":1879,"date":"2025-05-13T15:43:14","date_gmt":"2025-05-13T13:43:14","guid":{"rendered":"https:\/\/www.reztart.com\/?page_id=1879"},"modified":"2025-06-26T17:13:20","modified_gmt":"2025-06-26T15:13:20","slug":"traning-med-reztart","status":"publish","type":"page","link":"https:\/\/www.reztart.com\/sv\/hitta-din-reztart\/traning-med-reztart\/","title":{"rendered":"Tr\u00e4ning med Reztart"},"content":{"rendered":"\n<section class=\"qt-section container-default\"><div class=\"qt-section__inner grid grid-col-1\">\n<div class=\"qt-container container-m\">\n<h1 class=\"wp-block-heading\">Tr\u00e4ning med Reztart<\/h1>\n\n\n\n<p>Reztarts protein- och fiberrika bars och shakes ger kroppen n\u00e4ring n\u00e4r du beh\u00f6ver det som mest \u2013 f\u00f6re eller efter tr\u00e4ning. Med NGC\u00ae och viktiga mikron\u00e4rings\u00e4mnen f\u00e5r du st\u00f6d f\u00f6r energi, \u00e5terh\u00e4mtning och balans i din tr\u00e4ning.<\/p>\n\n\n\n<div class=\"wp-block-buttons is-layout-flex wp-block-buttons-is-layout-flex\">\n<div class=\"wp-block-button\"><a class=\"wp-block-button__link wp-element-button\" href=\"https:\/\/www.reztart.com\/produkter\/\">K\u00f6p Reztart idag<\/a><\/div>\n<\/div>\n<\/div>\n\n\n\n<div class=\"qt-container is-horizontally-stretched\">\n<figure class=\"wp-block-image size-medium\"><img loading=\"lazy\" decoding=\"async\" width=\"1200\" height=\"675\" src=\"https:\/\/www.reztart.com\/wp-content\/uploads\/2025\/06\/trana-med-reztart-1200x675.jpg\" alt=\"\" class=\"wp-image-45971\" style=\"aspect-ratio:16\/9;object-fit:cover\" srcset=\"https:\/\/www.reztart.com\/wp-content\/uploads\/2025\/06\/trana-med-reztart-1200x675.jpg 1200w, https:\/\/www.reztart.com\/wp-content\/uploads\/2025\/06\/trana-med-reztart-300x169.jpg 300w, https:\/\/www.reztart.com\/wp-content\/uploads\/2025\/06\/trana-med-reztart-600x338.jpg 600w, https:\/\/www.reztart.com\/wp-content\/uploads\/2025\/06\/trana-med-reztart-800x450.jpg 800w, https:\/\/www.reztart.com\/wp-content\/uploads\/2025\/06\/trana-med-reztart-768x432.jpg 768w, https:\/\/www.reztart.com\/wp-content\/uploads\/2025\/06\/trana-med-reztart-400x225.jpg 400w, https:\/\/www.reztart.com\/wp-content\/uploads\/2025\/06\/trana-med-reztart.jpg 1400w\" sizes=\"auto, (max-width: 1200px) 100vw, 1200px\" \/><\/figure>\n<\/div>\n<\/div><\/section>\n\n\n\n<section class=\"qt-section container-default\"><div class=\"qt-section__inner grid grid-col-2\">\n<div class=\"qt-container is-style-image-column\">\n<figure class=\"wp-block-image size-full\"><img loading=\"lazy\" decoding=\"async\" width=\"1200\" height=\"1200\" src=\"https:\/\/www.reztart.com\/wp-content\/uploads\/2025\/06\/fokus-resultat-med-reztart.jpg\" alt=\"\" class=\"wp-image-45969\" style=\"aspect-ratio:1;object-fit:cover\" srcset=\"https:\/\/www.reztart.com\/wp-content\/uploads\/2025\/06\/fokus-resultat-med-reztart.jpg 1200w, https:\/\/www.reztart.com\/wp-content\/uploads\/2025\/06\/fokus-resultat-med-reztart-300x300.jpg 300w, https:\/\/www.reztart.com\/wp-content\/uploads\/2025\/06\/fokus-resultat-med-reztart-100x100.jpg 100w, https:\/\/www.reztart.com\/wp-content\/uploads\/2025\/06\/fokus-resultat-med-reztart-600x600.jpg 600w, https:\/\/www.reztart.com\/wp-content\/uploads\/2025\/06\/fokus-resultat-med-reztart-800x800.jpg 800w, https:\/\/www.reztart.com\/wp-content\/uploads\/2025\/06\/fokus-resultat-med-reztart-768x768.jpg 768w, https:\/\/www.reztart.com\/wp-content\/uploads\/2025\/06\/fokus-resultat-med-reztart-400x400.jpg 400w\" sizes=\"auto, (max-width: 1200px) 100vw, 1200px\" \/><\/figure>\n<\/div>\n\n\n\n<div class=\"qt-container is-vertically-aligned-center is-style-text-column\">\n<h2 class=\"wp-block-heading is-style-eyebrow\">F\u00f6r dig som vill maximera dina prestationer<\/h2>\n\n\n\n<p>\u00c4r du fitness entusiast eller idrottsut\u00f6vare av n\u00e5got slag har du med all s\u00e4kerhet koll p\u00e5 hur kroppen fungerar och vad du beh\u00f6ver f\u00f6r att kunna maximera dina tr\u00e4ningstillf\u00e4llen.&nbsp;Kroppen beh\u00f6ver br\u00e4nsle f\u00f6re tr\u00e4ningen, men inte i alltf\u00f6r stora m\u00e4ngder. F\u00f6r mycket br\u00e4nsle, dvs. n\u00e4ring, g\u00f6r att och prestationsf\u00f6rm\u00e5gan sjunker eftersom kroppen har fullt upp med matsm\u00e4ltningen. <\/p>\n\n\n\n<p>Om du vill f\u00f6rb\u00e4ttra din prestation p\u00e5 tr\u00e4ningar, f\u00e5 mer energi och orka mer, ska du konsumera en liten m\u00e4ngd kolhydrater och proteiner f\u00f6re tr\u00e4ningen. Reztart pulvershake \u00e4r ett utm\u00e4rkt val, det tar inte mer \u00e4n ett 15 sekunder att bereda drycken.<\/p>\n\n\n\n<div class=\"wp-block-buttons is-layout-flex wp-block-buttons-is-layout-flex\">\n<div class=\"wp-block-button\"><a class=\"wp-block-button__link wp-element-button\" href=\"https:\/\/www.reztart.com\/produkter\/proteindryck\/\">K\u00d6p Reztart Shakes<\/a><\/div>\n<\/div>\n<\/div>\n<\/div><\/section>\n\n\n\n<section class=\"qt-section container-default\"><div class=\"qt-section__inner grid grid-col-2\">\n<div class=\"qt-container is-vertically-aligned-center is-style-text-column\">\n<h2 class=\"wp-block-heading is-style-eyebrow\">Snabbare \u00e5terh\u00e4mtning<\/h2>\n\n\n\n<p>Genom att fokusera p\u00e5 r\u00e4tt n\u00e4rings\u00e4mnen efter tr\u00e4ning kan du f\u00f6rb\u00e4ttra din \u00e5terh\u00e4mtning, minska tr\u00e4ningsv\u00e4rk samtidigt som du optimera dina tr\u00e4ningsresultat.&nbsp;Efter tr\u00e4ningen beh\u00f6ver vi n\u00e4ringsrika kolhydrater och h\u00f6gkvalitativa proteiner. Det \u00e4r optimalt att inta dessa n\u00e4rings\u00e4mnen inom 45 minuter efter tr\u00e4ning f\u00f6r att maximera \u00e5terh\u00e4mtningen. <\/p>\n\n\n\n<p>Undvik fett direkt efter tr\u00e4ning: Fettrik mat kan sakta ner matsm\u00e4ltningen och d\u00e4rmed minska upptaget av kolhydrater och proteiner. Detta kan p\u00e5verka \u00e5terh\u00e4mtningsprocessen negativt. Att inta n\u00e4rings\u00e4mnen i flytande form kan p\u00e5skynda absorptionen. Reztarts shakes kommer i portionsf\u00f6rpackningar och inneh\u00e5ller en bra balans av kolhydrater och proteiner vilket g\u00f6r dem till ett praktiskt och effektiva alternativ till \u00e5terh\u00e4mtning.<\/p>\n\n\n\n<div class=\"wp-block-buttons is-layout-flex wp-block-buttons-is-layout-flex\">\n<div class=\"wp-block-button\"><a class=\"wp-block-button__link wp-element-button\" href=\"https:\/\/www.reztart.com\/produkter\/proteindryck\/\">K\u00d6p Reztart Shakes<\/a><\/div>\n<\/div>\n<\/div>\n\n\n\n<div class=\"qt-container is-style-image-column\">\n<figure class=\"wp-block-image size-thumbnail\"><img loading=\"lazy\" decoding=\"async\" width=\"800\" height=\"800\" src=\"https:\/\/www.reztart.com\/wp-content\/uploads\/2025\/06\/ratt-naringsamnen-snabbare-aterhamtning-800x800.jpg\" alt=\"\" class=\"wp-image-45970\" style=\"aspect-ratio:1;object-fit:cover\" srcset=\"https:\/\/www.reztart.com\/wp-content\/uploads\/2025\/06\/ratt-naringsamnen-snabbare-aterhamtning-800x800.jpg 800w, https:\/\/www.reztart.com\/wp-content\/uploads\/2025\/06\/ratt-naringsamnen-snabbare-aterhamtning-300x300.jpg 300w, https:\/\/www.reztart.com\/wp-content\/uploads\/2025\/06\/ratt-naringsamnen-snabbare-aterhamtning-100x100.jpg 100w, https:\/\/www.reztart.com\/wp-content\/uploads\/2025\/06\/ratt-naringsamnen-snabbare-aterhamtning-600x600.jpg 600w, https:\/\/www.reztart.com\/wp-content\/uploads\/2025\/06\/ratt-naringsamnen-snabbare-aterhamtning-768x768.jpg 768w, https:\/\/www.reztart.com\/wp-content\/uploads\/2025\/06\/ratt-naringsamnen-snabbare-aterhamtning-400x400.jpg 400w, https:\/\/www.reztart.com\/wp-content\/uploads\/2025\/06\/ratt-naringsamnen-snabbare-aterhamtning.jpg 1200w\" sizes=\"auto, (max-width: 800px) 100vw, 800px\" \/><\/figure>\n<\/div>\n<\/div><\/section>\n\n\n\n<section class=\"qt-section container-default has-background has-black-background-color\" style=\"background-color:#2D2926\"><div class=\"qt-section__inner grid grid-col-1\">\n<div class=\"qt-container container-s is-horizontally-aligned-left\">\n<h2 class=\"wp-block-heading has-white-color has-text-color has-link-color wp-elements-b0e5a1c3652b3d2e661670d8325c7e19\">Reztart bars och shakes \u2013 ett komplett mellanm\u00e5l f\u00f6r idrottaren<\/h2>\n\n\n\n<p class=\"has-white-color has-text-color has-link-color wp-elements-0fd3c3806d6ba21caed8b4cbe672cf5b\">Reztarts protein- och fiberrika bars och shakes \u00e4r framtagna f\u00f6r att ge kroppen det den beh\u00f6ver \u2013 snabbt, enkelt och vetenskapligt f\u00f6rankrat. Med den unika n\u00e4ringsmixen NGC\u00ae f\u00e5r du st\u00f6d att g\u00f6ra b\u00e4ttre val i tr\u00e4ningen.<\/p>\n<\/div>\n\n\n\n<div class=\"qt-container\">\n<section class=\"qt-section container-default\"><div class=\"qt-section__inner grid grid-col-3\">\n<div class=\"qt-container\">\n<figure class=\"wp-block-image size-thumbnail\"><img loading=\"lazy\" decoding=\"async\" width=\"800\" height=\"800\" src=\"https:\/\/www.reztart.com\/wp-content\/uploads\/2025\/06\/stabilt-blodsocker-mer-energi-800x800.jpg\" alt=\"En kvinna med l\u00e5ngt h\u00e5r med ryggs\u00e4ck hoppar i luften vid en sj\u00f6. Tr\u00e4d syns i bakgrunden. Kvinnan uttrycker gl\u00e4dje och energi.\" class=\"wp-image-45945\" style=\"aspect-ratio:1;object-fit:cover\" srcset=\"https:\/\/www.reztart.com\/wp-content\/uploads\/2025\/06\/stabilt-blodsocker-mer-energi-800x800.jpg 800w, https:\/\/www.reztart.com\/wp-content\/uploads\/2025\/06\/stabilt-blodsocker-mer-energi-300x300.jpg 300w, https:\/\/www.reztart.com\/wp-content\/uploads\/2025\/06\/stabilt-blodsocker-mer-energi-100x100.jpg 100w, https:\/\/www.reztart.com\/wp-content\/uploads\/2025\/06\/stabilt-blodsocker-mer-energi-600x600.jpg 600w, https:\/\/www.reztart.com\/wp-content\/uploads\/2025\/06\/stabilt-blodsocker-mer-energi-768x768.jpg 768w, https:\/\/www.reztart.com\/wp-content\/uploads\/2025\/06\/stabilt-blodsocker-mer-energi-400x400.jpg 400w, https:\/\/www.reztart.com\/wp-content\/uploads\/2025\/06\/stabilt-blodsocker-mer-energi.jpg 1200w\" sizes=\"auto, (max-width: 800px) 100vw, 800px\" \/><\/figure>\n\n\n\n<h3 class=\"wp-block-heading has-white-color has-text-color has-link-color wp-elements-7c3a8798e20499d4360b9769d536a5ab\">Stabilt blodsocker<\/h3>\n\n\n\n<p class=\"has-white-color has-text-color has-link-color wp-elements-1eb19e24454ba78584dae0e2c00a4bb3\">Produkterna har en l\u00e5g glykemisk belastning, vilket hj\u00e4lper till att h\u00e5lla ditt blodsocker stabilt under dagen och ger j\u00e4mnare energi.<\/p>\n<\/div>\n\n\n\n<div class=\"qt-container\">\n<figure class=\"wp-block-image size-thumbnail\"><img loading=\"lazy\" decoding=\"async\" width=\"800\" height=\"800\" src=\"https:\/\/www.reztart.com\/wp-content\/uploads\/2025\/06\/reztart-bar-hogt-fiberinnehall-800x800.jpg\" alt=\"N\u00e4rbild p\u00e5 en man som h\u00e5ller en halv\u00e4ten Reztart Salt Karamellbar i sitt papper. Bakgrunden \u00e4r l\u00e4tt suddig och antyder att bilden \u00e4r tagen utomhus.\" class=\"wp-image-45949\" style=\"aspect-ratio:1;object-fit:cover\" srcset=\"https:\/\/www.reztart.com\/wp-content\/uploads\/2025\/06\/reztart-bar-hogt-fiberinnehall-800x800.jpg 800w, https:\/\/www.reztart.com\/wp-content\/uploads\/2025\/06\/reztart-bar-hogt-fiberinnehall-300x300.jpg 300w, https:\/\/www.reztart.com\/wp-content\/uploads\/2025\/06\/reztart-bar-hogt-fiberinnehall-100x100.jpg 100w, https:\/\/www.reztart.com\/wp-content\/uploads\/2025\/06\/reztart-bar-hogt-fiberinnehall-600x600.jpg 600w, https:\/\/www.reztart.com\/wp-content\/uploads\/2025\/06\/reztart-bar-hogt-fiberinnehall-768x768.jpg 768w, https:\/\/www.reztart.com\/wp-content\/uploads\/2025\/06\/reztart-bar-hogt-fiberinnehall-400x400.jpg 400w, https:\/\/www.reztart.com\/wp-content\/uploads\/2025\/06\/reztart-bar-hogt-fiberinnehall.jpg 1200w\" sizes=\"auto, (max-width: 800px) 100vw, 800px\" \/><\/figure>\n\n\n\n<h3 class=\"wp-block-heading has-white-color has-text-color has-link-color wp-elements-613fe6628ed2717506a08193478f2db1\">H\u00f6gt fiberinneh\u00e5ll<\/h3>\n\n\n\n<p class=\"has-white-color has-text-color has-link-color wp-elements-cc9823d188e43bda4fdfc4c3d960122c\">Bidrar till att f\u00f6rebygga fiberbrist. En bar inneh\u00e5ller upp till 7,2 gram fiber \u2013 mer \u00e4n m\u00e4ngden i tv\u00e5 skivor fullkornsbr\u00f6d.<\/p>\n<\/div>\n\n\n\n<div class=\"qt-container\">\n<figure class=\"wp-block-image size-thumbnail\"><img loading=\"lazy\" decoding=\"async\" width=\"800\" height=\"571\" src=\"https:\/\/www.reztart.com\/wp-content\/uploads\/2025\/06\/reztart-naturliga-ingredienser-800x571.jpg\" alt=\"Reztart inneh\u00e5ller n\u00e4ringsmixen NGC\" class=\"wp-image-45937\" style=\"aspect-ratio:1;object-fit:cover\" srcset=\"https:\/\/www.reztart.com\/wp-content\/uploads\/2025\/06\/reztart-naturliga-ingredienser-800x571.jpg 800w, https:\/\/www.reztart.com\/wp-content\/uploads\/2025\/06\/reztart-naturliga-ingredienser-300x214.jpg 300w, https:\/\/www.reztart.com\/wp-content\/uploads\/2025\/06\/reztart-naturliga-ingredienser-600x429.jpg 600w, https:\/\/www.reztart.com\/wp-content\/uploads\/2025\/06\/reztart-naturliga-ingredienser-1200x857.jpg 1200w, https:\/\/www.reztart.com\/wp-content\/uploads\/2025\/06\/reztart-naturliga-ingredienser-768x549.jpg 768w, https:\/\/www.reztart.com\/wp-content\/uploads\/2025\/06\/reztart-naturliga-ingredienser-400x286.jpg 400w, https:\/\/www.reztart.com\/wp-content\/uploads\/2025\/06\/reztart-naturliga-ingredienser.jpg 1400w\" sizes=\"auto, (max-width: 800px) 100vw, 800px\" \/><\/figure>\n\n\n\n<h3 class=\"wp-block-heading has-white-color has-text-color has-link-color wp-elements-135df8e938a79ca56c9d0d3674e52fd9\">Unik n\u00e4ringsblandning<\/h3>\n\n\n\n<p class=\"has-white-color has-text-color has-link-color wp-elements-230ab1b7e8b9d34add15af14a1708b02\">Alla Reztart-produkter inneh\u00e5ller NGC\u00ae n\u00e4ringsmix \u2013 en unik, innovativ och vetenskapligt bevisad blandning som hj\u00e4lper till att boosta din tr\u00e4ning p\u00e5 b\u00e4sta s\u00e4tt.<\/p>\n<\/div>\n<\/div><\/section>\n<\/div>\n<\/div><\/section>\n\n\n\n<section class=\"qt-section container-default\"><div class=\"qt-section__inner grid grid-col-2\">\n<div class=\"qt-container is-style-image-column\">\n<figure class=\"wp-block-image size-thumbnail\"><img loading=\"lazy\" decoding=\"async\" width=\"800\" height=\"533\" src=\"https:\/\/www.reztart.com\/wp-content\/uploads\/2025\/06\/reztart-vanilj-fit-shake-800x533.jpg\" alt=\"Reztart Vanilj Fit proteinshake \u2013 n\u00e4ringsdryck med vaniljsmak i glas, tillsammans med f\u00f6rpackning, bar och shaker.\" class=\"wp-image-45928\" style=\"aspect-ratio:1;object-fit:cover\" srcset=\"https:\/\/www.reztart.com\/wp-content\/uploads\/2025\/06\/reztart-vanilj-fit-shake-800x533.jpg 800w, https:\/\/www.reztart.com\/wp-content\/uploads\/2025\/06\/reztart-vanilj-fit-shake-300x200.jpg 300w, https:\/\/www.reztart.com\/wp-content\/uploads\/2025\/06\/reztart-vanilj-fit-shake-600x400.jpg 600w, https:\/\/www.reztart.com\/wp-content\/uploads\/2025\/06\/reztart-vanilj-fit-shake-1200x800.jpg 1200w, https:\/\/www.reztart.com\/wp-content\/uploads\/2025\/06\/reztart-vanilj-fit-shake-768x512.jpg 768w, https:\/\/www.reztart.com\/wp-content\/uploads\/2025\/06\/reztart-vanilj-fit-shake-400x267.jpg 400w, https:\/\/www.reztart.com\/wp-content\/uploads\/2025\/06\/reztart-vanilj-fit-shake.jpg 1400w\" sizes=\"auto, (max-width: 800px) 100vw, 800px\" \/><\/figure>\n<\/div>\n\n\n\n<div class=\"qt-container is-vertically-aligned-center is-style-text-column\">\n<h2 class=\"wp-block-heading is-style-eyebrow\">F\u00f6r dig som fokuserar p\u00e5 resultat<\/h2>\n\n\n\n<p>Har du redan lagt upp en plan f\u00f6r din kost runt tr\u00e4ningen? Du kan med f\u00f6rdel ta Reztarts pulvershake 30 minuter f\u00f6re dina huvudm\u00e5ltider f\u00f6r en \u00f6kad m\u00e4ttnadsk\u00e4nsla, samt f\u00f6r att s\u00e4kerst\u00e4lla intaget av de mikron\u00e4rings\u00e4mnen kroppen beh\u00f6ver f\u00f6r att p\u00e5 ett effektivt s\u00e4tt ta upp n\u00e4ring fr\u00e5n din kost. Med \u00f6kad energi och stabilt blodsocker skapar du kontroll \u00f6ver osunda vanor och impulser. P\u00e5 s\u00e5 vis kan du till 100% koncentrera dig p\u00e5 dig och din h\u00e4lsa.<\/p>\n\n\n\n<div class=\"wp-block-buttons is-layout-flex wp-block-buttons-is-layout-flex\">\n<div class=\"wp-block-button\"><a class=\"wp-block-button__link wp-element-button\" href=\"https:\/\/www.reztart.com\/produkter\/proteindryck\/\">K\u00d6p Reztart Shakes<\/a><\/div>\n<\/div>\n<\/div>\n<\/div><\/section>\n","protected":false},"excerpt":{"rendered":"","protected":false},"author":5,"featured_media":0,"parent":1877,"menu_order":0,"comment_status":"closed","ping_status":"closed","template":"","meta":{"_acf_changed":false,"footnotes":""},"class_list":["post-1879","page","type-page","status-publish","hentry"],"acf":[],"_links":{"self":[{"href":"https:\/\/www.reztart.com\/sv\/wp-json\/wp\/v2\/pages\/1879","targetHints":{"allow":["GET"]}}],"collection":[{"href":"https:\/\/www.reztart.com\/sv\/wp-json\/wp\/v2\/pages"}],"about":[{"href":"https:\/\/www.reztart.com\/sv\/wp-json\/wp\/v2\/types\/page"}],"author":[{"embeddable":true,"href":"https:\/\/www.reztart.com\/sv\/wp-json\/wp\/v2\/users\/5"}],"replies":[{"embeddable":true,"href":"https:\/\/www.reztart.com\/sv\/wp-json\/wp\/v2\/comments?post=1879"}],"version-history":[{"count":3,"href":"https:\/\/www.reztart.com\/sv\/wp-json\/wp\/v2\/pages\/1879\/revisions"}],"predecessor-version":[{"id":47181,"href":"https:\/\/www.reztart.com\/sv\/wp-json\/wp\/v2\/pages\/1879\/revisions\/47181"}],"up":[{"embeddable":true,"href":"https:\/\/www.reztart.com\/sv\/wp-json\/wp\/v2\/pages\/1877"}],"wp:attachment":[{"href":"https:\/\/www.reztart.com\/sv\/wp-json\/wp\/v2\/media?parent=1879"}],"curies":[{"name":"wp","href":"https:\/\/api.w.org\/{rel}","templated":true}]}}