{"id":1877,"date":"2025-05-13T15:42:47","date_gmt":"2025-05-13T13:42:47","guid":{"rendered":"https:\/\/www.reztart.com\/?page_id=1877"},"modified":"2025-12-04T15:27:44","modified_gmt":"2025-12-04T14:27:44","slug":"hitta-din-reztart","status":"publish","type":"page","link":"https:\/\/www.reztart.com\/sv\/hitta-din-reztart\/","title":{"rendered":"Hitta din Reztart"},"content":{"rendered":"\n<section class=\"qt-section container-default\"><div class=\"qt-section__inner grid grid-col-1\">\n<div class=\"qt-container container-s\">\n<h1 class=\"wp-block-heading has-text-align-center\">Hitta din Reztart<\/h1>\n\n\n\n<p class=\"has-text-align-center\">Reztarts bars och shakes \u00e4r framtagna f\u00f6r att ge dig energi, n\u00e4ring och balans \u2013 oavsett om du \u00e4r p\u00e5 spr\u00e5ng, tr\u00e4nar, eller bara beh\u00f6ver ett stabilt mellanm\u00e5l i vardagen.<\/p>\n\n\n\n<div class=\"wp-block-buttons is-content-justification-center is-layout-flex wp-container-core-buttons-is-layout-a89b3969 wp-block-buttons-is-layout-flex\">\n<div class=\"wp-block-button\"><a class=\"wp-block-button__link wp-element-button\" href=\"https:\/\/www.reztart.com\/sv\/produkter\/\">K\u00f6p Reztart idag<\/a><\/div>\n<\/div>\n<\/div>\n<\/div><\/section>\n\n\n\n<section class=\"qt-section container-default\"><div class=\"qt-section__inner grid grid-col-2\">\n<div class=\"qt-container is-style-image-column\">\n<figure class=\"wp-block-image size-thumbnail\"><img loading=\"lazy\" decoding=\"async\" width=\"800\" height=\"800\" src=\"https:\/\/www.reztart.com\/wp-content\/uploads\/2025\/06\/kvinna-yogapose-vid-havet-800x800.jpg\" alt=\"En kvinna kl\u00e4dd i svart sitter vid haven i en yogapos\u00e9.\" class=\"wp-image-45953\" style=\"aspect-ratio:1;object-fit:cover\" srcset=\"https:\/\/www.reztart.com\/wp-content\/uploads\/2025\/06\/kvinna-yogapose-vid-havet-800x800.jpg 800w, https:\/\/www.reztart.com\/wp-content\/uploads\/2025\/06\/kvinna-yogapose-vid-havet-300x300.jpg 300w, https:\/\/www.reztart.com\/wp-content\/uploads\/2025\/06\/kvinna-yogapose-vid-havet-100x100.jpg 100w, https:\/\/www.reztart.com\/wp-content\/uploads\/2025\/06\/kvinna-yogapose-vid-havet-600x600.jpg 600w, https:\/\/www.reztart.com\/wp-content\/uploads\/2025\/06\/kvinna-yogapose-vid-havet-768x768.jpg 768w, https:\/\/www.reztart.com\/wp-content\/uploads\/2025\/06\/kvinna-yogapose-vid-havet-400x400.jpg 400w, https:\/\/www.reztart.com\/wp-content\/uploads\/2025\/06\/kvinna-yogapose-vid-havet.jpg 1200w\" sizes=\"auto, (max-width: 800px) 100vw, 800px\" \/><\/figure>\n<\/div>\n\n\n\n<div class=\"qt-container is-vertically-aligned-center is-style-text-column\">\n<h2 class=\"wp-block-heading is-style-eyebrow\">F\u00f6r dig som vill stabilisera ditt blodsocker<\/h2>\n\n\n\n<p>Vi vet att regelbunden fysisk aktivitet och en balanserad kost kan minska risken f\u00f6r b\u00e5de typ 2-diabetes och graviddiabetes. Trots det \u00e4r b\u00e5da dessa tillst\u00e5nd allt vanligare f\u00f6rekommande. Stress, d\u00e5liga matvanor,&nbsp;och brist p\u00e5 motion \u00e4r n\u00e5gra av de faktorer som vi sj\u00e4lva kan p\u00e5verkar f\u00f6r att uppn\u00e5 en h\u00e4lsosammare livsstil. <\/p>\n\n\n\n<p>Reztarts produkter har l\u00e5g glykemisk belastning vilket betyder att de ger en l\u00e5ngsam och j\u00e4mn fris\u00e4ttning av glukos i blodet, vilket hj\u00e4lper till att undvika snabba toppar och dalar i blodsockerniv\u00e5erna. Stabilare blodsockerniv\u00e5er kan hj\u00e4lpa till att f\u00f6rb\u00e4ttra kroppens insulink\u00e4nslighet, vilket \u00e4r f\u00f6rdelaktigt f\u00f6r personer med insulinresistens eller typ 2-diabetes. Den l\u00e5nga fris\u00e4ttningen av glukos kan \u00e4ven bidra till en l\u00e4ngre m\u00e4ttnadsk\u00e4nsla, vilket kan hj\u00e4lpa dig att kontrollera aptiten och minska risken f\u00f6r \u00f6ver\u00e4tning.<\/p>\n<\/div>\n<\/div><\/section>\n\n\n\n<section class=\"qt-section container-default\"><div class=\"qt-section__inner grid grid-col-2\">\n<div class=\"qt-container is-vertically-aligned-center is-style-text-column\">\n<h2 class=\"wp-block-heading is-style-eyebrow\">F\u00f6r dig som k\u00e4mpar med att f\u00e5 ihop vardagen<\/h2>\n\n\n\n<p>Vi \u00e4r m\u00e5nga som \u00f6nskar att vi hade fler dagar i vecka, n\u00e5gra extra timmar varje dag och en extra hand i k\u00f6ket. Att f\u00e5 vardagspusslet att g\u00e5 ihop kan m\u00e5nga g\u00e5nger vara en utmaning. Vill du mycket men orkar l\u00e5ngt ifr\u00e5n allt eller beh\u00f6ver du bara en &#8221;pick me up&#8221; efter jobbet innan middagen? \u00c4r du den l\u00e4ttirriterade kollegan som blir hungrig redan innan 10-fikat eller k\u00e4nner du att du beh\u00f6ver en tupplur efter lunchen? Reztarts produkter \u00e4r n\u00e4ringsrika mellanm\u00e5l med fokus p\u00e5 v\u00e4lm\u00e5ende och balans.<\/p>\n<\/div>\n\n\n\n<div class=\"qt-container is-style-image-column\">\n<figure class=\"wp-block-image size-thumbnail\"><img loading=\"lazy\" decoding=\"async\" width=\"800\" height=\"800\" src=\"https:\/\/www.reztart.com\/wp-content\/uploads\/2025\/06\/reztart-for-att-fa-ihop-vardagen-800x800.jpg\" alt=\"En split image med en del p\u00e5 en man som l\u00e4gger gr\u00f6nsaker i korgen och en del med en kvinna i kontorskl\u00e4dsel r\u00f6r sig med fart.\" class=\"wp-image-45955\" style=\"aspect-ratio:1;object-fit:cover\" srcset=\"https:\/\/www.reztart.com\/wp-content\/uploads\/2025\/06\/reztart-for-att-fa-ihop-vardagen-800x800.jpg 800w, https:\/\/www.reztart.com\/wp-content\/uploads\/2025\/06\/reztart-for-att-fa-ihop-vardagen-300x300.jpg 300w, https:\/\/www.reztart.com\/wp-content\/uploads\/2025\/06\/reztart-for-att-fa-ihop-vardagen-100x100.jpg 100w, https:\/\/www.reztart.com\/wp-content\/uploads\/2025\/06\/reztart-for-att-fa-ihop-vardagen-600x600.jpg 600w, https:\/\/www.reztart.com\/wp-content\/uploads\/2025\/06\/reztart-for-att-fa-ihop-vardagen-768x768.jpg 768w, https:\/\/www.reztart.com\/wp-content\/uploads\/2025\/06\/reztart-for-att-fa-ihop-vardagen-400x400.jpg 400w, https:\/\/www.reztart.com\/wp-content\/uploads\/2025\/06\/reztart-for-att-fa-ihop-vardagen.jpg 1200w\" sizes=\"auto, (max-width: 800px) 100vw, 800px\" \/><\/figure>\n<\/div>\n<\/div><\/section>\n\n\n\n<section class=\"qt-section container-default\"><div class=\"qt-section__inner grid grid-col-2\">\n<div class=\"qt-container is-style-image-column\">\n<figure class=\"wp-block-image size-thumbnail\"><img loading=\"lazy\" decoding=\"async\" width=\"800\" height=\"800\" src=\"https:\/\/www.reztart.com\/wp-content\/uploads\/2025\/06\/reztart-for-idrottare-800x800.jpg\" alt=\"Tre personer cyklar p\u00e5 en grusv\u00e4g omgiven av gr\u00f6nska under en klarbl\u00e5 himmel.\" class=\"wp-image-45958\" style=\"aspect-ratio:1;object-fit:cover\" srcset=\"https:\/\/www.reztart.com\/wp-content\/uploads\/2025\/06\/reztart-for-idrottare-800x800.jpg 800w, https:\/\/www.reztart.com\/wp-content\/uploads\/2025\/06\/reztart-for-idrottare-300x300.jpg 300w, https:\/\/www.reztart.com\/wp-content\/uploads\/2025\/06\/reztart-for-idrottare-100x100.jpg 100w, https:\/\/www.reztart.com\/wp-content\/uploads\/2025\/06\/reztart-for-idrottare-600x600.jpg 600w, https:\/\/www.reztart.com\/wp-content\/uploads\/2025\/06\/reztart-for-idrottare-768x768.jpg 768w, https:\/\/www.reztart.com\/wp-content\/uploads\/2025\/06\/reztart-for-idrottare-400x400.jpg 400w, https:\/\/www.reztart.com\/wp-content\/uploads\/2025\/06\/reztart-for-idrottare.jpg 1200w\" sizes=\"auto, (max-width: 800px) 100vw, 800px\" \/><\/figure>\n<\/div>\n\n\n\n<div class=\"qt-container is-vertically-aligned-center is-style-text-column\">\n<h2 class=\"wp-block-heading is-style-eyebrow\">F\u00f6r idrottsut\u00f6varen<\/h2>\n\n\n\n<p>\u00c4r du fitness entusiast eller idrottsut\u00f6vare av n\u00e5got slag har du med all s\u00e4kerhet koll p\u00e5 hur kroppen fungerar och vad du beh\u00f6ver f\u00f6r att kunna maximera dina tr\u00e4ningstillf\u00e4llen. Kroppen beh\u00f6ver br\u00e4nsle f\u00f6re tr\u00e4ningen, men inte i alltf\u00f6r stora m\u00e4ngder. F\u00f6r mycket br\u00e4nsle, dvs. n\u00e4ring, g\u00f6r att prestationsf\u00f6rm\u00e5gan sjunker eftersom kroppen har fullt upp med matsm\u00e4ltningen. Om du vill f\u00f6rb\u00e4ttra din prestation p\u00e5 tr\u00e4ningar, f\u00e5 mer energi och orka mer, ska du konsumera en liten m\u00e4ngd kolhydrater och proteiner f\u00f6re tr\u00e4ningen. D\u00e5 \u00e4r Reztart pulvershake ett utm\u00e4rkt val. Den kommer i portionsf\u00f6rpackning och tar inte mer \u00e4n ett 15 sekunder att tillreda.<\/p>\n\n\n\n<div class=\"wp-block-buttons is-layout-flex wp-block-buttons-is-layout-flex\">\n<div class=\"wp-block-button\"><a class=\"wp-block-button__link wp-element-button\" href=\"https:\/\/www.reztart.com\/sv\/hitta-din-reztart\/traning-med-reztart\/\">Tr\u00e4na med Reztart<\/a><\/div>\n<\/div>\n<\/div>\n<\/div><\/section>\n\n\n\n<section class=\"qt-section container-default\"><div class=\"qt-section__inner grid grid-col-2\">\n<div class=\"qt-container is-vertically-aligned-center is-style-text-column\">\n<h2 class=\"wp-block-heading is-style-eyebrow\">F\u00f6r fritidsmotion\u00e4ren<\/h2>\n\n\n\n<p>Oavsett om du \u00e4r en fritidsmotion\u00e4r som f\u00f6redrar en promenad i naturen, en golfrunda med v\u00e4nner eller ett cirkelpass p\u00e5 det lokala gymmet,  passar Reztart som det perfekta mellanm\u00e5let. En Reztart innan tr\u00e4ning ger dig den n\u00e4ring och energi du beh\u00f6ver f\u00f6r att prestera maximalt. Reztarts produkter \u00e4r rika p\u00e5 protein, vilket g\u00f6r att de passar utm\u00e4rkt \u00e4ven efter tr\u00e4ning d\u00e5 de bidrar till snabbare \u00e5terh\u00e4mtning. V\u00e5ra pulvershakes kommer i portionsf\u00f6rpackningar som l\u00e4tt tas med och blandas n\u00e4r du \u00e4r i behov av extra energi.<\/p>\n<\/div>\n\n\n\n<div class=\"qt-container is-style-image-column\">\n<figure class=\"wp-block-image size-thumbnail\"><img loading=\"lazy\" decoding=\"async\" width=\"800\" height=\"800\" src=\"https:\/\/www.reztart.com\/wp-content\/uploads\/2025\/06\/reztart-for-fritidsmotionaren-800x800.jpg\" alt=\"Tre generationer m\u00e4n, pappa, morfar och son, ute p\u00e5 vandringstur. \" class=\"wp-image-45960\" style=\"aspect-ratio:1;object-fit:cover\" srcset=\"https:\/\/www.reztart.com\/wp-content\/uploads\/2025\/06\/reztart-for-fritidsmotionaren-800x800.jpg 800w, https:\/\/www.reztart.com\/wp-content\/uploads\/2025\/06\/reztart-for-fritidsmotionaren-300x300.jpg 300w, https:\/\/www.reztart.com\/wp-content\/uploads\/2025\/06\/reztart-for-fritidsmotionaren-100x100.jpg 100w, https:\/\/www.reztart.com\/wp-content\/uploads\/2025\/06\/reztart-for-fritidsmotionaren-600x600.jpg 600w, https:\/\/www.reztart.com\/wp-content\/uploads\/2025\/06\/reztart-for-fritidsmotionaren-768x768.jpg 768w, https:\/\/www.reztart.com\/wp-content\/uploads\/2025\/06\/reztart-for-fritidsmotionaren-400x400.jpg 400w, https:\/\/www.reztart.com\/wp-content\/uploads\/2025\/06\/reztart-for-fritidsmotionaren.jpg 1200w\" sizes=\"auto, (max-width: 800px) 100vw, 800px\" \/><\/figure>\n<\/div>\n<\/div><\/section>\n\n\n\n<section class=\"qt-section container-default\"><div class=\"qt-section__inner grid grid-col-2\">\n<div class=\"qt-container is-style-image-column\">\n<figure class=\"wp-block-image size-full\"><img loading=\"lazy\" decoding=\"async\" width=\"736\" height=\"735\" src=\"https:\/\/www.reztart.com\/wp-content\/uploads\/2025\/07\/NGC-logotype_NY.png\" alt=\"\" class=\"wp-image-47406\" style=\"aspect-ratio:1;object-fit:cover\" srcset=\"https:\/\/www.reztart.com\/wp-content\/uploads\/2025\/07\/NGC-logotype_NY.png 736w, https:\/\/www.reztart.com\/wp-content\/uploads\/2025\/07\/NGC-logotype_NY-400x400.png 400w, https:\/\/www.reztart.com\/wp-content\/uploads\/2025\/07\/NGC-logotype_NY-300x300.png 300w, https:\/\/www.reztart.com\/wp-content\/uploads\/2025\/07\/NGC-logotype_NY-600x599.png 600w, https:\/\/www.reztart.com\/wp-content\/uploads\/2025\/07\/NGC-logotype_NY-100x100.png 100w\" sizes=\"auto, (max-width: 736px) 100vw, 736px\" \/><\/figure>\n<\/div>\n\n\n\n<div class=\"qt-container is-vertically-aligned-center is-style-text-column\">\n<h2 class=\"wp-block-heading is-style-eyebrow\">Mellanm\u00e5l berikade med NGC\u00ae<\/h2>\n\n\n\n<p>I Reztarts produkter m\u00f6ts vetenskap och naturen i ordets r\u00e4tta bem\u00e4rkelse. Alla Reztarts bars och pulvershakes inneh\u00e5ller en portion av NGC\u00ae&nbsp;(<em>Natural Glycemic Control- Naturlig Glykemisk Kontroll<\/em>) en n\u00e4ringsmix h\u00e4mtad direkt fr\u00e5n naturen inneh\u00e5llande \u00e4pplen, nypon, fibrer fr\u00e5n sockerbeta, \u00e4rtor, s\u00e4rskilda Omega3- och Omega6-rika \u00e4gg samt vassleprotein.<\/p>\n\n\n\n<p>Reztart har tagits fram utifr\u00e5n en \u00f6nskan hos en grupp svenska l\u00e4kare att l\u00f6sa ett vardagsproblem som r\u00f6r oss alla: att f\u00e5 i oss de n\u00e4rings\u00e4mnen vi beh\u00f6ver och bek\u00e4mpa tr\u00f6tthet och h\u00e4lsoproblem som allt f\u00f6r ofta beror p\u00e5 fel kostvanor. Effekten av Reztarts produkter \u00e4r vetenskapligt bevisad.<\/p>\n\n\n\n<div class=\"wp-block-buttons is-layout-flex wp-block-buttons-is-layout-flex\">\n<div class=\"wp-block-button\"><a class=\"wp-block-button__link wp-element-button\" href=\"https:\/\/www.reztart.com\/sv\/nutritional-glycemic-control\/\">L\u00e4r dig mer om NGC\u00ae<\/a><\/div>\n<\/div>\n<\/div>\n<\/div><\/section>\n\n\n\n<section class=\"qt-section container-default\"><div class=\"qt-section__inner grid grid-col-2\">\n<div class=\"qt-container is-vertically-aligned-center is-style-text-column\">\n<h2 class=\"wp-block-heading is-style-eyebrow\">F\u00f6r dig som s\u00f6ker ett mellanm\u00e5l fullt med n\u00e4ring och energi<\/h2>\n\n\n\n<ul class=\"wp-block-list is-style-checklist\">\n<li>Reztars Protein- och fiberrika bars och shakes f\u00f6rser dig med en m\u00e4ngd olika mikron\u00e4rings\u00e4mnen som du beh\u00f6ver dagligen.<\/li>\n\n\n\n<li>Produkterna har l\u00e5g glykemisk belastning vilket bidrar till ett stabilare blodsocker.<\/li>\n\n\n\n<li>Hj\u00e4lper till att undvika fiberbrist. En bar ger dig upp till 7,2 gram fiber, det motsvarar mer \u00e4n tv\u00e5 skivor fullkornsbr\u00f6d.<\/li>\n\n\n\n<li>Alla Reztart-produkter inneh\u00e5ller n\u00e4ringsmixen NGC\u00ae \u2013 en unik, innovativ och vetenskapligt bevisad blandning av naturliga ingredienser, framtagen f\u00f6r att st\u00f6tta din h\u00e4lsa och ditt v\u00e4lm\u00e5ende.<\/li>\n<\/ul>\n\n\n\n<div class=\"wp-block-buttons is-layout-flex wp-block-buttons-is-layout-flex\">\n<div class=\"wp-block-button\"><a class=\"wp-block-button__link wp-element-button\" href=\"https:\/\/www.reztart.com\/sv\/produkter\/\">K\u00f6p Reztart idag<\/a><\/div>\n<\/div>\n<\/div>\n\n\n\n<div class=\"qt-container is-style-image-column\">\n<figure class=\"wp-block-image size-thumbnail\"><img loading=\"lazy\" decoding=\"async\" width=\"800\" height=\"800\" src=\"https:\/\/www.reztart.com\/wp-content\/uploads\/2025\/06\/reztart-bars-naturligt-mellanmal-800x800.jpg\" alt=\"Reztart proteinbars i olika smaker ligger i en h\u00f6g p\u00e5 en bergsh\u00e4ll.\" class=\"wp-image-45963\" style=\"aspect-ratio:1;object-fit:cover\" srcset=\"https:\/\/www.reztart.com\/wp-content\/uploads\/2025\/06\/reztart-bars-naturligt-mellanmal-800x800.jpg 800w, https:\/\/www.reztart.com\/wp-content\/uploads\/2025\/06\/reztart-bars-naturligt-mellanmal-300x300.jpg 300w, https:\/\/www.reztart.com\/wp-content\/uploads\/2025\/06\/reztart-bars-naturligt-mellanmal-100x100.jpg 100w, https:\/\/www.reztart.com\/wp-content\/uploads\/2025\/06\/reztart-bars-naturligt-mellanmal-600x600.jpg 600w, https:\/\/www.reztart.com\/wp-content\/uploads\/2025\/06\/reztart-bars-naturligt-mellanmal-768x768.jpg 768w, https:\/\/www.reztart.com\/wp-content\/uploads\/2025\/06\/reztart-bars-naturligt-mellanmal-400x400.jpg 400w, https:\/\/www.reztart.com\/wp-content\/uploads\/2025\/06\/reztart-bars-naturligt-mellanmal.jpg 1200w\" sizes=\"auto, (max-width: 800px) 100vw, 800px\" \/><\/figure>\n<\/div>\n<\/div><\/section>\n","protected":false},"excerpt":{"rendered":"","protected":false},"author":5,"featured_media":0,"parent":0,"menu_order":0,"comment_status":"closed","ping_status":"closed","template":"","meta":{"_acf_changed":false,"footnotes":""},"class_list":["post-1877","page","type-page","status-publish","hentry"],"acf":[],"_links":{"self":[{"href":"https:\/\/www.reztart.com\/sv\/wp-json\/wp\/v2\/pages\/1877","targetHints":{"allow":["GET"]}}],"collection":[{"href":"https:\/\/www.reztart.com\/sv\/wp-json\/wp\/v2\/pages"}],"about":[{"href":"https:\/\/www.reztart.com\/sv\/wp-json\/wp\/v2\/types\/page"}],"author":[{"embeddable":true,"href":"https:\/\/www.reztart.com\/sv\/wp-json\/wp\/v2\/users\/5"}],"replies":[{"embeddable":true,"href":"https:\/\/www.reztart.com\/sv\/wp-json\/wp\/v2\/comments?post=1877"}],"version-history":[{"count":8,"href":"https:\/\/www.reztart.com\/sv\/wp-json\/wp\/v2\/pages\/1877\/revisions"}],"predecessor-version":[{"id":48784,"href":"https:\/\/www.reztart.com\/sv\/wp-json\/wp\/v2\/pages\/1877\/revisions\/48784"}],"wp:attachment":[{"href":"https:\/\/www.reztart.com\/sv\/wp-json\/wp\/v2\/media?parent=1877"}],"curies":[{"name":"wp","href":"https:\/\/api.w.org\/{rel}","templated":true}]}}