{"id":1875,"date":"2025-05-13T15:42:19","date_gmt":"2025-05-13T13:42:19","guid":{"rendered":"https:\/\/www.reztart.com\/?page_id=1875"},"modified":"2025-07-08T12:29:09","modified_gmt":"2025-07-08T10:29:09","slug":"blogg","status":"publish","type":"page","link":"https:\/\/www.reztart.com\/sv\/blogg\/","title":{"rendered":"Blogg"},"content":{"rendered":"\n<section class=\"qt-section container-default\"><div class=\"qt-section__inner grid grid-col-1\">\n<div class=\"qt-container\">\n<h1 class=\"wp-block-heading\">Blogg<\/h1>\n<\/div>\n\n\n\n<div class=\"qt-container\">\n\t\n\t<div class=\"articles grid grid-col-4\">\n\t\n<a class=\"card article\" href=\"https:\/\/www.reztart.com\/sv\/blogg\/glutenfria-bars-och-snacks\/\" title=\"Glutenfria bars och snacks\">\n\t<div class=\"card__image\">\n\t\t<figure class=\"wp-block-image\">\n\t\t\t<img loading=\"lazy\" decoding=\"async\" width=\"800\" height=\"800\" src=\"https:\/\/www.reztart.com\/wp-content\/uploads\/2025\/06\/75-800x800.jpg\" class=\"attachment-thumbnail size-thumbnail wp-post-image\" alt=\"\" \/>\t\t<\/figure>\n\t<\/div>\n\t\n\t<div class=\"card__content\">\n\t\t<p class=\"article__title\">Glutenfria bars och snacks<\/p>\n\t\t<p class=\"article__excerpt\">Har du sv\u00e5rt att hitta bra, snabba och glutenfria tilltugg och bars? V\u00e5ra produkter \u00e4r framtagna&hellip;<\/p>\n\t<\/div>\n<\/a>\n\n<a class=\"card article\" href=\"https:\/\/www.reztart.com\/sv\/blogg\/nyttigt-mellanmal-for-barnen\/\" title=\"Nyttigt mellanm\u00e5l f\u00f6r barnen\">\n\t<div class=\"card__image\">\n\t\t<figure class=\"wp-block-image\">\n\t\t\t<img loading=\"lazy\" decoding=\"async\" width=\"800\" height=\"533\" src=\"https:\/\/www.reztart.com\/wp-content\/uploads\/2024\/10\/nyttigt-mellanmal-for-barnen-800x533.jpg\" class=\"attachment-thumbnail size-thumbnail wp-post-image\" alt=\"Nyttigt mellanm\u00e5l till barnen\" \/>\t\t<\/figure>\n\t<\/div>\n\t\n\t<div class=\"card__content\">\n\t\t<p class=\"article__title\">Nyttigt mellanm\u00e5l f\u00f6r barnen<\/p>\n\t\t<p class=\"article__excerpt\">Det \u00e4r ingen nyhet att barn vanligtvis beh\u00f6ver mellanm\u00e5l f\u00f6r att orka hela dagen. Samtidigt kan&hellip;<\/p>\n\t<\/div>\n<\/a>\n\n<a class=\"card article\" href=\"https:\/\/www.reztart.com\/sv\/blogg\/blodsockerfall\/\" title=\"Blodsockerfall\">\n\t<div class=\"card__image\">\n\t\t<figure class=\"wp-block-image\">\n\t\t\t<img loading=\"lazy\" decoding=\"async\" width=\"800\" height=\"533\" src=\"https:\/\/www.reztart.com\/wp-content\/uploads\/2025\/06\/reztart-blodsockerfall-800x533.jpg\" class=\"attachment-thumbnail size-thumbnail wp-post-image\" alt=\"\" \/>\t\t<\/figure>\n\t<\/div>\n\t\n\t<div class=\"card__content\">\n\t\t<p class=\"article__title\">Blodsockerfall<\/p>\n\t\t<p class=\"article__excerpt\">Blodsockerfall \u00e4r ett tillst\u00e5nd som intr\u00e4ffar n\u00e4r blodsockret i kroppen sjunker till en niv\u00e5 som \u00e4r&hellip;<\/p>\n\t<\/div>\n<\/a>\n\t<\/div>\n\n\t\n<\/div>\n<\/div><\/section>\n\n\n\n<section class=\"qt-section container-default is-style-stacked-boxes\"><div class=\"qt-section__inner grid grid-col-2 has-background has-black-background-color\" style=\"background-color:#2D2926\">\n<div class=\"qt-container is-vertically-aligned-center is-horizontally-aligned-left is-style-text-column\">\n<h2 class=\"wp-block-heading has-white-color has-text-color has-link-color wp-elements-f7605d9ca486209a3672f13a60d7d6ae\">N\u00e4r du vill ha n\u00e5got gott \u2013 med naturligt och gott inneh\u00e5ll<\/h2>\n\n\n\n<p class=\"has-white-color has-text-color has-link-color wp-elements-c2a4d6f61365b39beffe07dad57e0774\">V\u00e5ra bars och shakes \u00e4r det perfekta mellanm\u00e5let f\u00f6r dig som vill unna dig utan att kompromissa med h\u00e4lsan.<\/p>\n\n\n\n<div class=\"wp-block-buttons is-layout-flex wp-block-buttons-is-layout-flex\">\n<div class=\"wp-block-button is-style-button-secondary\"><a class=\"wp-block-button__link wp-element-button\" href=\"https:\/\/www.reztart.com\/sv\/produkter\/\">Utforska produkter<\/a><\/div>\n<\/div>\n<\/div>\n\n\n\n<div class=\"qt-container is-style-image-column\">\n<figure class=\"wp-block-image size-medium\"><img loading=\"lazy\" decoding=\"async\" width=\"1200\" height=\"857\" src=\"https:\/\/www.reztart.com\/wp-content\/uploads\/2025\/06\/reztart-bar-1200x857.jpg\" alt=\"Reztart bar\" class=\"wp-image-47255\" srcset=\"https:\/\/www.reztart.com\/wp-content\/uploads\/2025\/06\/reztart-bar-1200x857.jpg 1200w, https:\/\/www.reztart.com\/wp-content\/uploads\/2025\/06\/reztart-bar-300x214.jpg 300w, https:\/\/www.reztart.com\/wp-content\/uploads\/2025\/06\/reztart-bar-600x429.jpg 600w, https:\/\/www.reztart.com\/wp-content\/uploads\/2025\/06\/reztart-bar-800x571.jpg 800w, https:\/\/www.reztart.com\/wp-content\/uploads\/2025\/06\/reztart-bar-768x549.jpg 768w, https:\/\/www.reztart.com\/wp-content\/uploads\/2025\/06\/reztart-bar-400x286.jpg 400w, https:\/\/www.reztart.com\/wp-content\/uploads\/2025\/06\/reztart-bar.jpg 1400w\" sizes=\"auto, (max-width: 1200px) 100vw, 1200px\" \/><\/figure>\n<\/div>\n<\/div><\/section>\n","protected":false},"excerpt":{"rendered":"","protected":false},"author":5,"featured_media":0,"parent":0,"menu_order":0,"comment_status":"closed","ping_status":"closed","template":"","meta":{"_acf_changed":false,"footnotes":""},"class_list":["post-1875","page","type-page","status-publish","hentry"],"acf":[],"_links":{"self":[{"href":"https:\/\/www.reztart.com\/sv\/wp-json\/wp\/v2\/pages\/1875","targetHints":{"allow":["GET"]}}],"collection":[{"href":"https:\/\/www.reztart.com\/sv\/wp-json\/wp\/v2\/pages"}],"about":[{"href":"https:\/\/www.reztart.com\/sv\/wp-json\/wp\/v2\/types\/page"}],"author":[{"embeddable":true,"href":"https:\/\/www.reztart.com\/sv\/wp-json\/wp\/v2\/users\/5"}],"replies":[{"embeddable":true,"href":"https:\/\/www.reztart.com\/sv\/wp-json\/wp\/v2\/comments?post=1875"}],"version-history":[{"count":34,"href":"https:\/\/www.reztart.com\/sv\/wp-json\/wp\/v2\/pages\/1875\/revisions"}],"predecessor-version":[{"id":47427,"href":"https:\/\/www.reztart.com\/sv\/wp-json\/wp\/v2\/pages\/1875\/revisions\/47427"}],"wp:attachment":[{"href":"https:\/\/www.reztart.com\/sv\/wp-json\/wp\/v2\/media?parent=1875"}],"curies":[{"name":"wp","href":"https:\/\/api.w.org\/{rel}","templated":true}]}}