{"id":1692,"date":"2025-03-28T14:12:02","date_gmt":"2025-03-28T13:12:02","guid":{"rendered":"https:\/\/www.reztart.com\/?page_id=1692"},"modified":"2026-03-17T14:15:58","modified_gmt":"2026-03-17T13:15:58","slug":"forsaljningsvillkor","status":"publish","type":"page","link":"https:\/\/www.reztart.com\/sv\/forsaljningsvillkor\/","title":{"rendered":"F\u00f6rs\u00e4ljningsvillkor"},"content":{"rendered":"\n<section class=\"qt-section container-m\"><div class=\"qt-section__inner grid grid-col-1\">\n<div class=\"qt-container\">\n<h1 class=\"wp-block-heading\">F\u00f6rs\u00e4ljningsvillkor<\/h1>\n<\/div>\n\n\n\n<div class=\"qt-container\">\n<h2 class=\"wp-block-heading\">Om Indevex AB, org.nr 556263-7149<\/h2>\n\n\n\n<p>Indevex AB har sitt lager samt kontor i Norrk\u00f6ping. F\u00f6retagets postadress \u00e4r Fridhemsv\u00e4gen 3, 602 13 Norrk\u00f6ping.<br>\u00d6nskar du komma i kontakt med oss, skicka ett mail till info@reztart.se s\u00e5 \u00e5terkopplar vi inom kort.<\/p>\n\n\n\n<h2 class=\"wp-block-heading\">Prisinformation<\/h2>\n\n\n\n<ol class=\"wp-block-list\">\n<li>Alla priser i onlinebutiken&nbsp;<a href=\"http:\/\/www.reztart.com\">www.reztart.com<\/a>\/sv anges i SEK och inkluderar 12% moms.<\/li>\n\n\n\n<li>Betalningar kommer att accepteras i SEK.<\/li>\n\n\n\n<li>Priserna g\u00e4ller fr\u00e5n det att best\u00e4llningen g\u00f6rs till dess att betalningsvillkoret f\u00f6r den gjorda best\u00e4llningen l\u00f6per ut (24 timmar efter det att best\u00e4llningen gjorts).<\/li>\n\n\n\n<li>Om best\u00e4llningen har gjorts innan f\u00f6rs\u00e4ljningsvillkoren eller prislistan har \u00e4ndrats, ska de villkor som g\u00e4ller vid tidpunkten f\u00f6r best\u00e4llningen till\u00e4mpas p\u00e5 de r\u00e4ttsliga f\u00f6rbindelserna mellan k\u00f6paren och Indevex AB. Onlinebutiken&nbsp;<a href=\"http:\/\/www.reztart.com\">www.reztart.com<\/a> f\u00f6rbeh\u00e5ller sig r\u00e4tten att g\u00f6ra \u00e4ndringar i prislistan. Dessa \u00e4ndringar anges p\u00e5 webbplatsen&nbsp;<a href=\"http:\/\/www.reztart.com\">www.reztart.com<\/a><\/li>\n\n\n\n<li>Vi reserverar oss f\u00f6r feltryck i prislistan samt felaktigheter i priser beroende p\u00e5 felaktig information och f\u00f6rbeh\u00e5ller oss r\u00e4tten att d\u00e5 justera priset.<\/li>\n<\/ol>\n\n\n\n<h2 class=\"wp-block-heading\">L\u00e4gga en order<\/h2>\n\n\n\n<ol class=\"wp-block-list\">\n<li>L\u00e4gg till \u00f6nskade produkter i varukorgen.<\/li>\n\n\n\n<li>F\u00f6r att g\u00f6ra en best\u00e4llning, g\u00e5 till kundvagnen (l\u00e4nken till kundvagnen finns i sidhuvudet och i menyn) och se till att de valda varorna \u00e4r korrekta och i \u00f6nskade kvantiteter.<\/li>\n\n\n\n<li>F\u00f6r att g\u00f6ra en best\u00e4llning och betala f\u00f6r varorna, klicka p\u00e5 l\u00e4nken \u201cG\u00e5 till kassan\u201d.<\/li>\n\n\n\n<li>P\u00e5 best\u00e4llningssidan fyller du i de obligatoriska dataf\u00e4lten, v\u00e4ljer l\u00e4mplig leveransmetod och l\u00e4mpligt betalningsalternativ. Du kan bekv\u00e4mt betala f\u00f6r best\u00e4llningen via Klarna.<\/li>\n\n\n\n<li>V\u00e4nligen fyll i f\u00e4lten p\u00e5 sidan f\u00f6r data och orderbekr\u00e4ftelse noggrant, eftersom snabb och smidig leverans av de produkter du har k\u00f6pt och efterf\u00f6ljande l\u00f6sning av tvister och anspr\u00e5k beror p\u00e5 noggrannheten och riktigheten i den information som tillhandah\u00e5lls.<\/li>\n\n\n\n<li>N\u00e4r du slutf\u00f6rt din best\u00e4llning skickas en orderbekr\u00e4ftelse till din e-postadress. I bekr\u00e4ftelsen hittar du alla uppgifter om produkter, pris, fakturerings- och leveransadress.<\/li>\n\n\n\n<li>Vi ber dig g\u00e5 igenom din bekr\u00e4ftelse noggrant, \u00e4r n\u00e5got fel i orderbekr\u00e4ftelsen ska du omedelbart kontakta oss via e-post till info@reztart.se<\/li>\n\n\n\n<li>Best\u00e4llningar som g\u00f6rs i Onlinebutiken behandlas p\u00e5 2-5 arbetsdagar.<\/li>\n<\/ol>\n\n\n\n<h2 class=\"wp-block-heading\">Kustom Checkoutl\u00f6sning<\/h2>\n\n\n\n<p>Vi anv\u00e4nder Kustom Checkout f\u00f6r att hantera ditt k\u00f6p i v\u00e5r butik. Kustom Checkout \u00e4r en oberoende kassal\u00f6sning som tillhandah\u00e5lls av Kustom AB och genom vilken betalmetoder och leveransalternativ finns tillg\u00e4ngliga.<\/p>\n\n\n\n<p>Kustom \u00e4r inte en bank och behandlar inte betalningar direkt; Kustom tillhandah\u00e5ller gr\u00e4nssnittet och logiken som visar de tillg\u00e4ngliga betalmetoderna.<\/p>\n\n\n\n<p>N\u00e4r du anv\u00e4nder kassan f\u00f6r att slutf\u00f6ra ditt k\u00f6p kommer du att erbjudas olika betalmetoder. Dessa betalmetoder tillhandah\u00e5lls av olika betaltj\u00e4nstleverant\u00f6rer, beroende p\u00e5 vilket betalmetod du v\u00e4ljer n\u00e4r du genomf\u00f6r ditt k\u00f6p. F\u00f6r betalningen kan du omdirigeras till en betaltj\u00e4nstleverant\u00f6r, s\u00e5som Klarna d\u00e4r k\u00f6pet slutf\u00f6rs.<\/p>\n\n\n\n<p>F\u00f6r en smidig k\u00f6pupplevelse inkluderar Kustom Checkout automatisk ifyllning av dina uppgifter om du har sparat dem eller tidigare fyllt i dem i Kustom Checkout.<\/p>\n\n\n\n<p>Kustom kommer inte att utf\u00f6ra n\u00e5gon kreditpr\u00f6vning, utan det kan g\u00f6ras av betalmetoden du har valt f\u00f6r att genomf\u00f6ra k\u00f6pet.<\/p>\n\n\n\n<p>Genom att klicka p\u00e5 \u201dBetala k\u00f6p\u201d i kassan godk\u00e4nner du v\u00e5ra villkor, Kustoms anv\u00e4ndarvillkor och bekr\u00e4ftar att du tagit del av Kustoms integritetsmeddelande.<\/p>\n\n\n\n<p>Mer information om hur Kustom hanterar dina uppgifter och driver kassal\u00f6sningen finns i Anv\u00e4ndarvillkoren och Integritetspolicyn. Du hittar dem h\u00e4r.<\/p>\n\n\n\n<h3 class=\"wp-block-heading\">Stripe<\/h3>\n\n\n\n<p>Stripe behandlar s\u00e4kert alla betalningar som g\u00f6rs via Kustom Checkout. Detta g\u00e4ller alla tillg\u00e4ngliga betalmetoder. Stripe \u00e4r reglerat i Europa och auktoriserat av Central Bank of Ireland (referensnummer: C187865) som ett institut f\u00f6r elektroniska pengar. Stripe har laglig r\u00e4tt att utf\u00e4rda elektroniska pengar, genomf\u00f6ra betalningstransaktioner, utf\u00e4rda betalningsinstrument och att bedriva inl\u00f6sen av betalningstransaktioner. Se Central Bank of Ireland\u2019s register f\u00f6r mer information.<\/p>\n\n\n\n<h2 class=\"wp-block-heading\">Tillg\u00e4ngliga betals\u00e4tt<\/h2>\n\n\n\n<h3 class=\"wp-block-heading\">Kort<\/h3>\n\n\n\n<p>Du kan betala med debet- eller kreditkort fr\u00e5n Visa, Mastercard eller AMEX.<\/p>\n\n\n\n<p>Betalningen behandlas s\u00e4kert av Stripe via Kustom Checkout-l\u00f6sningen. All kortinformation \u00f6verf\u00f6rs krypterat och behandlas enligt s\u00e4kerhetsstandarden PCI DSS. Kustom lagrar aldrig din kortinformation.<\/p>\n\n\n\n<h3 class=\"wp-block-heading\">Klarna<\/h3>\n\n\n\n<p>Med Klarna kan du v\u00e4lja att betala direkt, k\u00f6pa nu och betala senare, eller delbetala, beroende p\u00e5 vilka alternativ Klarna erbjuder f\u00f6r ditt k\u00f6p.<\/p>\n\n\n\n<p>N\u00e4r du v\u00e4ljer Klarna hanterar Klarna Bank AB betalningen, inklusive eventuella kreditpr\u00f6vningar och fakturering. Vif\u00e5r betalning fr\u00e5n Klarna, och du betalar Klarna enligt deras villkor.<\/p>\n\n\n\n<p>F\u00f6r mer information om hur Klarna behandlar personuppgifter, se Klarnas integritetspolicy.<\/p>\n\n\n\n<h3 class=\"wp-block-heading\">Apple Pay<\/h3>\n\n\n\n<p>Om du anv\u00e4nder en Apple-enhet kan du betala med Apple Pay.<\/p>\n\n\n\n<p>Betalningar verifieras med Face ID, Touch ID eller enhetens l\u00f6senkod.<\/p>\n\n\n\n<p>Apple Pay anv\u00e4nder en s\u00e4ker token f\u00f6r betalning ist\u00e4llet f\u00f6r ditt faktiska kortnummer, vilket inneb\u00e4r att varken vi, Kustom eller Stripe n\u00e5gonsin ser ditt fullst\u00e4ndiga kortnummer.<\/p>\n\n\n\n<p>Apple Pay anv\u00e4nder webbl\u00e4sarens eller enhetens inbyggda funktioner och l\u00e4gger vanligtvis inte n\u00e5gra egna cookies p\u00e5 v\u00e5r webbplats.<\/p>\n\n\n\n<h3 class=\"wp-block-heading\">Google Pay<\/h3>\n\n\n\n<p>Med Google Pay kan du betala med de kort som finns sparade i din Google Wallet.<\/p>\n\n\n\n<p>Google Pay anv\u00e4nder tokenisering och flera s\u00e4kerhetslager (s\u00e5som kryptering och biometrisk verifiering eller PIN). Ditt faktiska kortnummer delas aldrig med [oss eller Handlaren], Kustom eller Stripe.<\/p>\n\n\n\n<p>F\u00f6r att visa Google Pay-knappen h\u00e4mtas ett tekniskt skript fr\u00e5n Google. Skriptet kan anv\u00e4nda tekniska cookies eller lokal lagring i syfte att motverka bedr\u00e4gerier.<\/p>\n\n\n\n<h2 class=\"wp-block-heading\">F\u00f6rs\u00e4ljningsavtal<\/h2>\n\n\n\n<ol class=\"wp-block-list\">\n<li>Med f\u00f6rs\u00e4ljningsavtalet f\u00f6r varorna \u00e5tar sig&nbsp;<a href=\"https:\/\/reztart.com\/sv\" rel=\"nofollow noopener\" target=\"_blank\">www.reztart.com<\/a>&nbsp;att till k\u00f6paren \u00f6verl\u00e4mna de befintliga varorna eller de varor som f\u00f6rv\u00e4rvats i framtiden av&nbsp;<a href=\"https:\/\/reztart.com\/sv\" rel=\"nofollow noopener\" target=\"_blank\">www.reztart.com<\/a>&nbsp;(Indevex AB) och g\u00f6ra \u00f6verf\u00f6ringen av \u00e4gander\u00e4tten till k\u00f6paren m\u00f6jlig. K\u00f6paren \u00e5tar sig att betala det belopp som anges p\u00e5 fakturan som&nbsp;<a href=\"https:\/\/reztart.com\/sv\" rel=\"nofollow noopener\" target=\"_blank\">www.reztart.com<\/a>&nbsp;(Indevex AB) skickat f\u00f6r varorna och acceptera varorna.<\/li>\n\n\n\n<li>Best\u00e4llningar som inte har betalats kommer att annulleras inom 24 timmar efter att best\u00e4llningen har gjorts.<\/li>\n\n\n\n<li>F\u00f6rs\u00e4ljningsavtalet tr\u00e4der i kraft efter att k\u00f6parens betalning har mottagits p\u00e5 onlinebutikens bankkonto.<\/li>\n<\/ol>\n\n\n\n<h2 class=\"wp-block-heading\">Leverans<\/h2>\n\n\n\n<ol class=\"wp-block-list\">\n<li>Varor som s\u00e4ljs i&nbsp;<a href=\"https:\/\/reztart.com\/sv\" data-type=\"link\" data-id=\"https:\/\/reztart.com\/sv\" rel=\"nofollow noopener\" target=\"_blank\">www.reztart.com<\/a>&nbsp;(Indevex AB) levereras inom Sverie.<\/li>\n\n\n\n<li>Leveranskostnaderna f\u00f6r varorna b\u00e4rs av K\u00f6paren och respektive prisinformation visas bredvid leveransmetoden.<\/li>\n\n\n\n<li>Efter att f\u00f6rs\u00e4ljningsavtalet tr\u00e4tt i kraft ska slutf\u00f6ra best\u00e4llningen och \u00f6verl\u00e4mna den till f\u00f6retagets logistikpartner.<\/li>\n\n\n\n<li>Paketen anl\u00e4nder normalt till den plats som anges av k\u00f6paren inom 5 till 10 arbetsdagar fr\u00e5n det att f\u00f6rs\u00e4ljningsavtalet tr\u00e4der i kraft.<\/li>\n\n\n\n<li>De leveransvillkor som anges p\u00e5 onlinebutikens webbplats \u00e4r giltiga fr\u00e5n det \u00f6gonblick d\u00e5 betalningen f\u00f6r best\u00e4llningen tas emot p\u00e5 onlinebutikens bankkonto.<\/li>\n\n\n\n<li>V\u00e4nligen fyll i f\u00e4lten p\u00e5 sidan f\u00f6r uppgifter och orderbekr\u00e4ftelse noggrant, eftersom den snabba och smidiga leveransen av de produkter du har k\u00f6pt och den efterf\u00f6ljande l\u00f6sningen av tvister och anspr\u00e5k beror p\u00e5 noggrannheten och riktigheten i den information som tillhandah\u00e5lls.<\/li>\n\n\n\n<li><a href=\"https:\/\/reztart.com\/sv\" rel=\"nofollow noopener\" target=\"_blank\">www.reztart.com<\/a>&nbsp;(Indevex AB) \u00e4r inte ansvarig f\u00f6r f\u00f6rseningar i leveransen av varorna om varorna har \u00f6verl\u00e4mnats till logistikpartnern i tid, men f\u00f6rseningen i leveransen beror p\u00e5 omst\u00e4ndigheter som&nbsp;<a href=\"https:\/\/reztart.com\/sv\" rel=\"nofollow noopener\" target=\"_blank\">www.reztart.com<\/a> (Indevex AB) inte kunde p\u00e5verka eller f\u00f6rutse.<\/li>\n<\/ol>\n\n\n\n<h2 class=\"wp-block-heading\">Returpolicy<\/h2>\n\n\n\n<ol class=\"wp-block-list\">\n<li>N\u00e4r best\u00e4llningen har mottagits har k\u00f6paren 14 dagar p\u00e5 sig att fr\u00e5ntr\u00e4da det avtal som ing\u00e5tts med onlinebutiken. F\u00f6r att returnera varorna m\u00e5ste du skicka ett mail till&nbsp;<a href=\"mailto:info@reztart.se\">info@reztart.se<\/a> &nbsp;I ditt mail ska ditt namn, din adress, e-postadress, ordernumret samt vilka varor som returneringen g\u00e4ller framg\u00e5 klart och tydligt.<\/li>\n\n\n\n<li>I h\u00e4ndelse av f\u00f6rs\u00e4mring av skicket p\u00e5 den produkt som returneras \u00e4r k\u00f6paren ansvarig f\u00f6r produktens minskade v\u00e4rde som orsakats av anv\u00e4ndningen av produkten endast i det fall d\u00e5 k\u00f6paren anv\u00e4nde produkten p\u00e5 ett annat s\u00e4tt \u00e4n vad som var n\u00f6dv\u00e4ndigt f\u00f6r att fastst\u00e4lla produktens art, egenskaper och funktion. F\u00f6r att fastst\u00e4lla produktens art, egenskaper och funktion f\u00e5r K\u00f6paren endast hantera och anv\u00e4nda produkten p\u00e5 samma s\u00e4tt som K\u00f6paren vanligtvis skulle till\u00e5tas g\u00f6ra i en butik.<\/li>\n\n\n\n<li>P\u00e5 grund av produktens natur \u00e4r det inte m\u00f6jligt att returnera en vara som inte \u00e4r l\u00e4mplig f\u00f6r retur av h\u00e4lso- eller hygiensk\u00e4l och om den har \u00f6ppnats efter leverans.<\/li>\n\n\n\n<li>Vid mottagandet av \u00e5ngerans\u00f6kan ska webbutiken omedelbart, men senast efter 14 dagar, \u00e5terbetala till k\u00f6paren alla betalningar som mottagits fr\u00e5n k\u00f6paren enligt avtalet, inklusive leveranskostnaderna f\u00f6r den anv\u00e4nda varan.<\/li>\n\n\n\n<li>Kostnaderna f\u00f6r att returnera varorna ska t\u00e4ckas av k\u00f6paren om inte orsaken till retur \u00e4r det faktum att de varor som ska returneras inte motsvarar vad som best\u00e4lldes (en felaktig eller defekt artikel).<\/li>\n\n\n\n<li>Indevex AB har r\u00e4tt att inte g\u00f6ra n\u00e5gon \u00e5terbetalning f\u00f6rr\u00e4n k\u00f6paren har returnerat de k\u00f6pta varorna eller har l\u00e4mnat in bevis p\u00e5 att varorna har \u00f6verl\u00e4mnats till logistikf\u00f6retaget.<\/li>\n\n\n\n<li>Indevex AB ska g\u00f6ra en \u00e5terbetalning till samma konto fr\u00e5n vilket betalningen mottogs.<\/li>\n<\/ol>\n\n\n\n<h2 class=\"wp-block-heading\">F\u00f6rfarande f\u00f6r inl\u00e4mnande av klagom\u00e5l<\/h2>\n\n\n\n<ol class=\"wp-block-list\">\n<li>Vi granskar alla produkter innan de skickas till dig. Skulle produkten \u00e4nd\u00e5 vara skadad  n\u00e4r den anl\u00e4nder \u00e5tar vi oss i enlighet med g\u00e4llande konsumentskyddslagstiftning att kostnadsfritt \u00e5tg\u00e4rda felet.<\/li>\n\n\n\n<li>Du m\u00e5ste alltid kontakta oss f\u00f6r ett godk\u00e4nnande innan du returnerar en defekt vara.<\/li>\n\n\n\n<li>V\u00e4nligen meddela oss omedelbart via mail&nbsp;<a href=\"mailto:info@reztart.se\">info@reztart.se<\/a>&nbsp;om att den mottagna varan inte \u00e4r den vara som du best\u00e4llt eller om den \u00e4r defekt, dock senast 7 dagar efter mottagen leverans.<\/li>\n\n\n\n<li>I ditt meddelande ska ditt namn, din adress, e-postadress, ordernumret samt vilka varor som returneringen g\u00e4ller framg\u00e5 klart och tydligt.<br><br>F\u00f6r mer om den lagstiftade \u00e5ngerr\u00e4tten, se&nbsp;<a href=\"http:\/\/www.konsumentverket.se\/for-foretag\/konsumentratt-for-foretagare\/om-kunden-angrar-sitt-kop\/\" target=\"_blank\" rel=\"noreferrer noopener nofollow\"><strong>h\u00e4r<\/strong>.<\/a><\/li>\n<\/ol>\n\n\n\n<h2 class=\"wp-block-heading\">Produktinformation<\/h2>\n\n\n\n<ol class=\"wp-block-list\">\n<li>Vi reserverar oss f\u00f6r eventuella tryckfel p\u00e5 www.reztart.com samt slutf\u00f6rs\u00e4ljning av produkter. Vi garanterar inte att bilderna \u00e5terger produkternas exakta utseende d\u00e5 en viss f\u00e4rgskillnad kan f\u00f6rekomma beroende p\u00e5 bildsk\u00e4rm, fotokvalitet samt uppl\u00f6sning. Vi f\u00f6rs\u00f6ker alltid p\u00e5 b\u00e4sta s\u00e4tt att exponera produkterna s\u00e5 korrekt som m\u00f6jligt.<\/li>\n<\/ol>\n\n\n\n<h2 class=\"wp-block-heading\">Force Majeure<\/h2>\n\n\n\n<ol class=\"wp-block-list\">\n<li><a href=\"https:\/\/reztart.com\/sv\" rel=\"nofollow noopener\" target=\"_blank\">www.reztart.com<\/a> (Indevex AB) \u00e4r inte ansvarig f\u00f6r skador som orsakats av k\u00f6paren eller f\u00f6rseningar i leveransen av varor om skadan eller f\u00f6rseningen i leveransen av varor beror p\u00e5 omst\u00e4ndigheter som&nbsp;<a href=\"https:\/\/reztart.com\/sv\" rel=\"nofollow noopener\" target=\"_blank\">www.reztart.com<\/a>&nbsp;(Indevex AB) inte kunde p\u00e5verka eller f\u00f6rutse.<\/li>\n<\/ol>\n\n\n\n<h2 class=\"wp-block-heading\">Personuppgifter<\/h2>\n\n\n\n<p>Genom att handla hos&nbsp;<a href=\"https:\/\/reztart.com\/sv\" data-type=\"link\" data-id=\"https:\/\/reztart.com\/sv\" rel=\"nofollow noopener\" target=\"_blank\">www.reztart.com<\/a>&nbsp;(Indevex AB) accepterar du v\u00e5r dataskyddspolicy och v\u00e5r behandling av dina personuppgifter. Vi v\u00e4rnar om din personliga integritet och samlar inte in fler uppgifter \u00e4n n\u00f6dv\u00e4ndigt f\u00f6r att behandla din best\u00e4llning. Vi s\u00e4ljer eller vidareger aldrig dina uppgifter till tredjepart utan r\u00e4ttslig grund.<\/p>\n\n\n\n<p>Indevex AB (<a href=\"https:\/\/reztart.com\/sv\" data-type=\"link\" data-id=\"https:\/\/reztart.com\/sv\" rel=\"nofollow noopener\" target=\"_blank\">www.reztart.com<\/a>) ansvarar f\u00f6r behandlingen av personuppgifter som du l\u00e4mnat till oss som kund. Dina personuppgifter behandlas av oss f\u00f6r att kunna hantera din best\u00e4llning samt i de tillf\u00e4llen d\u00e5 du har \u00f6nskat nyhetsbrev eller kampanjerbjudanden \u2013 f\u00f6r att kunna anpassa marknadsf\u00f6ringen \u00e5t dina individuella behov.<\/p>\n\n\n\n<p>Nedan information \u00e4r en summering av hur vi i enlighet med&nbsp;<a href=\"https:\/\/www.datainspektionen.se\/dataskyddsreformen\/dataskyddsforordningen\/\" target=\"_blank\" rel=\"noreferrer noopener nofollow\">dataskyddsf\u00f6rordningen<\/a>&nbsp;(GDPR) lagrar och behandlar dina uppgifter.<\/p>\n\n\n\n<ol class=\"wp-block-list\">\n<li>Vad \u00e4r en personuppgift? En personuppgift \u00e4r all information som direkt eller indirekt kan h\u00e4nf\u00f6ras till en fysisk person.<\/li>\n\n\n\n<li>Vilka uppgifter lagrar vi? F\u00f6r att kunna hantera din best\u00e4llning samt svara p\u00e5 fr\u00e5gor relaterat till din order (kundtj\u00e4nst) lagrar vi ditt f\u00f6rnamn- och efternamn, adress, telefonnummer, e-postadress, ip-adress och k\u00f6phistorik<\/li>\n\n\n\n<li>Dina uppgifter lagras s\u00e5 l\u00e4nge vi har en r\u00e4ttslig grund att behandla dina uppgifter, exempelvis f\u00f6r att fullf\u00f6lja avtalet mellan oss eller f\u00f6r att efterleva en r\u00e4ttslig f\u00f6rpliktelse enligt exempelvis bokf\u00f6ringslagen.<\/li>\n\n\n\n<li>R\u00e4ttslig grund. I samband med ett k\u00f6p ehandlas dina personuppgifter f\u00f6r att fullf\u00f6lja avtalet med dig.<\/li>\n\n\n\n<li>Marknadsf\u00f6ring, kampanjer och liknande utskick sker efter samtycke fr\u00e5n dig.<\/li>\n\n\n\n<li>Vilka uppgifter delas och med vilket syfte?\n<ol class=\"wp-block-list\">\n<li>Betalleverant\u00f6r. Vid genomf\u00f6rande av k\u00f6p, delas information med v\u00e5r betalleverant\u00f6r. Det som lagras \u00e4r f\u00f6rnamn, efternamn, adress, e-postadress och telefonnummer. V\u00e4ljer du att betala med faktura sparas \u00e4ven personnummer hos betalleverant\u00f6ren. Informationen sparas f\u00f6r att kunna genomf\u00f6ra k\u00f6pet och f\u00f6r att skydda parterna mot bedr\u00e4geri.&nbsp;De betalleverant\u00f6rer (betaltj\u00e4nster) som vi anv\u00e4nder oss av \u00e4r: Klarna.<\/li>\n\n\n\n<li>Fraktbolag. F\u00f6r att kunna leverera dina best\u00e4llningar och slutf\u00f6ra v\u00e5rt avtal m\u00e5ste vi dela med specifik information med fraktbolaget. Det som delas med fraktbolaget \u00e4r f\u00f6rnamn, efternamn samt adressuppgifter f\u00f6r leverans. E-postadress och\/eller mobilnummer kan \u00e4ven komma att delas med fraktbolaget f\u00f6r avisering.<br>De fraktbolag vi samarbetar med \u00e4r: PostNord<\/li>\n\n\n\n<li>Nyhetsbrev. Har du valt att prenumerera p\u00e5 v\u00e5rt nyhetsbrev delas f\u00f6rnamn, efternamn och e-postadress med v\u00e5r nyhetsbrevs leverant\u00f6r. Detta f\u00f6r att kunna h\u00e5lla dig uppdaterad med information och erbjudanden i marknadsf\u00f6ringssyfte.<br>Vi anv\u00e4nder f\u00f6r utskick av nyhetsbrev: Smaily<\/li>\n<\/ol>\n<\/li>\n\n\n\n<li>R\u00e4tten till tillg\u00e5ng. Du har r\u00e4tt att f\u00e5 utdrag av all information som finns om dig hos oss. Utdrag levereras elektroniskt i ett l\u00e4sbart format.<\/li>\n\n\n\n<li>R\u00e4tt till r\u00e4ttelse. Du har r\u00e4tt att be oss uppdatera felaktig information eller komplettera information som \u00e4r bristf\u00e4llig.<\/li>\n\n\n\n<li>R\u00e4tten att bli gl\u00f6md. Du kan n\u00e4r som helst be att uppgifterna som avser dig raderas. Det finns f\u00e5 undantag till r\u00e4tten till radering, som till exempel om det ska beh\u00e5llas f\u00f6r att vi m\u00e5ste uppfylla en r\u00e4ttslig f\u00f6rpliktelse (exempelvis enligt bokf\u00f6ringslagen).<\/li>\n\n\n\n<li>Ansvarig f\u00f6r dataskydd. Indevex AB (<a href=\"http:\/\/www.reztart.com\" data-type=\"link\" data-id=\"www.reztart.com\">www.reztart.com<\/a>) \u00e4r ansvarig f\u00f6r lagring och behandling av personuppgifter i webbutiken och ser till att reglerna efterf\u00f6ljs.<\/li>\n\n\n\n<li>S\u00e5 skyddar vi dina personuppgifter . Vi anv\u00e4nder oss av industristandarder som SSL\/TLS och env\u00e4gs hash-algoritmer f\u00f6r att lagra, behandla och kommunicera k\u00e4nslig information som exempelvis personuppgifter och l\u00f6senord p\u00e5 ett s\u00e4kert s\u00e4tt.<\/li>\n<\/ol>\n\n\n\n<h2 class=\"wp-block-heading\">Tvist och lagval<\/h2>\n\n\n\n<ol class=\"wp-block-list\">\n<li>I tillf\u00e4lle av att tvist inte kan l\u00f6sas i samf\u00f6rst\u00e5nd med f\u00f6retagets kundtj\u00e4nst och kunden, kan du som kund v\u00e4nda dig till Allm\u00e4nna Reklamationsn\u00e4mnden, se arn.se. F\u00f6r boende i ett annat EU-land \u00e4n Sverige kan man l\u00e4mna klagom\u00e5l online via EU-kommissionens plattform f\u00f6r medling i tvister, se&nbsp;<a href=\"http:\/\/ec.europa.eu\/consumers\/odr\" target=\"_blank\" rel=\"noreferrer noopener nofollow\">http:\/\/ec.europa.eu\/consumers\/odr<\/a><br>Vid eventuell tvist f\u00f6ljer vi beslut fr\u00e5n ARN eller motsvarande tvistl\u00f6sningsorgan.<br>Tvist g\u00e4llande tolkningen eller till\u00e4mpningen av dessa allm\u00e4nna villkor ska tolkas i enlighet med svensk r\u00e4tt och lag.<\/li>\n<\/ol>\n<\/div>\n<\/div><\/section>\n","protected":false},"excerpt":{"rendered":"","protected":false},"author":5,"featured_media":0,"parent":0,"menu_order":0,"comment_status":"closed","ping_status":"closed","template":"","meta":{"_acf_changed":false,"footnotes":""},"class_list":["post-1692","page","type-page","status-publish","hentry"],"acf":[],"_links":{"self":[{"href":"https:\/\/www.reztart.com\/sv\/wp-json\/wp\/v2\/pages\/1692","targetHints":{"allow":["GET"]}}],"collection":[{"href":"https:\/\/www.reztart.com\/sv\/wp-json\/wp\/v2\/pages"}],"about":[{"href":"https:\/\/www.reztart.com\/sv\/wp-json\/wp\/v2\/types\/page"}],"author":[{"embeddable":true,"href":"https:\/\/www.reztart.com\/sv\/wp-json\/wp\/v2\/users\/5"}],"replies":[{"embeddable":true,"href":"https:\/\/www.reztart.com\/sv\/wp-json\/wp\/v2\/comments?post=1692"}],"version-history":[{"count":6,"href":"https:\/\/www.reztart.com\/sv\/wp-json\/wp\/v2\/pages\/1692\/revisions"}],"predecessor-version":[{"id":49454,"href":"https:\/\/www.reztart.com\/sv\/wp-json\/wp\/v2\/pages\/1692\/revisions\/49454"}],"wp:attachment":[{"href":"https:\/\/www.reztart.com\/sv\/wp-json\/wp\/v2\/media?parent=1692"}],"curies":[{"name":"wp","href":"https:\/\/api.w.org\/{rel}","templated":true}]}}