{"id":49573,"date":"2026-01-05T16:54:41","date_gmt":"2026-01-05T15:54:41","guid":{"rendered":"https:\/\/www.reztart.com\/?post_type=product&#038;p=49573"},"modified":"2026-04-17T11:11:19","modified_gmt":"2026-04-17T09:11:19","slug":"proovipakett-health","status":"publish","type":"product","link":"https:\/\/www.reztart.com\/et\/toode\/proovipakett-health\/","title":{"rendered":"Proovipakett &#8211; HEALTH"},"content":{"rendered":"<p data-start=\"102\" data-end=\"275\">Siin aitame sul teha otsuse tugeva alguse jaoks aastal 2026.<br data-start=\"164\" data-end=\"167\" \/>Saad 27 portsjonit meie pulbrilist HEALTH kokteili vabalt valitud maitsega ning 8 HEALTH proteiinibatooni.<\/p>\n<p data-start=\"277\" data-end=\"404\">Meie tooted on loodud selleks, et aidata sul saavutada stabiilsem veresuhkur, \u00fchtlasem energiataset ja v\u00e4hendada magusaisu.<\/p>\n<p data-start=\"406\" data-end=\"540\">Valgu- ja kiudainerikkad kokteilid ja batoonid sobivad ideaalselt kiireks ja tasakaalustatud vahepalaks igal hetkel p\u00e4eva jooksul.<\/p>\n<p data-start=\"542\" data-end=\"1026\">Meie HEALTH pulbrilised kokteilid on toitaineterikas valgupulber, rikastatud NGC\u00ae-ga (Natural Glycemic Control) \u2013 teaduslikult v\u00e4lja t\u00f6\u00f6tatud toitainete seguga, mis koosneb looduslikest kontsentreeritud toorainetest nagu \u00f5unad, kibuvits, suhkrupeedikiud, herned, spetsiaalsed oomega-3 ja oomega-6 rikkad munad ning vadakuvalk.<br data-start=\"870\" data-end=\"873\" \/>Kokteilil on madal gl\u00fckeemiline koormus ning selle k\u00f5rge valgu- ja kiudainesisaldus aitab kaasa stabiilsemale veresuhkrule ja pikemale t\u00e4isk\u00f5hutundele.<\/p>\n<p data-start=\"1028\" data-end=\"1153\">Meie HEALT batoonid on ideaalne vahepala liikvel olles, rikastatud NGC\u00ae-ga, pakkudes igas ampsus kvaliteetset toitumist.<\/p>\n<p data-start=\"1155\" data-end=\"1374\">Reztarti tooted on loodud sobima k\u00f5igile \u2013 s\u00f5ltumata vanusest v\u00f5i aktiivsustasemest. Need pakuvad tasakaalustatud kombinatsiooni valkudest, kiudainetest ja olulistest toitainetest, mis toetavad tervislikku eluviisi.<\/p>\n<p data-start=\"1376\" data-end=\"1448\">Reztart \u2013 lihtne viis p\u00fcsida t\u00e4is ja energiline, kus iganes sa oled.<\/p>\n","protected":false},"excerpt":{"rendered":"<p><br data-mce-bogus=\"1\"><\/p>\n","protected":false},"featured_media":48919,"comment_status":"open","ping_status":"closed","template":"","meta":{"_acf_changed":false},"product_brand":[],"product_cat":[86,87,99],"product_tag":[],"product-badges":[109],"class_list":{"0":"post-49573","1":"product","2":"type-product","3":"status-publish","4":"has-post-thumbnail","6":"product_cat-batoonid","7":"product_cat-joogisegud","8":"product_cat-megapakk","10":"first","11":"instock","12":"taxable","13":"shipping-taxable","14":"purchasable","15":"product-type-variable"},"acf":[],"_links":{"self":[{"href":"https:\/\/www.reztart.com\/et\/wp-json\/wp\/v2\/product\/49573","targetHints":{"allow":["GET"]}}],"collection":[{"href":"https:\/\/www.reztart.com\/et\/wp-json\/wp\/v2\/product"}],"about":[{"href":"https:\/\/www.reztart.com\/et\/wp-json\/wp\/v2\/types\/product"}],"replies":[{"embeddable":true,"href":"https:\/\/www.reztart.com\/et\/wp-json\/wp\/v2\/comments?post=49573"}],"wp:featuredmedia":[{"embeddable":true,"href":"https:\/\/www.reztart.com\/et\/wp-json\/wp\/v2\/media\/48919"}],"wp:attachment":[{"href":"https:\/\/www.reztart.com\/et\/wp-json\/wp\/v2\/media?parent=49573"}],"wp:term":[{"taxonomy":"product_brand","embeddable":true,"href":"https:\/\/www.reztart.com\/et\/wp-json\/wp\/v2\/product_brand?post=49573"},{"taxonomy":"product_cat","embeddable":true,"href":"https:\/\/www.reztart.com\/et\/wp-json\/wp\/v2\/product_cat?post=49573"},{"taxonomy":"product_tag","embeddable":true,"href":"https:\/\/www.reztart.com\/et\/wp-json\/wp\/v2\/product_tag?post=49573"},{"taxonomy":"product-badges","embeddable":true,"href":"https:\/\/www.reztart.com\/et\/wp-json\/wp\/v2\/product-badges?post=49573"}],"curies":[{"name":"wp","href":"https:\/\/api.w.org\/{rel}","templated":true}]}}