{"id":49555,"date":"2026-01-05T16:54:41","date_gmt":"2026-01-05T15:54:41","guid":{"rendered":"https:\/\/www.reztart.com\/product\/stabil-start\/"},"modified":"2026-01-05T16:54:41","modified_gmt":"2026-01-05T15:54:41","slug":"stabil-start","status":"publish","type":"product","link":"https:\/\/www.reztart.com\/et\/toode\/stabil-start\/","title":{"rendered":"Stabil Start- Flera alternativ"},"content":{"rendered":"<p>H\u00e4r har vi hj\u00e4lp dig att ta beslutet om en stabil start p\u00e5 2026, du f\u00e5r 27 portioner av v\u00e5r pulvershake HEALTH i valfri smak, samt 8 st HEALTH proteinbars.<br \/>\nV\u00e5ra produkter \u00e4r framtagna f\u00f6r att hj\u00e4lpa dig att uppn\u00e5 ett stabilare blodsocker, j\u00e4mnare energi och minskat s\u00f6tsug.<\/p>\n<p>Shakes och bars rika p\u00e5 protein och fibrer, passar perfekt som ett snabbt, balanserat mellanm\u00e5l f\u00f6r dagens alla mellanrum.<\/p>\n<p><strong>V\u00e5ra HEALTH pulvershakes<\/strong>\u00a0\u00e4r ett n\u00e4ringsrikt proteinpulver berikat med NGC\u00ae, en vetenskapligt framtagen n\u00e4ringsmix som\u00a0<span data-contrast=\"auto\">best\u00e5r av naturliga r\u00e5varor i koncentrerad form fr\u00e5n \u00e4pplen, nypon, fibrer fr\u00e5n sockerbeta, \u00e4rtor, s\u00e4rskilda Omega3- och Omega6-rika \u00e4gg samt \u202fvassleprotein.<\/span><span data-ccp-props=\"{&quot;134233117&quot;:true,&quot;134233118&quot;:true,&quot;201341983&quot;:0,&quot;335559739&quot;:160,&quot;335559740&quot;:240}\">\u00a0Shaken<\/span>\u00a0har l\u00e5g glykemisk belastning, dess h\u00f6ga protein och fiber inneh\u00e5ll bidrar till ett stabilare blodsocker och \u00f6kad m\u00e4ttnadsk\u00e4nsla.<\/p>\n<p><strong>V\u00e5ra HEALTH bars<\/strong> \u00e4r det perfekta mellanm\u00e5let n\u00e4r du \u00e4r p\u00e5 spr\u00e5ng, berikade med n\u00e4ringsmixen NGC\u00ae som ger dig h\u00f6gkvalitativ n\u00e4ring i varje tugga.<\/p>\n<p data-start=\"715\" data-end=\"921\">Reztarts produkter \u00e4r utvecklade f\u00f6r att passa alla \u2013 oavsett \u00e5lder eller aktivitetsniv\u00e5. De erbjuder en balanserad kombination av protein, fiber och viktiga n\u00e4rings\u00e4mnen som st\u00f6djer en h\u00e4lsosam livsstil.<\/p>\n<p data-start=\"1133\" data-end=\"1212\"><strong data-start=\"1133\" data-end=\"1212\">Reztart \u2013 ett enkelt s\u00e4tt att h\u00e5lla dig m\u00e4tt och energifylld, var du \u00e4n \u00e4r.<\/strong><\/p>\n","protected":false},"excerpt":{"rendered":"<p>H\u00e4r har vi hj\u00e4lp dig att ta beslutet om en stabil start p\u00e5 2026, du f\u00e5r 27 portioner av v\u00e5r pulvershake HEALTH i valfri smak samt 8 st proteinbars.<br \/>\nV\u00e5ra produkter \u00e4r framtagna f\u00f6r att hj\u00e4lpa dig att uppn\u00e5 ett stabilare blodsocker, j\u00e4mnare energi och minskat s\u00f6tsug.<\/p>\n","protected":false},"featured_media":48919,"comment_status":"open","ping_status":"closed","template":"","meta":{"_acf_changed":false},"product_brand":[],"product_cat":[86,87,99],"product_tag":[],"product-badges":[109],"class_list":{"0":"post-49555","1":"product","2":"type-product","3":"status-publish","4":"has-post-thumbnail","6":"product_cat-batoonid","7":"product_cat-joogisegud","8":"product_cat-megapakk","10":"first","11":"instock","12":"taxable","13":"shipping-taxable","14":"purchasable","15":"product-type-variable"},"acf":[],"_links":{"self":[{"href":"https:\/\/www.reztart.com\/et\/wp-json\/wp\/v2\/product\/49555","targetHints":{"allow":["GET"]}}],"collection":[{"href":"https:\/\/www.reztart.com\/et\/wp-json\/wp\/v2\/product"}],"about":[{"href":"https:\/\/www.reztart.com\/et\/wp-json\/wp\/v2\/types\/product"}],"replies":[{"embeddable":true,"href":"https:\/\/www.reztart.com\/et\/wp-json\/wp\/v2\/comments?post=49555"}],"wp:featuredmedia":[{"embeddable":true,"href":"https:\/\/www.reztart.com\/et\/wp-json\/wp\/v2\/media\/48919"}],"wp:attachment":[{"href":"https:\/\/www.reztart.com\/et\/wp-json\/wp\/v2\/media?parent=49555"}],"wp:term":[{"taxonomy":"product_brand","embeddable":true,"href":"https:\/\/www.reztart.com\/et\/wp-json\/wp\/v2\/product_brand?post=49555"},{"taxonomy":"product_cat","embeddable":true,"href":"https:\/\/www.reztart.com\/et\/wp-json\/wp\/v2\/product_cat?post=49555"},{"taxonomy":"product_tag","embeddable":true,"href":"https:\/\/www.reztart.com\/et\/wp-json\/wp\/v2\/product_tag?post=49555"},{"taxonomy":"product-badges","embeddable":true,"href":"https:\/\/www.reztart.com\/et\/wp-json\/wp\/v2\/product-badges?post=49555"}],"curies":[{"name":"wp","href":"https:\/\/api.w.org\/{rel}","templated":true}]}}