{"id":48577,"date":"2025-10-31T10:08:10","date_gmt":"2025-10-31T09:08:10","guid":{"rendered":"https:\/\/www.reztart.com\/?post_type=product&#038;p=48577"},"modified":"2026-02-03T10:16:15","modified_gmt":"2026-02-03T09:16:15","slug":"maasika-slim-pulbrijook-ngc-ja-glukomannaniga","status":"publish","type":"product","link":"https:\/\/www.reztart.com\/et\/toode\/maasika-slim-pulbrijook-ngc-ja-glukomannaniga\/","title":{"rendered":"Maasika Slim &#8211; pulbrijook NGC\u00ae ja gl\u00fckomannaniga."},"content":{"rendered":"<p>Maasika slim &#8211; pulbrijook NGC\u00ae ja gl\u00fckomannaniga. Sisaldab magusainet ja loomulikult esinevaid suhkruid.<\/p>\n<p>Suurep\u00e4rane alternatiiv neile, kes soovivad h\u00e4sti maitsvat segu ja mida on v\u00f5imalik ka ainult veega segades juua.<\/p>\n","protected":false},"excerpt":{"rendered":"<p>Kiiresti valmiv rikkalike toitainetega vaniljene joogisegu, mis annab sulle energiat, t\u00e4idab k\u00f5htu ja aitab v\u00f5idelda v\u00e4simusega.<\/p>\n","protected":false},"featured_media":48593,"comment_status":"open","ping_status":"closed","template":"","meta":{"_acf_changed":false},"product_brand":[],"product_cat":[87],"product_tag":[],"product-badges":[],"class_list":{"0":"post-48577","1":"product","2":"type-product","3":"status-publish","4":"has-post-thumbnail","6":"product_cat-joogisegud","8":"first","9":"instock","10":"taxable","11":"shipping-taxable","12":"purchasable","13":"product-type-simple"},"acf":[],"_links":{"self":[{"href":"https:\/\/www.reztart.com\/et\/wp-json\/wp\/v2\/product\/48577","targetHints":{"allow":["GET"]}}],"collection":[{"href":"https:\/\/www.reztart.com\/et\/wp-json\/wp\/v2\/product"}],"about":[{"href":"https:\/\/www.reztart.com\/et\/wp-json\/wp\/v2\/types\/product"}],"replies":[{"embeddable":true,"href":"https:\/\/www.reztart.com\/et\/wp-json\/wp\/v2\/comments?post=48577"}],"wp:featuredmedia":[{"embeddable":true,"href":"https:\/\/www.reztart.com\/et\/wp-json\/wp\/v2\/media\/48593"}],"wp:attachment":[{"href":"https:\/\/www.reztart.com\/et\/wp-json\/wp\/v2\/media?parent=48577"}],"wp:term":[{"taxonomy":"product_brand","embeddable":true,"href":"https:\/\/www.reztart.com\/et\/wp-json\/wp\/v2\/product_brand?post=48577"},{"taxonomy":"product_cat","embeddable":true,"href":"https:\/\/www.reztart.com\/et\/wp-json\/wp\/v2\/product_cat?post=48577"},{"taxonomy":"product_tag","embeddable":true,"href":"https:\/\/www.reztart.com\/et\/wp-json\/wp\/v2\/product_tag?post=48577"},{"taxonomy":"product-badges","embeddable":true,"href":"https:\/\/www.reztart.com\/et\/wp-json\/wp\/v2\/product-badges?post=48577"}],"curies":[{"name":"wp","href":"https:\/\/api.w.org\/{rel}","templated":true}]}}