{"id":48569,"date":"2025-10-31T10:11:10","date_gmt":"2025-10-31T09:11:10","guid":{"rendered":"https:\/\/www.reztart.com\/?post_type=product&#038;p=48569"},"modified":"2026-02-03T10:16:14","modified_gmt":"2026-02-03T09:16:14","slug":"maasika-health-pulbrijook-ngc-ga","status":"publish","type":"product","link":"https:\/\/www.reztart.com\/et\/toode\/maasika-health-pulbrijook-ngc-ga\/","title":{"rendered":"Maasika Health &#8211; pulbrijook NGC\u00ae-ga."},"content":{"rendered":"<p>Maasika Health &#8211; pulbrijook NGC\u00ae-ga. Sisaldab magusainet ja loomulikult esinevaid suhkruid.<\/p>\n<p>Suurep\u00e4rane alternatiiv neile, kes soovivad h\u00e4sti maitsvat segu ja mida on v\u00f5imalik ka ainult veega segades juua.<\/p>\n","protected":false},"excerpt":{"rendered":"<p>Maasika Health \u2013 pulbrijook NGC\u00ae-ga. Sisaldab magusainet ja loomulikult esinevaid suhkruid.<\/p>\n<p>Suurep\u00e4rane alternatiiv neile, kes soovivad h\u00e4sti maitsvat segu ja mida on v\u00f5imalik ka ainult veega segades juua.<\/p>\n","protected":false},"featured_media":48595,"comment_status":"open","ping_status":"closed","template":"","meta":{"_acf_changed":false},"product_brand":[],"product_cat":[87],"product_tag":[],"product-badges":[],"class_list":{"0":"post-48569","1":"product","2":"type-product","3":"status-publish","4":"has-post-thumbnail","6":"product_cat-joogisegud","8":"first","9":"instock","10":"taxable","11":"shipping-taxable","12":"purchasable","13":"product-type-simple"},"acf":[],"_links":{"self":[{"href":"https:\/\/www.reztart.com\/et\/wp-json\/wp\/v2\/product\/48569","targetHints":{"allow":["GET"]}}],"collection":[{"href":"https:\/\/www.reztart.com\/et\/wp-json\/wp\/v2\/product"}],"about":[{"href":"https:\/\/www.reztart.com\/et\/wp-json\/wp\/v2\/types\/product"}],"replies":[{"embeddable":true,"href":"https:\/\/www.reztart.com\/et\/wp-json\/wp\/v2\/comments?post=48569"}],"wp:featuredmedia":[{"embeddable":true,"href":"https:\/\/www.reztart.com\/et\/wp-json\/wp\/v2\/media\/48595"}],"wp:attachment":[{"href":"https:\/\/www.reztart.com\/et\/wp-json\/wp\/v2\/media?parent=48569"}],"wp:term":[{"taxonomy":"product_brand","embeddable":true,"href":"https:\/\/www.reztart.com\/et\/wp-json\/wp\/v2\/product_brand?post=48569"},{"taxonomy":"product_cat","embeddable":true,"href":"https:\/\/www.reztart.com\/et\/wp-json\/wp\/v2\/product_cat?post=48569"},{"taxonomy":"product_tag","embeddable":true,"href":"https:\/\/www.reztart.com\/et\/wp-json\/wp\/v2\/product_tag?post=48569"},{"taxonomy":"product-badges","embeddable":true,"href":"https:\/\/www.reztart.com\/et\/wp-json\/wp\/v2\/product-badges?post=48569"}],"curies":[{"name":"wp","href":"https:\/\/api.w.org\/{rel}","templated":true}]}}