{"id":48522,"date":"2025-10-31T10:13:10","date_gmt":"2025-10-31T09:13:10","guid":{"rendered":"https:\/\/www.reztart.com\/?post_type=product&#038;p=48522"},"modified":"2026-02-03T10:16:14","modified_gmt":"2026-02-03T09:16:14","slug":"vaniljemaitseline-health-pulbrijook-ngc-ga","status":"publish","type":"product","link":"https:\/\/www.reztart.com\/et\/toode\/vaniljemaitseline-health-pulbrijook-ngc-ga\/","title":{"rendered":"Vanilje, valgu- ja kiudainerikas pulbriline shake NGC\u00ae-ga"},"content":{"rendered":"<p><strong>Meie HEALTH pulbrilised shokid<\/strong> on toitev valgupulber, mis on rikastatud NGC\u00ae-ga, teaduslikult v\u00e4lja t\u00f6\u00f6tatud toitaineseguga, <span data-contrast=\"auto\">mis koosneb kontsentreeritud kujul looduslikest toorainetest, mis p\u00e4rinevad \u00f5untest, roosi puusadest, suhkrupeedi kiudainetest, hernestest, spetsiaalsetest Omega3- ja Omega6-rikkaist munadest ja vadakuvalgust.<\/span><span data-ccp-props=\"{\"> Shake<\/span> on madala gl\u00fckeemilise koormusega, selle k\u00f5rge valgu- ja kiudainesisaldus aitab kaasa stabiilsemale veresuhkrule ja suurenenud k\u00fcllastustundele.<\/p>\n<ul>\n<li>Looduslik toitumine<\/li>\n<li>Suurenenud energia<\/li>\n<li>Stabiilsem veresuhkur<\/li>\n<li>V\u00e4henenud isu magusate j\u00e4rele<\/li>\n<li>Suurem kontroll ebatervislike toitumisharjumuste \u00fcle<\/li>\n<li>Gluteenivaba<\/li>\n<li>Valmistatud Rootsis<\/li>\n<\/ul>\n<p><strong>Reztart HEALTH tooted<\/strong> on m\u00f5eldud k\u00f5ikidele vanusegruppidele, s\u00f5ltumata f\u00fc\u00fcsilisest aktiivsusest. See on toitev vahepala, mis pakub t\u00e4iuslikku tasakaalu valkude, kiudainete ja oluliste toitainete vahel, et toetada tervislikumat eluviisi. T\u00e4nu looduslikele koostisosadele ja teaduslikult t\u00f5estatud kasulikkusele annab Reztart teile energiat, mida vajate p\u00e4eva v\u00e4ljakutsetega toimetulekuks, aidates samal ajal stabiliseerida veresuhkru taset ja v\u00f5idelda ebatervislike harjumuste vastu. Sobib ideaalselt kiireks vahepalaks v\u00f5i s\u00f6\u00f6gi k\u00f5rvale.<\/p>\n<p><strong>Reztart pulbriline shake on saadaval kahes erinevas pakendis vanilje, maasika ja \u0161okolaadi maitsega.<\/strong><br \/>\n<strong>Big Bag 500 g- <\/strong> 27 portsjonit \/ kott<br \/>\n<strong>Portioonikotid 252 g &#8211; <\/strong>14 portsjonit \/ karp<\/p>\n","protected":false},"excerpt":{"rendered":"<p>Reztart HEALTH Vanilla Shake on funktsionaalne pulbriline shake, millel on pehme vanilje maitse. See on valgu- ja kiudainerikas ning sobib ideaalselt kiireks ja tasakaalustatud vahepalaks mis tahes kellaaegadel.<\/p>\n","protected":false},"featured_media":48603,"comment_status":"open","ping_status":"closed","template":"","meta":{"_acf_changed":false},"product_brand":[],"product_cat":[87],"product_tag":[],"product-badges":[],"class_list":{"0":"post-48522","1":"product","2":"type-product","3":"status-publish","4":"has-post-thumbnail","6":"product_cat-joogisegud","8":"first","9":"instock","10":"taxable","11":"shipping-taxable","12":"purchasable","13":"product-type-simple"},"acf":[],"_links":{"self":[{"href":"https:\/\/www.reztart.com\/et\/wp-json\/wp\/v2\/product\/48522","targetHints":{"allow":["GET"]}}],"collection":[{"href":"https:\/\/www.reztart.com\/et\/wp-json\/wp\/v2\/product"}],"about":[{"href":"https:\/\/www.reztart.com\/et\/wp-json\/wp\/v2\/types\/product"}],"replies":[{"embeddable":true,"href":"https:\/\/www.reztart.com\/et\/wp-json\/wp\/v2\/comments?post=48522"}],"wp:featuredmedia":[{"embeddable":true,"href":"https:\/\/www.reztart.com\/et\/wp-json\/wp\/v2\/media\/48603"}],"wp:attachment":[{"href":"https:\/\/www.reztart.com\/et\/wp-json\/wp\/v2\/media?parent=48522"}],"wp:term":[{"taxonomy":"product_brand","embeddable":true,"href":"https:\/\/www.reztart.com\/et\/wp-json\/wp\/v2\/product_brand?post=48522"},{"taxonomy":"product_cat","embeddable":true,"href":"https:\/\/www.reztart.com\/et\/wp-json\/wp\/v2\/product_cat?post=48522"},{"taxonomy":"product_tag","embeddable":true,"href":"https:\/\/www.reztart.com\/et\/wp-json\/wp\/v2\/product_tag?post=48522"},{"taxonomy":"product-badges","embeddable":true,"href":"https:\/\/www.reztart.com\/et\/wp-json\/wp\/v2\/product-badges?post=48522"}],"curies":[{"name":"wp","href":"https:\/\/api.w.org\/{rel}","templated":true}]}}