{"id":48473,"date":"2025-10-02T15:00:20","date_gmt":"2025-10-02T13:00:20","guid":{"rendered":"https:\/\/www.reztart.com\/?post_type=product&#038;p=48473"},"modified":"2026-02-03T10:16:48","modified_gmt":"2026-02-03T09:16:48","slug":"maasikamaitseline-valgubatoon-ngc-ga-43-g","status":"publish","type":"product","link":"https:\/\/www.reztart.com\/et\/toode\/maasikamaitseline-valgubatoon-ngc-ga-43-g\/","title":{"rendered":"Maasikamaitseline valgubatoon NGC-ga\u00ae 43 g"},"content":{"rendered":"<p>Maasikamaitseline valgubatoon NGC-ga\u00ae, sisaldab magusainet ja looduslikult esinevaid suhkruid, 43 g<\/p>\n<p>\u00dchendab endas rikkalikku toitainete kooslust, milles on 8 g proteiini ja 7,3 g kiudaineid. Kasutatud ainult premium toorainet, struktuurilt ja maitselt parimaid batoone, mida turult v\u00f5ib leida.<\/p>\n","protected":false},"excerpt":{"rendered":"<p>M\u00f5nus, suussulav, p\u00e4ris maasikat\u00fckkidega, pehme ja kergelt kr\u00f5mps batoon annab sulle energiat, t\u00e4idab k\u00f5htu ja aitab v\u00f5idelda v\u00e4simusega.<\/p>\n","protected":false},"featured_media":48475,"comment_status":"open","ping_status":"closed","template":"","meta":{"_acf_changed":false},"product_brand":[],"product_cat":[86],"product_tag":[],"product-badges":[],"class_list":{"0":"post-48473","1":"product","2":"type-product","3":"status-publish","4":"has-post-thumbnail","6":"product_cat-batoonid","8":"first","9":"instock","10":"taxable","11":"shipping-taxable","12":"purchasable","13":"product-type-simple"},"acf":[],"_links":{"self":[{"href":"https:\/\/www.reztart.com\/et\/wp-json\/wp\/v2\/product\/48473","targetHints":{"allow":["GET"]}}],"collection":[{"href":"https:\/\/www.reztart.com\/et\/wp-json\/wp\/v2\/product"}],"about":[{"href":"https:\/\/www.reztart.com\/et\/wp-json\/wp\/v2\/types\/product"}],"replies":[{"embeddable":true,"href":"https:\/\/www.reztart.com\/et\/wp-json\/wp\/v2\/comments?post=48473"}],"wp:featuredmedia":[{"embeddable":true,"href":"https:\/\/www.reztart.com\/et\/wp-json\/wp\/v2\/media\/48475"}],"wp:attachment":[{"href":"https:\/\/www.reztart.com\/et\/wp-json\/wp\/v2\/media?parent=48473"}],"wp:term":[{"taxonomy":"product_brand","embeddable":true,"href":"https:\/\/www.reztart.com\/et\/wp-json\/wp\/v2\/product_brand?post=48473"},{"taxonomy":"product_cat","embeddable":true,"href":"https:\/\/www.reztart.com\/et\/wp-json\/wp\/v2\/product_cat?post=48473"},{"taxonomy":"product_tag","embeddable":true,"href":"https:\/\/www.reztart.com\/et\/wp-json\/wp\/v2\/product_tag?post=48473"},{"taxonomy":"product-badges","embeddable":true,"href":"https:\/\/www.reztart.com\/et\/wp-json\/wp\/v2\/product-badges?post=48473"}],"curies":[{"name":"wp","href":"https:\/\/api.w.org\/{rel}","templated":true}]}}