{"id":48469,"date":"2025-10-02T15:00:21","date_gmt":"2025-10-02T13:00:21","guid":{"rendered":"https:\/\/www.reztart.com\/?post_type=product&#038;p=48469"},"modified":"2026-02-03T10:16:48","modified_gmt":"2026-02-03T09:16:48","slug":"mustikabatoonid-43-g-kopia","status":"publish","type":"product","link":"https:\/\/www.reztart.com\/et\/toode\/mustikabatoonid-43-g-kopia\/","title":{"rendered":"Mustika valgubatoon NGC-ga\u00ae 43 g"},"content":{"rendered":"<p>Mustika valgubatoon NGC-ga\u00ae, sisaldab magusainet ja looduslikult esinevaid suhkruid, 43 g<\/p>\n<p>\u00dchendab endas rikkalikku toitainete kooslust, milles on 8,2 g proteiini ja 7,5 g kiudaineid. Meie batoonides on kasutatud ainult premium tooraineid ning need on struktuurilt ja maitselt \u00fched parimad mida turult leida v\u00f5id.<\/p>\n","protected":false},"excerpt":{"rendered":"<p>M\u00f5nus, suussulav, p\u00e4ris mustikat\u00fckkidega, pehme ja kergelt kr\u00f5mps batoon annab sulle energiat, t\u00e4idab k\u00f5htu ja aitab v\u00f5idelda v\u00e4simusega.<\/p>\n","protected":false},"featured_media":48471,"comment_status":"open","ping_status":"closed","template":"","meta":{"_acf_changed":false},"product_brand":[],"product_cat":[86],"product_tag":[],"product-badges":[],"class_list":{"0":"post-48469","1":"product","2":"type-product","3":"status-publish","4":"has-post-thumbnail","6":"product_cat-batoonid","8":"first","9":"instock","10":"taxable","11":"shipping-taxable","12":"purchasable","13":"product-type-simple"},"acf":[],"_links":{"self":[{"href":"https:\/\/www.reztart.com\/et\/wp-json\/wp\/v2\/product\/48469","targetHints":{"allow":["GET"]}}],"collection":[{"href":"https:\/\/www.reztart.com\/et\/wp-json\/wp\/v2\/product"}],"about":[{"href":"https:\/\/www.reztart.com\/et\/wp-json\/wp\/v2\/types\/product"}],"replies":[{"embeddable":true,"href":"https:\/\/www.reztart.com\/et\/wp-json\/wp\/v2\/comments?post=48469"}],"wp:featuredmedia":[{"embeddable":true,"href":"https:\/\/www.reztart.com\/et\/wp-json\/wp\/v2\/media\/48471"}],"wp:attachment":[{"href":"https:\/\/www.reztart.com\/et\/wp-json\/wp\/v2\/media?parent=48469"}],"wp:term":[{"taxonomy":"product_brand","embeddable":true,"href":"https:\/\/www.reztart.com\/et\/wp-json\/wp\/v2\/product_brand?post=48469"},{"taxonomy":"product_cat","embeddable":true,"href":"https:\/\/www.reztart.com\/et\/wp-json\/wp\/v2\/product_cat?post=48469"},{"taxonomy":"product_tag","embeddable":true,"href":"https:\/\/www.reztart.com\/et\/wp-json\/wp\/v2\/product_tag?post=48469"},{"taxonomy":"product-badges","embeddable":true,"href":"https:\/\/www.reztart.com\/et\/wp-json\/wp\/v2\/product-badges?post=48469"}],"curies":[{"name":"wp","href":"https:\/\/api.w.org\/{rel}","templated":true}]}}