{"id":48380,"date":"2025-10-02T11:29:21","date_gmt":"2025-10-02T09:29:21","guid":{"rendered":"https:\/\/www.reztart.com\/?post_type=product&#038;p=48380"},"modified":"2026-02-03T10:16:48","modified_gmt":"2026-02-03T09:16:48","slug":"ouna-kaneelibatoonid-12-x-43-g","status":"publish","type":"product","link":"https:\/\/www.reztart.com\/et\/toode\/ouna-kaneelibatoonid-12-x-43-g\/","title":{"rendered":"\u0160okolaadimaitseline valgubatoon NGC-ga\u00ae, 12 x 43 g"},"content":{"rendered":"<p>\u0160okolaadimaitseline valgubatoon NGC-ga\u00ae, sisaldab magusainet ja looduslikult esinevaid suhkruid, 43 g<\/p>\n<p>\u00dchendab endas rikkalikku toitainete kooslust, milles on 8,3 g proteiini ja 6,5 g kiudaineid. Kasutatud ainult premium toorainet, struktuurilt ja maitselt parimaid batoone, mida turult v\u00f5ib leida.<\/p>\n","protected":false},"excerpt":{"rendered":"<p>M\u00f5nus, suussulav, p\u00e4ris \u0161okolaadist, pehme ja kergelt kr\u00f5mps batoon annab sulle energiat, t\u00e4idab k\u00f5htu ja aitab v\u00f5idelda v\u00e4simusega.<\/p>\n","protected":false},"featured_media":48382,"comment_status":"open","ping_status":"closed","template":"","meta":{"_acf_changed":false},"product_brand":[],"product_cat":[86,99],"product_tag":[],"product-badges":[],"class_list":{"0":"post-48380","1":"product","2":"type-product","3":"status-publish","4":"has-post-thumbnail","6":"product_cat-batoonid","7":"product_cat-megapakk","9":"first","10":"instock","11":"taxable","12":"shipping-taxable","13":"purchasable","14":"product-type-simple"},"acf":[],"_links":{"self":[{"href":"https:\/\/www.reztart.com\/et\/wp-json\/wp\/v2\/product\/48380","targetHints":{"allow":["GET"]}}],"collection":[{"href":"https:\/\/www.reztart.com\/et\/wp-json\/wp\/v2\/product"}],"about":[{"href":"https:\/\/www.reztart.com\/et\/wp-json\/wp\/v2\/types\/product"}],"replies":[{"embeddable":true,"href":"https:\/\/www.reztart.com\/et\/wp-json\/wp\/v2\/comments?post=48380"}],"wp:featuredmedia":[{"embeddable":true,"href":"https:\/\/www.reztart.com\/et\/wp-json\/wp\/v2\/media\/48382"}],"wp:attachment":[{"href":"https:\/\/www.reztart.com\/et\/wp-json\/wp\/v2\/media?parent=48380"}],"wp:term":[{"taxonomy":"product_brand","embeddable":true,"href":"https:\/\/www.reztart.com\/et\/wp-json\/wp\/v2\/product_brand?post=48380"},{"taxonomy":"product_cat","embeddable":true,"href":"https:\/\/www.reztart.com\/et\/wp-json\/wp\/v2\/product_cat?post=48380"},{"taxonomy":"product_tag","embeddable":true,"href":"https:\/\/www.reztart.com\/et\/wp-json\/wp\/v2\/product_tag?post=48380"},{"taxonomy":"product-badges","embeddable":true,"href":"https:\/\/www.reztart.com\/et\/wp-json\/wp\/v2\/product-badges?post=48380"}],"curies":[{"name":"wp","href":"https:\/\/api.w.org\/{rel}","templated":true}]}}