{"id":46716,"date":"2025-05-13T16:07:28","date_gmt":"2025-05-13T14:07:28","guid":{"rendered":"https:\/\/www.reztart.com\/?post_type=product&#038;p=46716"},"modified":"2026-04-10T15:52:58","modified_gmt":"2026-04-10T13:52:58","slug":"proteiinijook-vanilje-fit","status":"publish","type":"product","link":"https:\/\/www.reztart.com\/et\/toode\/proteiinijook-vanilje-fit\/","title":{"rendered":"Funktsionaalne vanilje joogisegu FIT"},"content":{"rendered":"<p>Vaniljemaitseline valgu- ja kiudainerikas funktsionaalne NGC\u00ae joogisegu gl\u00fckomannaani ja magusainega, 14 x 18 g.<\/p>\n<p>Lisaks looduslikest toitainetest pakatavale patenteeritud NGC segule, mida sisaldavad k\u00f5ik Reztart tooted, sisaldab Reztart FIT kaalulangetajale v\u00e4ga s\u00f5bralikku kiudainet nimega gl\u00fckomannaan. See on\u00a0 konjakijuur, mis imab endasse 50 korda rohkem vedelikku kui ise kaalub. See t\u00e4hendab, et t\u00e4isk\u00f5hutunne tekib kiiresti ja kestab kaua.<\/p>\n<p>Reztart FIT on loodud Rootsi arstide poolt ning sellel on teaduslikult t\u00f5estatud positiivne toime.\u00a0 \u00dclekilode kaotamine pole kunagi olnud nii lihtne.<\/p>\n","protected":false},"excerpt":{"rendered":"<p>Reztart FIT vaniljene joogisegu on m\u00f5eldud tervisliku kehakaalu saavutamiseks. See on kiudaine- ja proteiinirikas funktsionaalne joogisegu, millel on madal gl\u00fckeemiline koormus ning mis aitab v\u00e4hendada \u00fcles\u00f6\u00f6mist ja ennetada liigseid isusid.<\/p>\n","protected":false},"featured_media":47762,"comment_status":"open","ping_status":"closed","template":"","meta":{"_acf_changed":false},"product_brand":[],"product_cat":[87,151],"product_tag":[],"product-badges":[],"class_list":{"0":"post-46716","1":"product","2":"type-product","3":"status-publish","4":"has-post-thumbnail","6":"product_cat-joogisegud","7":"product_cat-karb","9":"first","10":"instock","11":"taxable","12":"shipping-taxable","13":"purchasable","14":"product-type-simple"},"acf":[],"_links":{"self":[{"href":"https:\/\/www.reztart.com\/et\/wp-json\/wp\/v2\/product\/46716","targetHints":{"allow":["GET"]}}],"collection":[{"href":"https:\/\/www.reztart.com\/et\/wp-json\/wp\/v2\/product"}],"about":[{"href":"https:\/\/www.reztart.com\/et\/wp-json\/wp\/v2\/types\/product"}],"replies":[{"embeddable":true,"href":"https:\/\/www.reztart.com\/et\/wp-json\/wp\/v2\/comments?post=46716"}],"wp:featuredmedia":[{"embeddable":true,"href":"https:\/\/www.reztart.com\/et\/wp-json\/wp\/v2\/media\/47762"}],"wp:attachment":[{"href":"https:\/\/www.reztart.com\/et\/wp-json\/wp\/v2\/media?parent=46716"}],"wp:term":[{"taxonomy":"product_brand","embeddable":true,"href":"https:\/\/www.reztart.com\/et\/wp-json\/wp\/v2\/product_brand?post=46716"},{"taxonomy":"product_cat","embeddable":true,"href":"https:\/\/www.reztart.com\/et\/wp-json\/wp\/v2\/product_cat?post=46716"},{"taxonomy":"product_tag","embeddable":true,"href":"https:\/\/www.reztart.com\/et\/wp-json\/wp\/v2\/product_tag?post=46716"},{"taxonomy":"product-badges","embeddable":true,"href":"https:\/\/www.reztart.com\/et\/wp-json\/wp\/v2\/product-badges?post=46716"}],"curies":[{"name":"wp","href":"https:\/\/api.w.org\/{rel}","templated":true}]}}