{"id":46713,"date":"2025-05-13T16:08:02","date_gmt":"2025-05-13T14:08:02","guid":{"rendered":"https:\/\/www.reztart.com\/?post_type=product&#038;p=46713"},"modified":"2026-04-16T09:51:44","modified_gmt":"2026-04-16T07:51:44","slug":"proteiinijook-maasikas","status":"publish","type":"product","link":"https:\/\/www.reztart.com\/et\/toode\/proteiinijook-maasikas\/","title":{"rendered":"Funktsionaalne maasika joogisegu"},"content":{"rendered":"<p>Maasikamaitseline valgu- ja kiudainerikas funktsionaalne NGC\u2122 joogisegu magusainega, 14 x 18 g.<\/p>\n<p>Suurep\u00e4rane alternatiiv neile, kes soovivad h\u00e4sti maitsvat segu ja mida on v\u00f5imalik ka ainult veega segades juua. Pista valgu-ja kiudainerikas 18 g pakike endale kotti ja tee segu valmis \u00fcksk\u00f5ik kus. Aega v\u00f5tab see vaid m\u00f5ned sekundid.<\/p>\n","protected":false},"excerpt":{"rendered":"<p>Kiiresti valmiv rikkalike toitainetega maasikane joogisegu, mis annab sulle energiat, t\u00e4idab k\u00f5htu ja aitab v\u00f5idelda v\u00e4simusega.<\/p>\n","protected":false},"featured_media":47754,"comment_status":"open","ping_status":"closed","template":"","meta":{"_acf_changed":false},"product_brand":[],"product_cat":[87,151],"product_tag":[],"product-badges":[152],"class_list":{"0":"post-46713","1":"product","2":"type-product","3":"status-publish","4":"has-post-thumbnail","6":"product_cat-joogisegud","7":"product_cat-karb","9":"first","10":"instock","11":"taxable","12":"shipping-taxable","13":"purchasable","14":"product-type-simple"},"acf":[],"_links":{"self":[{"href":"https:\/\/www.reztart.com\/et\/wp-json\/wp\/v2\/product\/46713","targetHints":{"allow":["GET"]}}],"collection":[{"href":"https:\/\/www.reztart.com\/et\/wp-json\/wp\/v2\/product"}],"about":[{"href":"https:\/\/www.reztart.com\/et\/wp-json\/wp\/v2\/types\/product"}],"replies":[{"embeddable":true,"href":"https:\/\/www.reztart.com\/et\/wp-json\/wp\/v2\/comments?post=46713"}],"wp:featuredmedia":[{"embeddable":true,"href":"https:\/\/www.reztart.com\/et\/wp-json\/wp\/v2\/media\/47754"}],"wp:attachment":[{"href":"https:\/\/www.reztart.com\/et\/wp-json\/wp\/v2\/media?parent=46713"}],"wp:term":[{"taxonomy":"product_brand","embeddable":true,"href":"https:\/\/www.reztart.com\/et\/wp-json\/wp\/v2\/product_brand?post=46713"},{"taxonomy":"product_cat","embeddable":true,"href":"https:\/\/www.reztart.com\/et\/wp-json\/wp\/v2\/product_cat?post=46713"},{"taxonomy":"product_tag","embeddable":true,"href":"https:\/\/www.reztart.com\/et\/wp-json\/wp\/v2\/product_tag?post=46713"},{"taxonomy":"product-badges","embeddable":true,"href":"https:\/\/www.reztart.com\/et\/wp-json\/wp\/v2\/product-badges?post=46713"}],"curies":[{"name":"wp","href":"https:\/\/api.w.org\/{rel}","templated":true}]}}