{"id":46712,"date":"2025-05-13T16:08:31","date_gmt":"2025-05-13T14:08:31","guid":{"rendered":"https:\/\/www.reztart.com\/?post_type=product&#038;p=46712"},"modified":"2026-04-20T17:43:02","modified_gmt":"2026-04-20T15:43:02","slug":"proteiinijook-neutral","status":"publish","type":"product","link":"https:\/\/www.reztart.com\/et\/toode\/proteiinijook-neutral\/","title":{"rendered":"Funktsionaalne joogisegu"},"content":{"rendered":"<p>Valgu- ja kiudainerikas funktsionaalne NGC\u00ae joogisegu, 14 x 18 g<\/p>\n<p>Suurep\u00e4rane alternatiiv neile, kes soovivad h\u00e4sti maitsvat segu ja mida on v\u00f5imalik ka ainult veega segades juua. Pista valgu-ja kiudainerikas, v\u00e4hese suhkrusisaldusega 18 g pakike endale kotti ja tee segu valmis \u00fcksk\u00f5ik kus. Aega v\u00f5tab see vaid m\u00f5ned sekundid.<\/p>\n","protected":false},"excerpt":{"rendered":"<p>Kiiresti valmiv rikkalike toitainetega funktsionaalne joogisegu, mis annab sulle energiat, t\u00e4idab k\u00f5htu ja aitab v\u00f5idelda v\u00e4simusega.<\/p>\n","protected":false},"featured_media":47756,"comment_status":"open","ping_status":"closed","template":"","meta":{"_acf_changed":false},"product_brand":[],"product_cat":[87,151],"product_tag":[],"product-badges":[152],"class_list":{"0":"post-46712","1":"product","2":"type-product","3":"status-publish","4":"has-post-thumbnail","6":"product_cat-joogisegud","7":"product_cat-karb","9":"first","10":"instock","11":"taxable","12":"shipping-taxable","13":"purchasable","14":"product-type-simple"},"acf":[],"_links":{"self":[{"href":"https:\/\/www.reztart.com\/et\/wp-json\/wp\/v2\/product\/46712","targetHints":{"allow":["GET"]}}],"collection":[{"href":"https:\/\/www.reztart.com\/et\/wp-json\/wp\/v2\/product"}],"about":[{"href":"https:\/\/www.reztart.com\/et\/wp-json\/wp\/v2\/types\/product"}],"replies":[{"embeddable":true,"href":"https:\/\/www.reztart.com\/et\/wp-json\/wp\/v2\/comments?post=46712"}],"wp:featuredmedia":[{"embeddable":true,"href":"https:\/\/www.reztart.com\/et\/wp-json\/wp\/v2\/media\/47756"}],"wp:attachment":[{"href":"https:\/\/www.reztart.com\/et\/wp-json\/wp\/v2\/media?parent=46712"}],"wp:term":[{"taxonomy":"product_brand","embeddable":true,"href":"https:\/\/www.reztart.com\/et\/wp-json\/wp\/v2\/product_brand?post=46712"},{"taxonomy":"product_cat","embeddable":true,"href":"https:\/\/www.reztart.com\/et\/wp-json\/wp\/v2\/product_cat?post=46712"},{"taxonomy":"product_tag","embeddable":true,"href":"https:\/\/www.reztart.com\/et\/wp-json\/wp\/v2\/product_tag?post=46712"},{"taxonomy":"product-badges","embeddable":true,"href":"https:\/\/www.reztart.com\/et\/wp-json\/wp\/v2\/product-badges?post=46712"}],"curies":[{"name":"wp","href":"https:\/\/api.w.org\/{rel}","templated":true}]}}