{"id":47101,"date":"2025-02-26T12:58:59","date_gmt":"2025-02-26T11:58:59","guid":{"rendered":"https:\/\/www.reztart.com\/?page_id=47101"},"modified":"2025-08-04T11:45:46","modified_gmt":"2025-08-04T09:45:46","slug":"miks-reztart","status":"publish","type":"page","link":"https:\/\/www.reztart.com\/et\/miks-reztart\/","title":{"rendered":"Miks valida Reztart?"},"content":{"rendered":"\n<section class=\"qt-section container-default\"><div class=\"qt-section__inner grid grid-col-1\">\n<div class=\"qt-container container-m\">\n<h1 class=\"wp-block-heading\">Miks on Reztart kasulik?<\/h1>\n\n\n\n<p>Reztart on m\u00f5eldud k\u00f5igile, kellel on p\u00e4evi, mil energiat napib, aga elu tuleb elada. See on lihtne viis saada t\u00e4isv\u00e4\u00e4rtuslikku toitaineid, et j\u00f5uaksid rohkem ja tunneksid end paremini.<\/p>\n\n\n\n<p>Iga toode sisaldab \u00fchte portsjonit NGC\u00ae \u2013 ainulaadset toitumissegu, mis on v\u00e4lja t\u00f6\u00f6tatud arstide poolt. See on loodud selleks, et pakkuda loomulikku toitumist, rohkem energiat, stabiilsemat veresuhkru taset, v\u00e4hendada magusaisu ja aidata paremini kontrollida ebatervislikke toitumisharjumusi.<\/p>\n\n\n\n<div class=\"wp-block-buttons is-layout-flex wp-block-buttons-is-layout-flex\">\n<div class=\"wp-block-button\"><a class=\"wp-block-button__link wp-element-button\" href=\"https:\/\/www.reztart.com\/et\/teadus-ja-uuringud\/\">Loe teadusest ja uuringutest<\/a><\/div>\n<\/div>\n<\/div>\n<\/div><\/section>\n\n\n\n<section class=\"qt-section container-default\"><div class=\"qt-section__inner grid grid-col-1\">\n<div class=\"qt-container is-horizontally-stretched\">\n<figure class=\"wp-block-image size-medium\"><img loading=\"lazy\" decoding=\"async\" width=\"1200\" height=\"800\" src=\"https:\/\/www.reztart.com\/wp-content\/uploads\/2025\/06\/reztart-vanilj-fit-shake-1200x800.jpg\" alt=\"Reztart Vanilj Fit proteinshake \u2013 n\u00e4ringsdryck med vaniljsmak i glas, tillsammans med f\u00f6rpackning, bar och shaker.\" class=\"wp-image-46167\" style=\"aspect-ratio:16\/9;object-fit:cover\" srcset=\"https:\/\/www.reztart.com\/wp-content\/uploads\/2025\/06\/reztart-vanilj-fit-shake-1200x800.jpg 1200w, https:\/\/www.reztart.com\/wp-content\/uploads\/2025\/06\/reztart-vanilj-fit-shake-300x200.jpg 300w, https:\/\/www.reztart.com\/wp-content\/uploads\/2025\/06\/reztart-vanilj-fit-shake-600x400.jpg 600w, https:\/\/www.reztart.com\/wp-content\/uploads\/2025\/06\/reztart-vanilj-fit-shake-800x533.jpg 800w, https:\/\/www.reztart.com\/wp-content\/uploads\/2025\/06\/reztart-vanilj-fit-shake-768x512.jpg 768w, https:\/\/www.reztart.com\/wp-content\/uploads\/2025\/06\/reztart-vanilj-fit-shake-400x267.jpg 400w, https:\/\/www.reztart.com\/wp-content\/uploads\/2025\/06\/reztart-vanilj-fit-shake.jpg 1400w\" sizes=\"auto, (max-width: 1200px) 100vw, 1200px\" \/><\/figure>\n<\/div>\n<\/div><\/section>\n\n\n\n<section class=\"qt-section container-default\"><div class=\"qt-section__inner grid grid-col-2\">\n<div class=\"qt-container is-style-image-column\">\n<figure class=\"wp-block-image size-thumbnail\"><img loading=\"lazy\" decoding=\"async\" width=\"800\" height=\"534\" src=\"https:\/\/www.reztart.com\/wp-content\/uploads\/2025\/06\/reztart-protein-bars-shakes-800x534.jpg\" alt=\"Reztart proteinbars och shakes i olika smaker mot vit bakgrund.\" class=\"wp-image-46168\" style=\"aspect-ratio:1;object-fit:cover\" srcset=\"https:\/\/www.reztart.com\/wp-content\/uploads\/2025\/06\/reztart-protein-bars-shakes-800x534.jpg 800w, https:\/\/www.reztart.com\/wp-content\/uploads\/2025\/06\/reztart-protein-bars-shakes-300x200.jpg 300w, https:\/\/www.reztart.com\/wp-content\/uploads\/2025\/06\/reztart-protein-bars-shakes-600x400.jpg 600w, https:\/\/www.reztart.com\/wp-content\/uploads\/2025\/06\/reztart-protein-bars-shakes-1200x801.jpg 1200w, https:\/\/www.reztart.com\/wp-content\/uploads\/2025\/06\/reztart-protein-bars-shakes-768x512.jpg 768w, https:\/\/www.reztart.com\/wp-content\/uploads\/2025\/06\/reztart-protein-bars-shakes-400x267.jpg 400w, https:\/\/www.reztart.com\/wp-content\/uploads\/2025\/06\/reztart-protein-bars-shakes.jpg 1400w\" sizes=\"auto, (max-width: 800px) 100vw, 800px\" \/><\/figure>\n<\/div>\n\n\n\n<div class=\"qt-container is-vertically-aligned-center is-style-text-column\">\n<h2 class=\"wp-block-heading is-style-eyebrow\">J\u00f5uad rohkem!<\/h2>\n\n\n\n<p>Reztart&nbsp;vahepalana tagab p\u00fcsivama t\u00e4isk\u00f5hutunde ja hoiab energiataset stabiilsena, sest on valgu- ja kiudainerikas.<\/p>\n\n\n\n<p>Reztarti&nbsp;tarbimine 30 minutit enne p\u00f5hitoidukorda aitab v\u00e4hendada \u00fcles\u00f6\u00f6mist ja s\u00f6\u00f6gij\u00e4rgset unisust, sest hoiab veresuhkru taset stabiilsemana ning on madala gl\u00fckeemilise koormusega.<\/p>\n\n\n\n<p><strong>Reztart FIT<\/strong>\u00a0on tervisliku kehakaalu s\u00e4ilitamiseks v\u00f5i saavutamiseks, sest on kiudainerikas ja madala gl\u00fckeemilise koormusega, aidates v\u00e4hendada \u00fcles\u00f6\u00f6mist ja ennetada liigseid isusid.<\/p>\n\n\n\n<div class=\"wp-block-buttons is-layout-flex wp-block-buttons-is-layout-flex\">\n<div class=\"wp-block-button\"><a class=\"wp-block-button__link wp-element-button\" href=\"https:\/\/www.reztart.com\/et\/pood\/\">Tutvu toodetega<\/a><\/div>\n<\/div>\n<\/div>\n<\/div><\/section>\n\n\n\n<section class=\"qt-section container-default\"><div class=\"qt-section__inner grid grid-col-2\">\n<div class=\"qt-container is-vertically-aligned-center is-style-text-column\">\n<h2 class=\"wp-block-heading is-style-eyebrow\">Tark toit<\/h2>\n\n\n\n<p>Reztart&nbsp;on kiudaine- ja valgurikas funktsionaalne toit joogisegude ja batoonide kujul.<\/p>\n\n\n\n<p>Reztart&nbsp;on v\u00e4lja t\u00f6\u00f6tatud arstide poolt, et lahendada meid k\u00f5iki puudutav igap\u00e4evane probleem: kuidas saada k\u00e4tte vajalikud toitaineid ja v\u00e4hendada v\u00e4simust ja terviseprobleeme.<\/p>\n\n\n\n<p>Erinevate maitsetega joogisegud ja batoonid sisaldavad rikkalikult vajalikke toitaineid ning on madala gl\u00fckeemilise koormusega.<\/p>\n\n\n\n<div class=\"wp-block-buttons is-layout-flex wp-block-buttons-is-layout-flex\">\n<div class=\"wp-block-button\"><a class=\"wp-block-button__link wp-element-button\" href=\"https:\/\/www.reztart.com\/et\/teadus-ja-uuringud\/\">Loe teadusest ja uuringutest<\/a><\/div>\n<\/div>\n<\/div>\n\n\n\n<div class=\"qt-container is-style-image-column\">\n<figure class=\"wp-block-image size-full\"><img loading=\"lazy\" decoding=\"async\" width=\"2560\" height=\"2560\" src=\"https:\/\/www.reztart.com\/wp-content\/uploads\/2025\/06\/79.jpg\" alt=\"\" class=\"wp-image-47464\" style=\"aspect-ratio:1;object-fit:cover\" srcset=\"https:\/\/www.reztart.com\/wp-content\/uploads\/2025\/06\/79.jpg 2560w, https:\/\/www.reztart.com\/wp-content\/uploads\/2025\/06\/79-1200x1200.jpg 1200w, https:\/\/www.reztart.com\/wp-content\/uploads\/2025\/06\/79-1400x1400.jpg 1400w, https:\/\/www.reztart.com\/wp-content\/uploads\/2025\/06\/79-800x800.jpg 800w, https:\/\/www.reztart.com\/wp-content\/uploads\/2025\/06\/79-768x768.jpg 768w, https:\/\/www.reztart.com\/wp-content\/uploads\/2025\/06\/79-1536x1536.jpg 1536w, https:\/\/www.reztart.com\/wp-content\/uploads\/2025\/06\/79-2048x2048.jpg 2048w, https:\/\/www.reztart.com\/wp-content\/uploads\/2025\/06\/79-400x400.jpg 400w, https:\/\/www.reztart.com\/wp-content\/uploads\/2025\/06\/79-300x300.jpg 300w, https:\/\/www.reztart.com\/wp-content\/uploads\/2025\/06\/79-600x600.jpg 600w, https:\/\/www.reztart.com\/wp-content\/uploads\/2025\/06\/79-100x100.jpg 100w\" sizes=\"auto, (max-width: 2560px) 100vw, 2560px\" \/><\/figure>\n<\/div>\n<\/div><\/section>\n\n\n\n<section class=\"qt-section container-default has-background has-black-background-color\" style=\"background-color:#2D2926\"><div class=\"qt-section__inner grid grid-col-1\">\n<div class=\"qt-container container-s is-horizontally-aligned-left\">\n<h2 class=\"wp-block-heading has-white-color has-text-color has-link-color wp-elements-88e77cd37b87f0e1c8d9ab9aff473131\">T\u00e4isv\u00e4\u00e4rtuslik ja energiarikas vahepala<\/h2>\n\n\n\n<p class=\"has-white-color has-text-color has-link-color wp-elements-fd86c4d31952754232684cc041aca0ff\">Reztart on p\u00e4ris toit. Reztart joogisegud ja batoonid on kiudaine- ja valgurikkad ning sisaldavad rikkalikult kvaliteetseid koostisosi.<\/p>\n<\/div>\n\n\n\n<div class=\"qt-container\">\n<section class=\"qt-section container-default\"><div class=\"qt-section__inner grid grid-col-3\">\n<div class=\"qt-container\">\n<figure class=\"wp-block-image size-thumbnail\"><img loading=\"lazy\" decoding=\"async\" width=\"800\" height=\"800\" src=\"https:\/\/www.reztart.com\/wp-content\/uploads\/2025\/06\/stabilt-blodsocker-mer-energi-800x800.jpg\" alt=\"En kvinna med l\u00e5ngt h\u00e5r med ryggs\u00e4ck hoppar i luften vid en sj\u00f6. Tr\u00e4d syns i bakgrunden. Kvinnan uttrycker gl\u00e4dje och energi.\" class=\"wp-image-46171\" style=\"aspect-ratio:1;object-fit:cover\" srcset=\"https:\/\/www.reztart.com\/wp-content\/uploads\/2025\/06\/stabilt-blodsocker-mer-energi-800x800.jpg 800w, https:\/\/www.reztart.com\/wp-content\/uploads\/2025\/06\/stabilt-blodsocker-mer-energi-300x300.jpg 300w, https:\/\/www.reztart.com\/wp-content\/uploads\/2025\/06\/stabilt-blodsocker-mer-energi-100x100.jpg 100w, https:\/\/www.reztart.com\/wp-content\/uploads\/2025\/06\/stabilt-blodsocker-mer-energi-600x600.jpg 600w, https:\/\/www.reztart.com\/wp-content\/uploads\/2025\/06\/stabilt-blodsocker-mer-energi-768x768.jpg 768w, https:\/\/www.reztart.com\/wp-content\/uploads\/2025\/06\/stabilt-blodsocker-mer-energi-400x400.jpg 400w, https:\/\/www.reztart.com\/wp-content\/uploads\/2025\/06\/stabilt-blodsocker-mer-energi.jpg 1200w\" sizes=\"auto, (max-width: 800px) 100vw, 800px\" \/><\/figure>\n\n\n\n<h3 class=\"wp-block-heading has-white-color has-text-color has-link-color wp-elements-e74ffcabea8402552fc0f3727975a70e\">Valgurikas<\/h3>\n\n\n\n<p class=\"has-white-color has-text-color has-link-color wp-elements-c346c9257962ca9676e76419348f0b42\">Valku on organismis vaja pea k\u00f5ikideks protsessideks. Valk on vajalik kasvamiseks, rakkude uuenemiseks ja tugevaks immuunsuseks.&nbsp;Reztart&nbsp;batoon v\u00f5i joogisegu annab umbes sama palju valku kui klaas piima v\u00f5i \u00fcks muna.<br><\/p>\n<\/div>\n\n\n\n<div class=\"qt-container\">\n<figure class=\"wp-block-image size-thumbnail\"><img loading=\"lazy\" decoding=\"async\" width=\"800\" height=\"800\" src=\"https:\/\/www.reztart.com\/wp-content\/uploads\/2025\/06\/reztart-bar-hogt-fiberinnehall-800x800.jpg\" alt=\"N\u00e4rbild p\u00e5 en man som h\u00e5ller en halv\u00e4ten Reztart Salt Karamellbar i sitt papper. Bakgrunden \u00e4r l\u00e4tt suddig och antyder att bilden \u00e4r tagen utomhus.\" class=\"wp-image-46173\" style=\"aspect-ratio:1;object-fit:cover\" srcset=\"https:\/\/www.reztart.com\/wp-content\/uploads\/2025\/06\/reztart-bar-hogt-fiberinnehall-800x800.jpg 800w, https:\/\/www.reztart.com\/wp-content\/uploads\/2025\/06\/reztart-bar-hogt-fiberinnehall-300x300.jpg 300w, https:\/\/www.reztart.com\/wp-content\/uploads\/2025\/06\/reztart-bar-hogt-fiberinnehall-100x100.jpg 100w, https:\/\/www.reztart.com\/wp-content\/uploads\/2025\/06\/reztart-bar-hogt-fiberinnehall-600x600.jpg 600w, https:\/\/www.reztart.com\/wp-content\/uploads\/2025\/06\/reztart-bar-hogt-fiberinnehall-768x768.jpg 768w, https:\/\/www.reztart.com\/wp-content\/uploads\/2025\/06\/reztart-bar-hogt-fiberinnehall-400x400.jpg 400w, https:\/\/www.reztart.com\/wp-content\/uploads\/2025\/06\/reztart-bar-hogt-fiberinnehall.jpg 1200w\" sizes=\"auto, (max-width: 800px) 100vw, 800px\" \/><\/figure>\n\n\n\n<h3 class=\"wp-block-heading has-white-color has-text-color has-link-color wp-elements-1bfaced37bd51e11a02f884ff0590035\">Kiudainerikas<\/h3>\n\n\n\n<p class=\"has-white-color has-text-color has-link-color wp-elements-2054e415e8199ecec834f30f72f90ab6\">Kiudained on vajalikud regulaarseks seedetegevuseks. Samuti aitavad need kaasa pikemale t\u00e4isk\u00f5hutundele ning aeglustavad gl\u00fckoosi imendumist, v\u00e4ltides veresuhkrutaseme kiiret t\u00f5usu ja aidates seel\u00e4bi hoida normaalset kehakaalu.<\/p>\n<\/div>\n\n\n\n<div class=\"qt-container\">\n<figure class=\"wp-block-image size-thumbnail\"><img loading=\"lazy\" decoding=\"async\" width=\"800\" height=\"571\" src=\"https:\/\/www.reztart.com\/wp-content\/uploads\/2025\/06\/reztart-naturliga-ingredienser-800x571.jpg\" alt=\"Reztart inneh\u00e5ller n\u00e4ringsmixen NGC\" class=\"wp-image-46169\" style=\"aspect-ratio:1;object-fit:cover\" srcset=\"https:\/\/www.reztart.com\/wp-content\/uploads\/2025\/06\/reztart-naturliga-ingredienser-800x571.jpg 800w, https:\/\/www.reztart.com\/wp-content\/uploads\/2025\/06\/reztart-naturliga-ingredienser-300x214.jpg 300w, https:\/\/www.reztart.com\/wp-content\/uploads\/2025\/06\/reztart-naturliga-ingredienser-600x429.jpg 600w, https:\/\/www.reztart.com\/wp-content\/uploads\/2025\/06\/reztart-naturliga-ingredienser-1200x857.jpg 1200w, https:\/\/www.reztart.com\/wp-content\/uploads\/2025\/06\/reztart-naturliga-ingredienser-768x549.jpg 768w, https:\/\/www.reztart.com\/wp-content\/uploads\/2025\/06\/reztart-naturliga-ingredienser-400x286.jpg 400w, https:\/\/www.reztart.com\/wp-content\/uploads\/2025\/06\/reztart-naturliga-ingredienser.jpg 1400w\" sizes=\"auto, (max-width: 800px) 100vw, 800px\" \/><\/figure>\n\n\n\n<h3 class=\"wp-block-heading has-white-color has-text-color has-link-color wp-elements-c0c40eb7f07a8ac0c417309440d8f7dc\">Looduslik<\/h3>\n\n\n\n<p class=\"has-white-color has-text-color has-link-color wp-elements-e8f05f48fe7f11d14a9a67fd01e7cd1b\">K\u00f5ik\u00a0Reztart\u00a0batoonid ja joogid sisaldavad NGC\u00ae toidusegu, mis on arstide poolt v\u00e4lja t\u00f6\u00f6tatud. Segu sisaldab kibuvitsamarju, \u00f5unu, herneid, suhkrupeedi kiudaineid, vadakut ja spetsiaalseid Omega3-Omega6 mune, mis p\u00e4rinevad vabapidamisel kanadelt.<\/p>\n<\/div>\n<\/div><\/section>\n<\/div>\n<\/div><\/section>\n\n\n\n<section class=\"qt-section container-default\"><div class=\"qt-section__inner grid grid-col-2\">\n<div class=\"qt-container is-style-image-column\">\n<figure class=\"wp-block-image size-thumbnail\"><img loading=\"lazy\" decoding=\"async\" width=\"800\" height=\"571\" src=\"https:\/\/www.reztart.com\/wp-content\/uploads\/2025\/06\/reztart-shaker-natur-800x571.jpg\" alt=\"Man kl\u00e4dd i khaki tr\u00f6ja och olivgr\u00f6na byxor h\u00e5ller i en svart Reztart-shaker. En Reztart-p\u00e5se sticker fram ur bakfickan.\" class=\"wp-image-46170\" style=\"aspect-ratio:1;object-fit:cover\" srcset=\"https:\/\/www.reztart.com\/wp-content\/uploads\/2025\/06\/reztart-shaker-natur-800x571.jpg 800w, https:\/\/www.reztart.com\/wp-content\/uploads\/2025\/06\/reztart-shaker-natur-300x214.jpg 300w, https:\/\/www.reztart.com\/wp-content\/uploads\/2025\/06\/reztart-shaker-natur-600x429.jpg 600w, https:\/\/www.reztart.com\/wp-content\/uploads\/2025\/06\/reztart-shaker-natur-1200x857.jpg 1200w, https:\/\/www.reztart.com\/wp-content\/uploads\/2025\/06\/reztart-shaker-natur-768x549.jpg 768w, https:\/\/www.reztart.com\/wp-content\/uploads\/2025\/06\/reztart-shaker-natur-400x286.jpg 400w, https:\/\/www.reztart.com\/wp-content\/uploads\/2025\/06\/reztart-shaker-natur.jpg 1400w\" sizes=\"auto, (max-width: 800px) 100vw, 800px\" \/><\/figure>\n<\/div>\n\n\n\n<div class=\"qt-container is-vertically-aligned-center is-style-text-column\">\n<h2 class=\"wp-block-heading is-style-eyebrow\"><strong>Lihtne kasutada<\/strong><\/h2>\n\n\n\n<p>Reztarti tooted on loodud sinu tervist silmas pidades. Olenemata vanusest ja kehalisest aktiivsusest annab Reztart sulle v\u00f5imaluse teha igap\u00e4evaelus targemaid valikuid.<\/p>\n\n\n\n<ul class=\"wp-block-list\">\n<li>Parima tulemuse saavutamiseks soovitame tarbida Reztarti tooteid p\u00f5hiroogade vahel.<\/li>\n<\/ul>\n\n\n\n<ul class=\"wp-block-list\">\n<li>Soovitame 1\u20133 portsjonit p\u00e4evas, s\u00f5ltuvalt sinu elustiilist.<\/li>\n<\/ul>\n\n\n\n<ul class=\"wp-block-list\">\n<li>Joo Reztarti toodete tarbimisel rohket vett.<\/li>\n<\/ul>\n\n\n\n<p>Reztarti tooted ei asenda mitmekesist toitumist. Oluline on mitmekesine ja tasakaalustatud toitumine ning tervislik eluviis.<\/p>\n\n\n\n<div class=\"wp-block-buttons is-layout-flex wp-block-buttons-is-layout-flex\">\n<div class=\"wp-block-button\"><a class=\"wp-block-button__link wp-element-button\" href=\"https:\/\/www.reztart.com\/et\/pood\/\">Tutvu toodetega<\/a><\/div>\n<\/div>\n<\/div>\n<\/div><\/section>\n\n\n\n<section class=\"qt-section container-default is-style-stacked-boxes\"><div class=\"qt-section__inner grid grid-col-2 has-background has-black-background-color\" style=\"background-color:#2D2926\">\n<div class=\"qt-container is-vertically-aligned-center is-horizontally-aligned-left is-style-text-column\">\n<h2 class=\"wp-block-heading has-white-color has-text-color has-link-color wp-elements-722afa868b0d48ce52de34ebc2e94fb2\">Kui tahad midagi head \u2013 loodusliku ja maitsva sisuga.<\/h2>\n\n\n\n<p class=\"has-white-color has-text-color has-link-color wp-elements-7d760ba3d854e7277fd507c607efa6bb\">Meie batoonid ja smuutid on t\u00e4iuslik vahepala sulle, kes soovib end hellitada ilma tervise arvelt j\u00e4releandmisi tegemata.<\/p>\n\n\n\n<div class=\"wp-block-buttons is-layout-flex wp-block-buttons-is-layout-flex\">\n<div class=\"wp-block-button is-style-button-secondary\"><a class=\"wp-block-button__link wp-element-button\" href=\"https:\/\/www.reztart.com\/et\/pood\/\">Tutvu toodetega<\/a><\/div>\n<\/div>\n<\/div>\n\n\n\n<div class=\"qt-container is-style-image-column\">\n<figure class=\"wp-block-image size-medium\"><img loading=\"lazy\" decoding=\"async\" width=\"1200\" height=\"857\" src=\"https:\/\/www.reztart.com\/wp-content\/uploads\/2025\/06\/reztart-bar-1200x857.jpg\" alt=\"Reztart bar\" class=\"wp-image-47255\" srcset=\"https:\/\/www.reztart.com\/wp-content\/uploads\/2025\/06\/reztart-bar-1200x857.jpg 1200w, https:\/\/www.reztart.com\/wp-content\/uploads\/2025\/06\/reztart-bar-300x214.jpg 300w, https:\/\/www.reztart.com\/wp-content\/uploads\/2025\/06\/reztart-bar-600x429.jpg 600w, https:\/\/www.reztart.com\/wp-content\/uploads\/2025\/06\/reztart-bar-800x571.jpg 800w, https:\/\/www.reztart.com\/wp-content\/uploads\/2025\/06\/reztart-bar-768x549.jpg 768w, https:\/\/www.reztart.com\/wp-content\/uploads\/2025\/06\/reztart-bar-400x286.jpg 400w, https:\/\/www.reztart.com\/wp-content\/uploads\/2025\/06\/reztart-bar.jpg 1400w\" sizes=\"auto, (max-width: 1200px) 100vw, 1200px\" \/><\/figure>\n<\/div>\n<\/div><\/section>\n","protected":false},"excerpt":{"rendered":"","protected":false},"author":5,"featured_media":0,"parent":0,"menu_order":0,"comment_status":"closed","ping_status":"closed","template":"","meta":{"_acf_changed":false,"footnotes":""},"class_list":["post-47101","page","type-page","status-publish","hentry"],"acf":[],"_links":{"self":[{"href":"https:\/\/www.reztart.com\/et\/wp-json\/wp\/v2\/pages\/47101","targetHints":{"allow":["GET"]}}],"collection":[{"href":"https:\/\/www.reztart.com\/et\/wp-json\/wp\/v2\/pages"}],"about":[{"href":"https:\/\/www.reztart.com\/et\/wp-json\/wp\/v2\/types\/page"}],"author":[{"embeddable":true,"href":"https:\/\/www.reztart.com\/et\/wp-json\/wp\/v2\/users\/5"}],"replies":[{"embeddable":true,"href":"https:\/\/www.reztart.com\/et\/wp-json\/wp\/v2\/comments?post=47101"}],"version-history":[{"count":40,"href":"https:\/\/www.reztart.com\/et\/wp-json\/wp\/v2\/pages\/47101\/revisions"}],"predecessor-version":[{"id":47543,"href":"https:\/\/www.reztart.com\/et\/wp-json\/wp\/v2\/pages\/47101\/revisions\/47543"}],"wp:attachment":[{"href":"https:\/\/www.reztart.com\/et\/wp-json\/wp\/v2\/media?parent=47101"}],"curies":[{"name":"wp","href":"https:\/\/api.w.org\/{rel}","templated":true}]}}