{"id":46810,"date":"2025-06-12T11:18:17","date_gmt":"2025-06-12T09:18:17","guid":{"rendered":"https:\/\/www.reztart.com\/?page_id=46810"},"modified":"2025-08-04T11:47:53","modified_gmt":"2025-08-04T09:47:53","slug":"teadus-ja-uuringud","status":"publish","type":"page","link":"https:\/\/www.reztart.com\/et\/teadus-ja-uuringud\/","title":{"rendered":"Teadus ja uuringud"},"content":{"rendered":"\n<section class=\"qt-section container-default\"><div class=\"qt-section__inner grid grid-col-1\">\n<div class=\"qt-container container-m is-horizontally-aligned-center\">\n<h1 class=\"wp-block-heading\">Teadus ja uuringud<\/h1>\n\n\n\n<p>Reztart s\u00fcndis grupi Rootsi arstide soovist lahendada meid k\u00f5iki puudutav igap\u00e4evane probleem: kuidas saada k\u00e4tte vajalikud toitaineid ja v\u00e4hendada valest toitumisest p\u00f5hjustatud energiapuudust, v\u00e4simust ja terviseprobleeme.<\/p>\n\n\n\n<p>K\u00f5ik Reztart batoonid ja joogisegud tooted sisaldavad NGC\u00ae (Natural Glycaemic Control) tervisesegu. NGC\u00ae tervisesegu sisaldab rikkalikult ja kontsentreeritud kujul k\u00f5iki igap\u00e4evaselt vajalikke toitaineid otse loodusest: \u00f5unad, kibuvitsamarjad, suhkrupeedi kiudained, herned, spetsiaalsed Omega3-Omega6-rikkad munad ning vadakuvalk.<\/p>\n<\/div>\n<\/div><\/section>\n\n\n\n<section class=\"qt-section container-default\"><div class=\"qt-section__inner grid grid-col-2\">\n<div class=\"qt-container is-style-image-column\">\n<figure class=\"wp-block-image size-full\"><img loading=\"lazy\" decoding=\"async\" width=\"736\" height=\"735\" src=\"https:\/\/www.reztart.com\/wp-content\/uploads\/2025\/07\/NGC-logotype_NY.png\" alt=\"\" class=\"wp-image-47407\" style=\"aspect-ratio:1;object-fit:cover\" srcset=\"https:\/\/www.reztart.com\/wp-content\/uploads\/2025\/07\/NGC-logotype_NY.png 736w, https:\/\/www.reztart.com\/wp-content\/uploads\/2025\/07\/NGC-logotype_NY-400x400.png 400w, https:\/\/www.reztart.com\/wp-content\/uploads\/2025\/07\/NGC-logotype_NY-300x300.png 300w, https:\/\/www.reztart.com\/wp-content\/uploads\/2025\/07\/NGC-logotype_NY-600x599.png 600w, https:\/\/www.reztart.com\/wp-content\/uploads\/2025\/07\/NGC-logotype_NY-100x100.png 100w\" sizes=\"auto, (max-width: 736px) 100vw, 736px\" \/><\/figure>\n<\/div>\n\n\n\n<div class=\"qt-container is-vertically-aligned-center is-style-text-column\">\n<h2 class=\"wp-block-heading is-style-eyebrow\">Reztart toodete m\u00f5ju on teaduslikult t\u00f5estatud<\/h2>\n\n\n\n<p>Oleme rohkem kui alates 2000. a teinud koost\u00f6\u00f6d rahvusvaheliste teadlaste ja ekspertidega mitmete kliiniliste uuringute, testide ja tootearenduse l\u00e4biviimisel. Oleme l\u00e4bi viinud \u00fcle 20 testi ja uuringu, sealhulgas 3 kliinilist uuringut, mis on avaldatud rahvusvahelistes publikatsioonides.<\/p>\n<\/div>\n<\/div><\/section>\n\n\n\n<section class=\"qt-section container-m\"><div class=\"qt-section__inner grid grid-col-1\">\n<div class=\"qt-container is-style-default\">\n<h2 class=\"wp-block-heading\">Peamised uuringud NG<strong>C<\/strong>\u00ae&nbsp;toodetega on l\u00e4bi viidud j\u00e4rgmistes valdkondades<\/h2>\n\n\n\n<p>Gl\u00fckeemiline koormus ja selle m\u00f5ju inimorganismile (terved vabatahtlikud, rasvunud ja diabeetikud); toodete m\u00f5ju kehakaalule, kehakaalu langetamine NGC\u00ae toodetega ja rasvumine (koos teiste haigustega v\u00f5i ilma); metaboolne s\u00fcndroom ja gl\u00fckeemiline kontroll (diagnoositud II t\u00fc\u00fcpi diabeedi ja rasedusdiabeediga patsiendid).<\/p>\n\n\n\n<p>Lingid publitseeritud kliinilistele uuringutele:<\/p>\n\n\n\n<ul class=\"wp-block-list\">\n<li><a class=\"\" href=\"https:\/\/pubmed.ncbi.nlm.nih.gov\/26441829\/\" rel=\"nofollow noopener\" target=\"_blank\">https:\/\/pubmed.ncbi.nlm.nih.gov\/26441829\/<\/a><\/li>\n\n\n\n<li><a class=\"\" href=\"https:\/\/pubmed.ncbi.nlm.nih.gov\/29067233\/\" rel=\"nofollow noopener\" target=\"_blank\">https:\/\/pubmed.ncbi.nlm.nih.gov\/29067233\/<\/a><\/li>\n\n\n\n<li><a class=\"\" href=\"http:\/\/pubs.sciepub.com\/jfnr\/6\/9\/7\/index.html\" rel=\"nofollow noopener\" target=\"_blank\">http:\/\/pubs.sciepub.com\/jfnr\/6\/9\/7\/index.html<\/a><\/li>\n<\/ul>\n\n\n\n<div class=\"wp-block-buttons is-layout-flex wp-block-buttons-is-layout-flex\">\n<div class=\"wp-block-button\"><a class=\"wp-block-button__link wp-element-button\" href=\"\/wp-content\/uploads\/2025\/06\/Uuringute_Nimekiri.pdf\" target=\"_blank\" rel=\"noreferrer noopener nofollow\">\u00dclevaade uuringutest<\/a><\/div>\n<\/div>\n<\/div>\n<\/div><\/section>\n","protected":false},"excerpt":{"rendered":"","protected":false},"author":5,"featured_media":0,"parent":0,"menu_order":0,"comment_status":"closed","ping_status":"closed","template":"","meta":{"_acf_changed":false,"footnotes":""},"class_list":["post-46810","page","type-page","status-publish","hentry"],"acf":[],"_links":{"self":[{"href":"https:\/\/www.reztart.com\/et\/wp-json\/wp\/v2\/pages\/46810","targetHints":{"allow":["GET"]}}],"collection":[{"href":"https:\/\/www.reztart.com\/et\/wp-json\/wp\/v2\/pages"}],"about":[{"href":"https:\/\/www.reztart.com\/et\/wp-json\/wp\/v2\/types\/page"}],"author":[{"embeddable":true,"href":"https:\/\/www.reztart.com\/et\/wp-json\/wp\/v2\/users\/5"}],"replies":[{"embeddable":true,"href":"https:\/\/www.reztart.com\/et\/wp-json\/wp\/v2\/comments?post=46810"}],"version-history":[{"count":24,"href":"https:\/\/www.reztart.com\/et\/wp-json\/wp\/v2\/pages\/46810\/revisions"}],"predecessor-version":[{"id":47544,"href":"https:\/\/www.reztart.com\/et\/wp-json\/wp\/v2\/pages\/46810\/revisions\/47544"}],"wp:attachment":[{"href":"https:\/\/www.reztart.com\/et\/wp-json\/wp\/v2\/media?parent=46810"}],"curies":[{"name":"wp","href":"https:\/\/api.w.org\/{rel}","templated":true}]}}