{"id":46792,"date":"2025-05-13T15:43:39","date_gmt":"2025-05-13T13:43:39","guid":{"rendered":"https:\/\/www.reztart.com\/?page_id=46792"},"modified":"2025-07-08T12:31:34","modified_gmt":"2025-07-08T10:31:34","slug":"kuidas-reztart-tootab","status":"publish","type":"page","link":"https:\/\/www.reztart.com\/et\/kuidas-reztart-tootab\/","title":{"rendered":"Kuidas Reztart t\u00f6\u00f6tab"},"content":{"rendered":"\n<section class=\"qt-section container-default\"><div class=\"qt-section__inner grid grid-col-1\">\n<div class=\"qt-container container-m is-horizontally-aligned-center\">\n<h1 class=\"wp-block-heading\"><strong>Kuidas Reztart t\u00f6\u00f6tab<\/strong><\/h1>\n\n\n\n<p>Reztart on toitainerikas vahepala, mis sobib igasugustesse olukordadesse. Olgu sul ees stressirohke hommik, oled parasjagu liikvel v\u00f5i vajad lisaenergiat enne v\u00f5i p\u00e4rast trenni \u2013 Reztart aitab kiiresti saada vajalikud toitained. Tooted aitavad hoida veresuhkru taset stabiilsena ja annavad sulle j\u00f5udu, et p\u00fcsida energiline terve p\u00e4eva. Lihtne, mugav ja alati k\u00e4ep\u00e4rast, kui vajad turgutavat pausi.<\/p>\n\n\n\n<div class=\"wp-block-buttons is-layout-flex wp-block-buttons-is-layout-flex\">\n<div class=\"wp-block-button\"><a class=\"wp-block-button__link wp-element-button\" href=\"https:\/\/www.reztart.com\/et\/miks-reztart\/\">Miks valida Reztart?<\/a><\/div>\n<\/div>\n<\/div>\n<\/div><\/section>\n\n\n\n<section class=\"qt-section container-default\"><div class=\"qt-section__inner grid grid-col-1\">\n<div class=\"qt-container is-horizontally-stretched\">\n<figure class=\"wp-block-image size-medium\"><img loading=\"lazy\" decoding=\"async\" width=\"1200\" height=\"675\" src=\"https:\/\/www.reztart.com\/wp-content\/uploads\/2025\/06\/reztart-for-alla-situationer-1200x675.jpg\" alt=\"Reztart proteinbars liggandes i fack i bilen. Bredvid st\u00e5r \u00e4ven en Reztart shaker\/termosmugg.\" class=\"wp-image-45986\" style=\"aspect-ratio:16\/9;object-fit:cover\" srcset=\"https:\/\/www.reztart.com\/wp-content\/uploads\/2025\/06\/reztart-for-alla-situationer-1200x675.jpg 1200w, https:\/\/www.reztart.com\/wp-content\/uploads\/2025\/06\/reztart-for-alla-situationer-300x169.jpg 300w, https:\/\/www.reztart.com\/wp-content\/uploads\/2025\/06\/reztart-for-alla-situationer-600x337.jpg 600w, https:\/\/www.reztart.com\/wp-content\/uploads\/2025\/06\/reztart-for-alla-situationer-800x450.jpg 800w, https:\/\/www.reztart.com\/wp-content\/uploads\/2025\/06\/reztart-for-alla-situationer-768x432.jpg 768w, https:\/\/www.reztart.com\/wp-content\/uploads\/2025\/06\/reztart-for-alla-situationer-400x225.jpg 400w, https:\/\/www.reztart.com\/wp-content\/uploads\/2025\/06\/reztart-for-alla-situationer.jpg 1400w\" sizes=\"auto, (max-width: 1200px) 100vw, 1200px\" \/><\/figure>\n<\/div>\n<\/div><\/section>\n\n\n\n<section class=\"qt-section container-default\"><div class=\"qt-section__inner grid grid-col-2\">\n<div class=\"qt-container is-style-image-column\">\n<figure class=\"wp-block-image size-thumbnail\"><img loading=\"lazy\" decoding=\"async\" width=\"800\" height=\"800\" src=\"https:\/\/www.reztart.com\/wp-content\/uploads\/2025\/06\/reztart-stressig-morgon-800x800.jpg\" alt=\"En stressad kvinna pratar i telefon, l\u00e4r p\u00e5 sig och samtidigt h\u00e4ller upp morgonkaffet.\" class=\"wp-image-45977\" style=\"aspect-ratio:1;object-fit:cover\" srcset=\"https:\/\/www.reztart.com\/wp-content\/uploads\/2025\/06\/reztart-stressig-morgon-800x800.jpg 800w, https:\/\/www.reztart.com\/wp-content\/uploads\/2025\/06\/reztart-stressig-morgon-300x300.jpg 300w, https:\/\/www.reztart.com\/wp-content\/uploads\/2025\/06\/reztart-stressig-morgon-100x100.jpg 100w, https:\/\/www.reztart.com\/wp-content\/uploads\/2025\/06\/reztart-stressig-morgon-600x600.jpg 600w, https:\/\/www.reztart.com\/wp-content\/uploads\/2025\/06\/reztart-stressig-morgon-768x768.jpg 768w, https:\/\/www.reztart.com\/wp-content\/uploads\/2025\/06\/reztart-stressig-morgon-400x400.jpg 400w, https:\/\/www.reztart.com\/wp-content\/uploads\/2025\/06\/reztart-stressig-morgon.jpg 1200w\" sizes=\"auto, (max-width: 800px) 100vw, 800px\" \/><\/figure>\n<\/div>\n\n\n\n<div class=\"qt-container is-vertically-aligned-center is-style-text-column\">\n<h2 class=\"wp-block-heading is-style-eyebrow\">Kiire hommik?<\/h2>\n\n\n\n<p>V\u00f5ta Reztart ning jaga seda ka oma pereliikmetega, kui ei j\u00f5ua korralikku hommikus\u00f6\u00f6ki s\u00fc\u00fca.<\/p>\n<\/div>\n<\/div><\/section>\n\n\n\n<section class=\"qt-section container-m\"><div class=\"qt-section__inner grid grid-col-1\">\n<div class=\"qt-container is-style-default\">\n<h2 class=\"wp-block-heading\">Teel<\/h2>\n\n\n\n<p>Reztart on toitev vahepala hetkedel, mil oled teel. Autos v\u00f5i rongis, keset p\u00e4eva \u00fchelt koosolekult teisele kiirustades, enne v\u00f5i p\u00e4rast trenni. Varu kotti batoon ja Sinu energiavarud on hetkega taastatud.<\/p>\n<\/div>\n\n\n\n<div class=\"qt-container is-style-default\">\n<h2 class=\"wp-block-heading\">T\u00f6\u00f6l<\/h2>\n\n\n\n<p>Kui tahad v\u00e4ltida s\u00f6\u00f6gij\u00e4rgset v\u00e4simust, v\u00f5ta enne l\u00f5unas\u00f6\u00f6ki Reztart &#8211; nii p\u00fcsib su veresuhkur stabiilsena ja k\u00f5igile tuttavat p\u00e4rasl\u00f5unast loidust ei teki. Haara batoon v\u00f5i joogisegu ka siis, kui tunned, et p\u00e4eva jooksul energiat napib. Nii j\u00f5uad rohkem ja oled produktiivsem.<\/p>\n<\/div>\n\n\n\n<div class=\"qt-container is-style-default\">\n<h2 class=\"wp-block-heading\">Koolis<\/h2>\n\n\n\n<p>Paki Reztarti batoon lapsele koolikotti kaasa, et pika p\u00e4eva jooksul oleks toitev vahepala k\u00e4eulatuses. Teadusuuringud on t\u00f5estanud, et lastel, kes tarbisid koolip\u00e4eva jooksul Reztarti batoone v\u00f5i jooke, oli parem keskendumisv\u00f5ime ja akadeemilised sooritused (Steen, S. 2003, Lund \u00dclikool).<\/p>\n<\/div>\n<\/div><\/section>\n\n\n\n<section class=\"qt-section container-default\"><div class=\"qt-section__inner grid grid-col-2\">\n<div class=\"qt-container is-vertically-aligned-center is-style-text-column\">\n<h2 class=\"wp-block-heading is-style-eyebrow\">Enne v\u00f5i p\u00e4rast trenni<\/h2>\n\n\n\n<p>Reztart on ideaalne vahepala enne trenni, sest sisalduvad s\u00fcsivesikud tagavad piisava energia heaks soorituseks. Valgurikas Reztart on sobilik ka p\u00e4rast treeningut, aidates v\u00e4hendada lihaste mikrokahjustusi taastades lihaste tavap\u00e4rast seisundit ja tagades seega kiirema taastumise.<\/p>\n\n\n\n<div class=\"wp-block-buttons is-layout-flex wp-block-buttons-is-layout-flex\">\n<div class=\"wp-block-button\"><a class=\"wp-block-button__link wp-element-button\" href=\"https:\/\/www.reztart.com\/et\/treening-reztartiga\/\">Treeni koos Reztart<\/a><\/div>\n<\/div>\n<\/div>\n\n\n\n<div class=\"qt-container is-style-image-column\">\n<figure class=\"wp-block-image size-thumbnail\"><img loading=\"lazy\" decoding=\"async\" width=\"800\" height=\"800\" src=\"https:\/\/www.reztart.com\/wp-content\/uploads\/2025\/06\/reztart-fore-och-efter-traningen-800x800.jpg\" alt=\"En brunh\u00e5rig kvinna tittar ner mot marken, har ett hopprep runt halsen och vattenflaska i handen.\" class=\"wp-image-45981\" style=\"aspect-ratio:1;object-fit:cover\" srcset=\"https:\/\/www.reztart.com\/wp-content\/uploads\/2025\/06\/reztart-fore-och-efter-traningen-800x800.jpg 800w, https:\/\/www.reztart.com\/wp-content\/uploads\/2025\/06\/reztart-fore-och-efter-traningen-300x300.jpg 300w, https:\/\/www.reztart.com\/wp-content\/uploads\/2025\/06\/reztart-fore-och-efter-traningen-100x100.jpg 100w, https:\/\/www.reztart.com\/wp-content\/uploads\/2025\/06\/reztart-fore-och-efter-traningen-600x600.jpg 600w, https:\/\/www.reztart.com\/wp-content\/uploads\/2025\/06\/reztart-fore-och-efter-traningen-768x768.jpg 768w, https:\/\/www.reztart.com\/wp-content\/uploads\/2025\/06\/reztart-fore-och-efter-traningen-400x400.jpg 400w, https:\/\/www.reztart.com\/wp-content\/uploads\/2025\/06\/reztart-fore-och-efter-traningen.jpg 1200w\" sizes=\"auto, (max-width: 800px) 100vw, 800px\" \/><\/figure>\n<\/div>\n<\/div><\/section>\n\n\n\n<section class=\"qt-section container-default\"><div class=\"qt-section__inner grid grid-col-2\">\n<div class=\"qt-container is-style-image-column\">\n<figure class=\"wp-block-image size-thumbnail\"><img loading=\"lazy\" decoding=\"async\" width=\"800\" height=\"800\" src=\"https:\/\/www.reztart.com\/wp-content\/uploads\/2025\/06\/kostfibrer-for-halsosam-vikt-800x800.jpg\" alt=\"En kvinna st\u00e5r i yogapos\u00e9 p\u00e5 stranden i motljus.\" class=\"wp-image-45979\" style=\"aspect-ratio:1;object-fit:cover\" srcset=\"https:\/\/www.reztart.com\/wp-content\/uploads\/2025\/06\/kostfibrer-for-halsosam-vikt-800x800.jpg 800w, https:\/\/www.reztart.com\/wp-content\/uploads\/2025\/06\/kostfibrer-for-halsosam-vikt-300x300.jpg 300w, https:\/\/www.reztart.com\/wp-content\/uploads\/2025\/06\/kostfibrer-for-halsosam-vikt-100x100.jpg 100w, https:\/\/www.reztart.com\/wp-content\/uploads\/2025\/06\/kostfibrer-for-halsosam-vikt-600x600.jpg 600w, https:\/\/www.reztart.com\/wp-content\/uploads\/2025\/06\/kostfibrer-for-halsosam-vikt-768x768.jpg 768w, https:\/\/www.reztart.com\/wp-content\/uploads\/2025\/06\/kostfibrer-for-halsosam-vikt-400x400.jpg 400w, https:\/\/www.reztart.com\/wp-content\/uploads\/2025\/06\/kostfibrer-for-halsosam-vikt.jpg 1200w\" sizes=\"auto, (max-width: 800px) 100vw, 800px\" \/><\/figure>\n<\/div>\n\n\n\n<div class=\"qt-container is-vertically-aligned-center is-style-text-column\">\n<h2 class=\"wp-block-heading is-style-eyebrow\">Tervislik kehakaal<\/h2>\n\n\n\n<p>Reztart on kiudainerikas. Kiudained on normaalse kehakaalu s\u00e4ilitamisel v\u00f5tmet\u00e4htsusega, sest tagavad pikema t\u00e4isk\u00f5hutunde ja aeglustavad gl\u00fckoosi imendumist v\u00e4ltides veresuhkru taseme kiiret t\u00f5usu.<\/p>\n<\/div>\n<\/div><\/section>\n\n\n\n<section class=\"qt-section container-m\"><div class=\"qt-section__inner grid grid-col-1\">\n<div class=\"qt-container is-style-default\">\n<h2 class=\"wp-block-heading\">Magusaisu?<\/h2>\n\n\n\n<p>Magusaisu leevendamiseks v\u00f5ta Reztart. Sama maitsev kui makroon, aga sisaldab rikkalikult kvaliteetseid toitaineid.<\/p>\n<\/div>\n\n\n\n<div class=\"qt-container is-style-default\">\n<h2 class=\"wp-block-heading\">\u00d5htus\u00f6\u00f6gi eel<\/h2>\n\n\n\n<p>Pikk p\u00e4ev seljataga, j\u00f5udsid koju ja oled omadega t\u00e4iesti l\u00e4bi? V\u00f5ta Reztart, et v\u00e4ltida n\u00e4ksimist enne \u00f5htus\u00f6\u00f6gi valmimist ja \u00fcles\u00f6\u00f6mist \u00f5htus\u00f6\u00f6gi ajal.<\/p>\n<\/div>\n\n\n\n<div class=\"qt-container is-style-default\">\n<h2 class=\"wp-block-heading\">\u00d6\u00f6<\/h2>\n\n\n\n<p>Kui Sul on enne magamaminekut k\u00f5ht t\u00fchi, \u00e4ra mine k\u00fclmkapi kallale, vaid v\u00f5ta Reztart, mis varustab Sinu keha t\u00e4isv\u00e4\u00e4rtuslike valkudega, mis on vajalikud rakkude uuenemisprotsessiks.<\/p>\n<\/div>\n\n\n\n<div class=\"qt-container is-style-default\">\n<h2 class=\"wp-block-heading\">T\u00f6\u00f6reis<\/h2>\n\n\n\n<p>Harjumuslikus argirutiinis on oluliselt lihtsam tervislikult toituda, kui kodust eemal viibides. Varu (t\u00f6\u00f6)reisile kaasa Reztart batoonid ja joogisegud, et toitainerikas vahepala oleks ka k\u00f5ige kiirematel hetkedel k\u00e4ep\u00e4rast.<\/p>\n<\/div>\n<\/div><\/section>\n\n\n\n<section class=\"qt-section container-default is-style-stacked-boxes\"><div class=\"qt-section__inner grid grid-col-2 has-background has-black-background-color\" style=\"background-color:#2D2926\">\n<div class=\"qt-container is-style-image-column\">\n<figure class=\"wp-block-image size-medium\"><img loading=\"lazy\" decoding=\"async\" width=\"1200\" height=\"857\" src=\"https:\/\/www.reztart.com\/wp-content\/uploads\/2025\/06\/reztart-bar-1200x857.jpg\" alt=\"Reztart bar\" class=\"wp-image-47255\" srcset=\"https:\/\/www.reztart.com\/wp-content\/uploads\/2025\/06\/reztart-bar-1200x857.jpg 1200w, https:\/\/www.reztart.com\/wp-content\/uploads\/2025\/06\/reztart-bar-300x214.jpg 300w, https:\/\/www.reztart.com\/wp-content\/uploads\/2025\/06\/reztart-bar-600x429.jpg 600w, https:\/\/www.reztart.com\/wp-content\/uploads\/2025\/06\/reztart-bar-800x571.jpg 800w, https:\/\/www.reztart.com\/wp-content\/uploads\/2025\/06\/reztart-bar-768x549.jpg 768w, https:\/\/www.reztart.com\/wp-content\/uploads\/2025\/06\/reztart-bar-400x286.jpg 400w, https:\/\/www.reztart.com\/wp-content\/uploads\/2025\/06\/reztart-bar.jpg 1400w\" sizes=\"auto, (max-width: 1200px) 100vw, 1200px\" \/><\/figure>\n<\/div>\n\n\n\n<div class=\"qt-container is-vertically-aligned-center is-horizontally-aligned-left is-style-text-column\">\n<h2 class=\"wp-block-heading has-white-color has-text-color has-link-color wp-elements-722afa868b0d48ce52de34ebc2e94fb2\">Kui tahad midagi head \u2013 loodusliku ja maitsva sisuga.<\/h2>\n\n\n\n<p class=\"has-white-color has-text-color has-link-color wp-elements-7d760ba3d854e7277fd507c607efa6bb\">Meie batoonid ja smuutid on t\u00e4iuslik vahepala sulle, kes soovib end hellitada ilma tervise arvelt j\u00e4releandmisi tegemata.<\/p>\n\n\n\n<div class=\"wp-block-buttons is-layout-flex wp-block-buttons-is-layout-flex\">\n<div class=\"wp-block-button is-style-button-secondary\"><a class=\"wp-block-button__link wp-element-button\" href=\"https:\/\/www.reztart.com\/et\/pood\/\">Tutvu toodetega<\/a><\/div>\n<\/div>\n<\/div>\n<\/div><\/section>\n","protected":false},"excerpt":{"rendered":"","protected":false},"author":5,"featured_media":0,"parent":0,"menu_order":0,"comment_status":"closed","ping_status":"closed","template":"","meta":{"_acf_changed":false,"footnotes":""},"class_list":["post-46792","page","type-page","status-publish","hentry"],"acf":[],"_links":{"self":[{"href":"https:\/\/www.reztart.com\/et\/wp-json\/wp\/v2\/pages\/46792","targetHints":{"allow":["GET"]}}],"collection":[{"href":"https:\/\/www.reztart.com\/et\/wp-json\/wp\/v2\/pages"}],"about":[{"href":"https:\/\/www.reztart.com\/et\/wp-json\/wp\/v2\/types\/page"}],"author":[{"embeddable":true,"href":"https:\/\/www.reztart.com\/et\/wp-json\/wp\/v2\/users\/5"}],"replies":[{"embeddable":true,"href":"https:\/\/www.reztart.com\/et\/wp-json\/wp\/v2\/comments?post=46792"}],"version-history":[{"count":14,"href":"https:\/\/www.reztart.com\/et\/wp-json\/wp\/v2\/pages\/46792\/revisions"}],"predecessor-version":[{"id":47430,"href":"https:\/\/www.reztart.com\/et\/wp-json\/wp\/v2\/pages\/46792\/revisions\/47430"}],"wp:attachment":[{"href":"https:\/\/www.reztart.com\/et\/wp-json\/wp\/v2\/media?parent=46792"}],"curies":[{"name":"wp","href":"https:\/\/api.w.org\/{rel}","templated":true}]}}