{"id":46670,"date":"2025-06-19T10:11:35","date_gmt":"2025-06-19T08:11:35","guid":{"rendered":"https:\/\/www.reztart.com\/?page_id=46670"},"modified":"2025-08-04T11:52:47","modified_gmt":"2025-08-04T09:52:47","slug":"kkk","status":"publish","type":"page","link":"https:\/\/www.reztart.com\/et\/kkk\/","title":{"rendered":"Korduma kippuvad k\u00fcsimused"},"content":{"rendered":"\n<section class=\"qt-section container-m\"><div class=\"qt-section__inner grid grid-col-1\">\n<div class=\"qt-container\">\n<h1 class=\"wp-block-heading\">Korduma kippuvad k\u00fcsimused<\/h1>\n\n\n\n<div class=\"faq\">\n\t\n\t\n\t\t<div class=\"accordion-item\">\n\t\t\t<div class=\"accordion-item__heading\">\n\t\t\t\t<h2 class=\"wp-block-heading\">Kas Reztart tooted sobivad ka raseduse ajal tarbimiseks?<\/h2>\n\t\t\t\t<span class=\"accordion-item__icon\"><\/span>\n\t\t\t<\/div>\n\t\t\t<div class=\"accordion-item__content\">\n\t\t\t\t<div class=\"accordion-content__inner\">\n\t\t\t\t\t<p>Jaa, v\u00f5ib! Reztart ei ole toidulisand, tegemist on tavap\u00e4rase toiduga! T\u00e4helepanu peaksite p\u00f6\u00f6rama ainult allergeenide infole, mis on kodulehel toodete kirjelduses, et oleks teile sobiv.<\/p>\n\t\t\t\t<\/div>\n\t\t\t<\/div>\n\t\t<\/div>\n\n\t\t\n\t\t<div class=\"accordion-item\">\n\t\t\t<div class=\"accordion-item__heading\">\n\t\t\t\t<h2 class=\"wp-block-heading\">Kas imetamise ajal v\u00f5ib Reztardi tooteid tarbida?<\/h2>\n\t\t\t\t<span class=\"accordion-item__icon\"><\/span>\n\t\t\t<\/div>\n\t\t\t<div class=\"accordion-item__content\">\n\t\t\t\t<div class=\"accordion-content__inner\">\n\t\t\t\t\t<p>Jaa, ikka v\u00f5ite! Tegemist on tavap\u00e4rase toiduga. Reztart ei ole toidulisand.<\/p>\n<p>T\u00e4helepanu peaksite p\u00f6\u00f6rama ainult allergeenide infole, mis on kodulehel toodete kirjelduses, et oleks teile sobiv.<\/p>\n\t\t\t\t<\/div>\n\t\t\t<\/div>\n\t\t<\/div>\n\n\t\t\n\t\t<div class=\"accordion-item\">\n\t\t\t<div class=\"accordion-item__heading\">\n\t\t\t\t<h2 class=\"wp-block-heading\">Kuidas tarbida Reztart joogisegusid kaalulangetuse eesm\u00e4rgil?<\/h2>\n\t\t\t\t<span class=\"accordion-item__icon\"><\/span>\n\t\t\t<\/div>\n\t\t\t<div class=\"accordion-item__content\">\n\t\t\t\t<div class=\"accordion-content__inner\">\n\t\t\t\t\t<p>V\u00f5ta appi Reztart \ud835\ude01\ud835\uddf2\ud835\uddff\ud835\ude03\ud835\uddf6\ud835\ude00\ud835\uddf2\ud835\ude00\ud835\uddf2\ud835\uddf4\ud835\ude02 \ud835\udfef\ud835\udfec \ud835\uddfa\ud835\uddf6\ud835\uddfb\ud835\ude02\ud835\ude01\ud835\uddf6 \ud835\uddff\ud835\uddf2\ud835\uddf2\ud835\uddf4\ud835\uddf2\ud835\uddf9. Joo tervisesegu 30 minutit enne p\u00f5hitoidukorda. Nii ei teki ahvatlust t\u00f5sta taldrikule liiga palju toitu, mis koormab keha ja tekitab unisust. Joogisegu hoiab ka veresuhkru taseme stabiilsena ja nii jagub sul energiat terveks p\u00e4evaks.<\/p>\n<p>Reztart FIT on eriti hea salenejale, sest on kiudainerikas ja hoiab veresuhkru taset tasakaalus, aidates nii v\u00e4hendada \u00fcles\u00f6\u00f6mist ja ennetada liigseid isusid. S\u00f6\u00f6d v\u00e4hem ja saad joogisegust k\u00e4tte vajalikud vitamiinid ja mineraalained. Ka siin kehtib\u00a0\ud835\udfef\ud835\udfec \ud835\uddfa\ud835\uddf6\ud835\uddfb\ud835\ude02\ud835\ude01\ud835\uddf6 \ud835\uddff\ud835\uddf2\ud835\uddf2\ud835\uddf4\ud835\uddf2\ud835\uddf9 \u2013 joo seda pool tundi enne p\u00f5hitoidukorda.<\/p>\n<p>Erinevaid tervisliku kaalulangetuse nippe leiad ka meie\u00a0<a href=\"https:\/\/www.reztart.com\/et\/blogi\/\">blogist<\/a>.<\/p>\n\t\t\t\t<\/div>\n\t\t\t<\/div>\n\t\t<\/div>\n\n\t\t\n\t\t<div class=\"accordion-item\">\n\t\t\t<div class=\"accordion-item__heading\">\n\t\t\t\t<h2 class=\"wp-block-heading\">Kas Reztart sobib ka lastele?<\/h2>\n\t\t\t\t<span class=\"accordion-item__icon\"><\/span>\n\t\t\t<\/div>\n\t\t\t<div class=\"accordion-item__content\">\n\t\t\t\t<div class=\"accordion-content__inner\">\n\t\t\t\t\t<p>Saame julgelt vastata, et sobivad k\u00fcll, sest Rootsi teadlased on teinud uuringuid, kuhu nad on kaasanud ka lapsi. Nendest on selgunud, et s\u00fc\u00fces Reztart batoone vahepaladena, on lastel paremad kognitiivsed tulemused.<\/p>\n<p>Just batoonid sobivad koolilastele imeh\u00e4sti, sest need mahuvad nii koolikotti kui ka taskusse ja on parajalt magusad. Neid v\u00f5ib s\u00fc\u00fca nii koolis vahetunnis kui ka n\u00e4ksida t\u00e4naval kodu poole v\u00f5i trenni mines.<\/p>\n<p>Proteiinijoogid \u00fcle\u00fcldiselt lastele ei maitse \u2013 k\u00fcll aga saab neid peita smuutide sisse! Mis teeb \u00fchele vanemale rohkem r\u00f5\u00f5mu, kui teadmine, et laps saab v\u00e4ga vajalikud toiteained k\u00e4tte lihtsast smuutist. Lisa meelep\u00e4rasele smuutile Reztart joogisegu ja saad kindel olla, et vajalikud ained on lapsel k\u00e4tte saadud<\/p>\n\t\t\t\t<\/div>\n\t\t\t<\/div>\n\t\t<\/div>\n\n\t\t\n<\/div>\n<\/div>\n<\/div><\/section>\n","protected":false},"excerpt":{"rendered":"","protected":false},"author":5,"featured_media":0,"parent":0,"menu_order":0,"comment_status":"closed","ping_status":"closed","template":"","meta":{"_acf_changed":false,"footnotes":""},"class_list":["post-46670","page","type-page","status-publish","hentry"],"acf":[],"_links":{"self":[{"href":"https:\/\/www.reztart.com\/et\/wp-json\/wp\/v2\/pages\/46670","targetHints":{"allow":["GET"]}}],"collection":[{"href":"https:\/\/www.reztart.com\/et\/wp-json\/wp\/v2\/pages"}],"about":[{"href":"https:\/\/www.reztart.com\/et\/wp-json\/wp\/v2\/types\/page"}],"author":[{"embeddable":true,"href":"https:\/\/www.reztart.com\/et\/wp-json\/wp\/v2\/users\/5"}],"replies":[{"embeddable":true,"href":"https:\/\/www.reztart.com\/et\/wp-json\/wp\/v2\/comments?post=46670"}],"version-history":[{"count":8,"href":"https:\/\/www.reztart.com\/et\/wp-json\/wp\/v2\/pages\/46670\/revisions"}],"predecessor-version":[{"id":47702,"href":"https:\/\/www.reztart.com\/et\/wp-json\/wp\/v2\/pages\/46670\/revisions\/47702"}],"wp:attachment":[{"href":"https:\/\/www.reztart.com\/et\/wp-json\/wp\/v2\/media?parent=46670"}],"curies":[{"name":"wp","href":"https:\/\/api.w.org\/{rel}","templated":true}]}}