{"id":46663,"date":"2025-03-28T14:12:02","date_gmt":"2025-03-28T13:12:02","guid":{"rendered":"https:\/\/www.reztart.com\/?page_id=46663"},"modified":"2025-06-18T23:59:38","modified_gmt":"2025-06-18T21:59:38","slug":"muugitingimused","status":"publish","type":"page","link":"https:\/\/www.reztart.com\/et\/muugitingimused\/","title":{"rendered":"M\u00fc\u00fcgitingimused"},"content":{"rendered":"\n<section class=\"qt-section container-m\"><div class=\"qt-section__inner grid grid-col-1\">\n<div class=\"qt-container\">\n<h1 class=\"wp-block-heading\">M\u00fc\u00fcgitingimused<\/h1>\n<\/div>\n\n\n\n<div class=\"qt-container\">\n<h2 class=\"wp-block-heading\">M\u00fc\u00fcgitingimuste kehtivus<\/h2>\n\n\n\n<ol class=\"wp-block-list\">\n<li>M\u00fc\u00fcgitingimused kehtivad&nbsp;<a href=\"\/et\/\">www.reztart.com\/et<\/a>&nbsp;veebipoest ostja (edaspidi Ostja) ja ettev\u00f5tja Indevex O\u00dc (edaspidi Veebipood&nbsp;<a href=\"\/et\/\">www.reztart.com\/et<\/a>) vahel kaupade ja teenuste ostmisel.<\/li>\n\n\n\n<li>Lisaks k\u00e4esolevatele tingimustele reguleerivad reztart.ee veebipoest toodete ostmisel tekkivaid \u00f5igussuhteid Eesti Vabariigis kehtivad v\u00f5la\u00f5igusseadus (edaspidi V\u00d5S), tarbijakaitseseadus (edaspidi TKS) ja teised \u00f5igusaktid.<\/li>\n\n\n\n<li>Veebipood&nbsp;<a href=\"\/et\/\" target=\"_blank\" rel=\"noreferrer noopener\">www.reztart.com\/et<\/a>&nbsp;j\u00e4tab endale \u00f5iguse teha m\u00fc\u00fcgitingimustes muudatusi. Nimetatud muudatusi kajastatakse veebilehel&nbsp;<a href=\"https:\/\/www.reztart.com\/et\/muugitingimused\/\">www.reztart.ee\/muugitingimused<\/a>.<\/li>\n<\/ol>\n\n\n\n<h2 class=\"wp-block-heading\">Hinnainfo<\/h2>\n\n\n\n<ol class=\"wp-block-list\">\n<li>K\u00f5ik veebipoes&nbsp;<a href=\"\/et\/\" target=\"_blank\" rel=\"noreferrer noopener\"><\/a><a href=\"https:\/\/www.reztart.com\/et\/\">www.reztart.com\/et<\/a>&nbsp;toodud hinnad on esitatud eurodes ja sisaldavad k\u00e4ibemaksu 22%.<\/li>\n\n\n\n<li>Makseid v\u00f5etakse vastu eurodes (\u20ac).<\/li>\n\n\n\n<li>Hinnad kehtivad tellimuse vormistamisest kuni vormistatud tellimuse makset\u00e4htaja aegumiseni (24 tundi p\u00e4rast tellimuse vormistamist).<\/li>\n\n\n\n<li>Kui tellimus on esitatud enne m\u00fc\u00fcgitingimuste v\u00f5i hindade muutmist, kohaldatakse Ostja ja Indevex O\u00dc vahel tekkinud \u00f5igussuhetele tellimuse vormistamise ajal kehtinud tingimusi.<\/li>\n\n\n\n<li>Veebipood&nbsp;<a href=\"\/et\/\">www.reztart.com\/et<\/a>&nbsp;j\u00e4tab endale \u00f5iguse teha m\u00fc\u00fcgihindades muudatusi. Nimetatud muudatusi kajastatakse veebilehel&nbsp;<a href=\"\/et\/\" target=\"_blank\" rel=\"noreferrer noopener\">www.reztart.com\/et<\/a>.<\/li>\n<\/ol>\n\n\n\n<h2 class=\"wp-block-heading\">Tellimuse vormistamine<\/h2>\n\n\n\n<ol class=\"wp-block-list\">\n<li>Lisage soovitud tooted&nbsp;<a href=\"\/et\/ostukorv\/\" target=\"_blank\" rel=\"noreferrer noopener\">ostukorvi<\/a>.<\/li>\n\n\n\n<li>Tellimuse vormistamiseks suunduge&nbsp;<a href=\"\/et\/ostukorv\/\" target=\"_blank\" rel=\"noreferrer noopener\">ostukorvi&nbsp;<\/a>(link ostukorvile asub lehe p\u00e4ises ja men\u00fc\u00fcs) ja veendu valitud kauba \u00f5igsuses ja kogustes.<\/li>\n\n\n\n<li>Tellimuse vormistamiseks ja kauba eest tasumiseks vajutage lingile \u201c<a href=\"\/et\/ostukorv\/\" target=\"_blank\" rel=\"noreferrer noopener\">Mine kassasse<\/a>\u201d.<\/li>\n\n\n\n<li>Tellimuse vormistamise lehel t\u00e4itke n\u00f5utud andmev\u00e4ljad, valige teile sobiv tarneviis ja valige sobiv maksevalik. Tellimuse eest saate mugavalt tasuda pangalingi kaudu (Swedbank, SEB, Luminor vm) v\u00f5i panga\u00fclekandega.<\/li>\n\n\n\n<li>T\u00e4itke andmete ja tellimuse kinnituse lehek\u00fcljel olevad lahtrid t\u00e4helepanelikult, sest esitatud informatsiooni t\u00e4psusest ja \u00f5igsusest s\u00f5ltub Teie ostetud toodete kiire ja t\u00f5rgeteta kohaletoimetamine ning hilisem vaidluste ja pretensioonide lahendamine.<\/li>\n\n\n\n<li>Veebipoes sooritatud tellimusi t\u00f6\u00f6deldakse t\u00f6\u00f6p\u00e4evadel (E\u2212R 10.00\u221217.00). Kui tellimus esitatakse reedel p\u00e4rast kella 14:00, t\u00e4idetakse tellimus j\u00e4rgmisel esmasp\u00e4eval<\/li>\n<\/ol>\n\n\n\n<h3 class=\"wp-block-heading\">P\u00fcsitellimuse vormistamine<\/h3>\n\n\n\n<ol class=\"wp-block-list\">\n<li>Lisage soovitud tooted&nbsp;<a href=\"\/et\/ostukorv\/\" target=\"_blank\" rel=\"noreferrer noopener\">ostukorvi<\/a>.<\/li>\n\n\n\n<li>Tellimuse vormistamiseks suunduge&nbsp;<a href=\"\/et\/ostukorv\/\" target=\"_blank\" rel=\"noreferrer noopener\">ostukorvi&nbsp;<\/a>(link ostukorvile asub lehe p\u00e4ises ja men\u00fc\u00fcs) ja veendu valitud kauba \u00f5igsuses ja kogustes.<\/li>\n\n\n\n<li>Vali p\u00fcsitellimus ja vaata missugust hinda saame pakkuda.<\/li>\n\n\n\n<li>Tellimuse vormistamiseks ja kauba eest tasumiseks vajutage lingile \u201c<a href=\"\/et\/ostukorv\/\" target=\"_blank\" rel=\"noreferrer noopener\">Mine kassasse<\/a>\u201d.<\/li>\n\n\n\n<li>Tellimuse vormistamise lehel t\u00e4itke n\u00f5utud andmev\u00e4ljad, valige teile sobiv tarneviis. Tellimuse eest saate mugavalt tasuda valides maksmiseks Visa\/Mastercard krediitkaardi.<\/li>\n\n\n\n<li>T\u00e4itke andmete ja tellimuse kinnituse lehek\u00fcljel olevad lahtrid t\u00e4helepanelikult, sest esitatud informatsiooni t\u00e4psusest ja \u00f5igsusest s\u00f5ltub Teie ostetud toodete kiire ja t\u00f5rgeteta kohaletoimetamine ning hilisem vaidluste ja pretensioonide lahendamine.<\/li>\n\n\n\n<li>P\u00fcsitellimuse sisu ja hind on kokku lepitud, aga kui soovite seal teha muudatusi, siis on see v\u00f5imalik 14-p\u00e4evase etteteatamisega enne j\u00e4rgmist makset, v\u00f5ttes meiega \u00fchendust&nbsp;<a href=\"mailto:info@reztart.com\">info@reztart.com<\/a>&nbsp;v\u00f5i&nbsp;<a href=\"\/et\/minu-profiil\/\">logides sisse oma kontole<\/a>. (Oma konto t\u00f6\u00f6laualt n\u00e4ed enda hiljutisi tellimusi, saad hallata enda tarne ja maksmise aadresse ning muuta oma salas\u00f5na ja konto andmeid)<\/li>\n\n\n\n<li>Veebipoes sooritatud tellimusi t\u00f6\u00f6deldakse t\u00f6\u00f6p\u00e4evadel (E\u2212R 10.00\u221217.00). Kui tellimus esitatakse reedel p\u00e4rast kella 14:00, t\u00e4idetakse tellimus j\u00e4rgmisel esmasp\u00e4eval<\/li>\n<\/ol>\n\n\n\n<p>Loe rohkem p\u00fcsitellimuste kohta&nbsp;<a href=\"\/et\/liitu\/\">siit<\/a>.<\/p>\n\n\n\n<h3 class=\"wp-block-heading\">P\u00fcsitellimuse l\u00f5petamine<\/h3>\n\n\n\n<ol class=\"wp-block-list\">\n<li>P\u00fcsitellimusest v\u00f5id igal ajal loobuda, kuid mitte enne kui see on kaks korda t\u00e4idetud. L\u00f5petamiseks v\u00f5tke \u00fchendust&nbsp;<a href=\"mailto:info@reztart.com\">info@reztart.com<\/a>&nbsp;v\u00f5i&nbsp;<a href=\"\/et\/minu-profiil\/\">logige sisse oma kontole<\/a>&nbsp;ja \u201eP\u00fcsitellimused\u201c alt saate valida \u201cP\u00fcsitellimuse katkestamine\u201d.<\/li>\n<\/ol>\n\n\n\n<h2 class=\"wp-block-heading\">M\u00fc\u00fcgilepingu j\u00f5ustumine<\/h2>\n\n\n\n<ol class=\"wp-block-list\">\n<li>Kauba m\u00fc\u00fcgilepinguga kohustub veebipood&nbsp;<a href=\"\/et\/\" target=\"_blank\" rel=\"noreferrer noopener\">reztart.com\/et<\/a>&nbsp;andma Ostjale \u00fcle olemasoleva v\u00f5i veebipood&nbsp;<a href=\"\/et\/\" target=\"_blank\" rel=\"noreferrer noopener\">reztart.com\/et<\/a>&nbsp;poolt tulevikus omandatava Kauba ning tegema v\u00f5imalikuks omandi \u00fclemineku Ostjale, Ostja aga kohustub veebipood <a href=\"\/et\/\">reztart.com\/et<\/a>&nbsp;tasuma Kauba eest esitatud arvel n\u00e4idatud summa ja v\u00f5tma Kauba vastu.<\/li>\n\n\n\n<li>Tellimused, mille eest ei ole tasutud, t\u00fchistatakse 24 tunni m\u00f6\u00f6dudes alates tellimuse vormistamisest.<\/li>\n\n\n\n<li>M\u00fc\u00fcgileping j\u00f5ustub p\u00e4rast Ostja tehtud makse laekumist Veebipoe pangakontole.<\/li>\n<\/ol>\n\n\n\n<h2 class=\"wp-block-heading\">Kohaletoimetamine<\/h2>\n\n\n\n<ol class=\"wp-block-list\">\n<li>E-poes m\u00fc\u00fcgil olevaid kaupu tarnitakse vaid Eesti Vabariigi territooriumil<\/li>\n\n\n\n<li>Kauba saatmiskulud kannab Ostja ning vastav hinnainfo on kuvatud tarneviisi juures.<\/li>\n\n\n\n<li>P\u00e4rast m\u00fc\u00fcgilepingu j\u00f5ustumist komplekteerib veebipood&nbsp;<a href=\"\/et\/\" target=\"_blank\" rel=\"noreferrer noopener\">reztart.com\/et<\/a>&nbsp;tellimuse ning annab selle kohaletoimetamiseks \u00fcle ettev\u00f5tte logistikapartnerile DPD kullerile.<\/li>\n\n\n\n<li>Saadetised j\u00f5uavad \u00fcldjuhul Ostja m\u00e4\u00e4ratud sihtpunkti 3-7 t\u00f6\u00f6p\u00e4eva jooksul alates m\u00fc\u00fcgilepingu j\u00f5ustumist. Erandlikel juhtumitel on \u00f5igus kaup kohale toimetada kuni 45&nbsp;kalendrip\u00e4eva jooksul, teavitades sellest eelnevalt tarbijat.<\/li>\n\n\n\n<li>E-poe veebilehel n\u00e4idatud kohaletoimetamise t\u00e4htajad kehtivad tellimuse summa laekumise hetkest Veebipoe pangakontole.<\/li>\n\n\n\n<li>T\u00e4itke andmete ja tellimuse kinnituse lehek\u00fcljel olevad lahtrid t\u00e4helepanelikult, sest esitatud informatsiooni t\u00e4psusest ja \u00f5igsusest s\u00f5ltub Teie ostetud toodete kiire ja t\u00f5rgeteta kohaletoimetamine ning hilisem vaidluste ja pretensioonide lahendamine.<\/li>\n\n\n\n<li>Veebipood&nbsp;<a href=\"\/et\/\" target=\"_blank\" rel=\"noreferrer noopener\">reztart.com\/et<\/a>&nbsp;ei vastuta kauba kohaletoimetamise viibimise eest juhul, kui kaup on logistikapartneritele \u00fcle antud \u00f5igel ajal, kuid kohaletoimetamise viibimine on tingitud asjaoludest, mida veebipood&nbsp;<a href=\"\/et\/\" target=\"_blank\" rel=\"noreferrer noopener\">reztart.com\/et<\/a>&nbsp;ei saanud m\u00f5jutada ega ette n\u00e4ha.<\/li>\n<\/ol>\n\n\n\n<h2 class=\"wp-block-heading\"><strong>Tagastamis\u00f5igus<\/strong><\/h2>\n\n\n\n<ol class=\"wp-block-list\">\n<li>P\u00e4rast tellimuse k\u00e4ttesaamist on Ostjal \u00f5igus e-poes s\u00f5lmitud lepingust taganeda p\u00f5hjust avaldamata 14 p\u00e4eva jooksul. Kauba tagastamiseks tuleb esitada taganemisavaldus, mille saab t\u00e4ita&nbsp;<a href=\"https:\/\/www.riigiteataja.ee\/aktilisa\/1030\/1201\/4001\/JM_m41_lisa1.pdf\" target=\"_blank\" rel=\"noreferrer noopener nofollow\">siin<\/a>&nbsp;ning saata see aadressile&nbsp;<a href=\"mailto:info@reztart.com\">info@rezart.com<\/a>. Taganemisavalduse t\u00fc\u00fcpvorm on leitav&nbsp;<a href=\"\/wp-content\/uploads\/2025\/06\/EST_Kauba_tagastamise_avaldus_Indevex.pdf\" target=\"_blank\" rel=\"noreferrer noopener\">siin<\/a>.<\/li>\n\n\n\n<li>Tagastamisele kuuluva eseme seisukorra halvenemisel vastutab Ostja asja kasutamisest tingitud v\u00e4\u00e4rtuse v\u00e4henemise eest \u00fcksnes juhul, kui ta on eset kasutanud muul viisil, kui on vaja asja olemuses, omadustes ja toimimises veendumiseks. Et veenduda eseme olemuses, omadustes ja toimimises, peaks Ostja k\u00e4sitsema ja kasutama asja \u00fcksnes nii, nagu tal lubataks seda tavap\u00e4raselt poes teha.<\/li>\n\n\n\n<li>Tulenevalt toote omadustest, ei saa tagastada asja, mis ei ole k\u00f5lblik tagasisaatmiseks tervisekaitse v\u00f5i h\u00fcgieenilistel p\u00f5hjustel ning kui see on p\u00e4rast kohaletoimetamist avatud.<\/li>\n\n\n\n<li>Ostja peab kauba tagastama avalduse esitamisele j\u00e4rgneva 14 p\u00e4eva jooksul v\u00f5i esitama t\u00f5endi, et ta on eelnimetatud perioodi jooksul kauba \u00fcle andnud logistikafirmale. Klient tasub tarnega seotud kulud.<\/li>\n\n\n\n<li>Taganemisavalduse k\u00e4ttesaamisel tagastame Ostjale viivitamata k\u00f5ik Ostjalt lepingu alusel saadud tasud, muu hulgas Ostja kasutatud eseme k\u00e4ttetoimetamise kulud, kuid mitte hiljem kui 14 p\u00e4eva m\u00f6\u00f6dumisel.<\/li>\n\n\n\n<li>Kauba tagastamise kulud kannab ostja, v\u00e4lja arvatud juhul, kui tagastamise p\u00f5hjus seisneb asjaolus, et tagastamisele kuuluv kaup ei vasta tellitule (nt vale v\u00f5i defektiga toode).<\/li>\n\n\n\n<li>Indevex O\u00dc\u2019l on \u00f5igus tagasimakset enne mitte teha, kui klient on ostetud kauba tagastanud v\u00f5i klient on esitanud t\u00f5endi, et on kauba logistikafirmale edastanud.<\/li>\n\n\n\n<li>Indevex O\u00dc teeb tagasimakse samale kontole, millelt makse laekus.<\/li>\n<\/ol>\n\n\n\n<h2 class=\"wp-block-heading\">V\u00e4\u00e4ramatu j\u00f5ud<\/h2>\n\n\n\n<ol class=\"wp-block-list\">\n<li>Veebipood&nbsp;<a href=\"\/et\/\" target=\"_blank\" rel=\"noreferrer noopener\">reztart.com\/et<\/a>&nbsp;ei vastuta Tellijale tekitatud kahjude v\u00f5i kauba kohaletoimetamise viibimise eest juhul, kui kahju v\u00f5i kauba kohaletoimetamise viibimine on tingitud asjaoludest, mida veebipood&nbsp;<a href=\"\/et\/\" target=\"_blank\" rel=\"noreferrer noopener\">reztart.com\/et<\/a>&nbsp;ei saanud m\u00f5jutada v\u00f5i ette n\u00e4ha.<\/li>\n<\/ol>\n\n\n\n<h2 class=\"wp-block-heading\">Isikuandmete t\u00f6\u00f6tlemine<\/h2>\n\n\n\n<ol class=\"wp-block-list\">\n<li>Ostja annab veebipoes andmeid sisestades ning vastava kinnitusega \u00f5iguse koguda ja t\u00f6\u00f6delda Ostja isikuandmeid (nimi, kontakttelefon, paki k\u00e4ttetoimetamise ja\/v\u00f5i kodune aadress, e-postiaadress) ning edastada logistikapartnerile isikuandmeid kauba kohaletoimetamiseks.<\/li>\n\n\n\n<li>Ostjal on igal ajal \u00f5igus keelata oma isikuandmete kogumine ning kasutamine, v\u00e4lja arvatud juhul, kui see on vajalik lepingust tuleneva n\u00f5ude sissen\u00f5udmiseks v\u00f5i kauba kohaletoimetamiseks.<\/li>\n\n\n\n<li>Kr\u00fcpteeritud andmeside pankadega ostude eest tasumisel tagab Ostja personaalsete pangatunnuste turvalisuse ja neile puudub ka Veebipoel ligip\u00e4\u00e4s.<\/li>\n<\/ol>\n\n\n\n<p>Indevex O\u00dc t\u00f6\u00f6tleb Teie isikuandmeid m\u00fc\u00fcgilepingu s\u00f5lmimiseks ning t\u00e4itmiseks ja muudeks eesm\u00e4rkideks, millised on kirjeldatud meie privaatsuspoliitikas. Palun tutvuge meie&nbsp;<a href=\"\/et\/privaatsuspoliitika\/\">privaatsuspoliitikaga<\/a>, kus oleme detailselt kirjeldanud meie \u00f5iguseid, kohustusi ja vastutust ning Teie \u00f5iguseid seonduvalt Teie isikuandmetega.<\/p>\n\n\n\n<p>Indevex O\u00dc on isikuandmete vastutav t\u00f6\u00f6tleja, Indevex O\u00dc edastab maksete teostamiseks vajalikud isikuandmed volitatud t\u00f6\u00f6tleja Maksekeskus AS-le.<\/p>\n\n\n\n<h2 class=\"wp-block-heading\">Pretensioonide esitamise kord<\/h2>\n\n\n\n<ol class=\"wp-block-list\">\n<li>Palume meid koheselt teavitada e-posti&nbsp;<a href=\"mailto:info@reztart.com\"><\/a><a href=\"mailto:info@reztart.com\">info@reztart.com<\/a>, kui saadud kaup ei ole teie poolt tellitud ese v\u00f5i see on vigane, kuid mitte hiljem kui 2 kuu m\u00f6\u00f6dudes alates toote mittevastavuse v\u00f5i puuduse teadasaamise hetkest.<\/li>\n\n\n\n<li>Palume m\u00e4rkida n\u00f5uedesse teie kontaktandmed, ostukuup\u00e4ev, toote puuduse kirjeldus ja n\u00f5ude sisu.<\/li>\n\n\n\n<li>Valesti saadetud toote v\u00f5i kehva kvaliteedi puhul t\u00e4itke palun&nbsp;<a href=\"\/wp-content\/uploads\/2025\/06\/EST_Kauba_tagastamise_avaldus_Indevex.pdf\" target=\"_blank\" rel=\"noreferrer noopener\">tagastamisn\u00f5ue<\/a>. Indevex O\u00dc teeb tagasimakse ostetud tootega seotud kuludelt, kaasa arvatud tagastamisega seotud saatmiskulud. Palun hoidke alles postitusega seotud dokumendid ja saatke need mailiaadressile&nbsp;<a href=\"mailto:info@reztart.com\"><\/a><a href=\"mailto:info@reztart.com\">info@reztart.com<\/a>&nbsp;koos tellimuse numbriga.<\/li>\n<\/ol>\n\n\n\n<h2 class=\"wp-block-heading\">Ostja \u00f5igus p\u00f6\u00f6rduda tarbijakaebuste komisjoni poole<\/h2>\n\n\n\n<ol class=\"wp-block-list\">\n<li>Kui Veebipood on keeldunud Ostja kaebust lahendamast v\u00f5i Ostja ei ole n\u00f5us Veebipoe pakutud lahendusega ja leiab, et on rikutud tema \u00f5igusi v\u00f5i kahjustatud tema huve, v\u00f5ib Ostja esitada kaebuse tarbijakaebuste komisjonile Tarbijakaitseameti kaudu v\u00f5i kohtule. Ostja v\u00f5ib esitada kaebuse ise v\u00f5i esindaja kaudu. Tarbijakaitse komisjoni andmed on toodud Tarbijakaitseameti kodulehel, Euroopa Liidu liikmesriikides tekkivate probleemide lahendamiseks p\u00f6\u00f6rduda Euroopa Liidu tarbijate N\u00f5ustamiskeskusse.<\/li>\n<\/ol>\n<\/div>\n<\/div><\/section>\n","protected":false},"excerpt":{"rendered":"","protected":false},"author":5,"featured_media":0,"parent":0,"menu_order":0,"comment_status":"closed","ping_status":"closed","template":"","meta":{"_acf_changed":false,"footnotes":""},"class_list":["post-46663","page","type-page","status-publish","hentry"],"acf":[],"_links":{"self":[{"href":"https:\/\/www.reztart.com\/et\/wp-json\/wp\/v2\/pages\/46663","targetHints":{"allow":["GET"]}}],"collection":[{"href":"https:\/\/www.reztart.com\/et\/wp-json\/wp\/v2\/pages"}],"about":[{"href":"https:\/\/www.reztart.com\/et\/wp-json\/wp\/v2\/types\/page"}],"author":[{"embeddable":true,"href":"https:\/\/www.reztart.com\/et\/wp-json\/wp\/v2\/users\/5"}],"replies":[{"embeddable":true,"href":"https:\/\/www.reztart.com\/et\/wp-json\/wp\/v2\/comments?post=46663"}],"version-history":[{"count":1,"href":"https:\/\/www.reztart.com\/et\/wp-json\/wp\/v2\/pages\/46663\/revisions"}],"predecessor-version":[{"id":46664,"href":"https:\/\/www.reztart.com\/et\/wp-json\/wp\/v2\/pages\/46663\/revisions\/46664"}],"wp:attachment":[{"href":"https:\/\/www.reztart.com\/et\/wp-json\/wp\/v2\/media?parent=46663"}],"curies":[{"name":"wp","href":"https:\/\/api.w.org\/{rel}","templated":true}]}}