{"id":46661,"date":"2025-03-05T10:29:23","date_gmt":"2025-03-05T09:29:23","guid":{"rendered":"https:\/\/www.reztart.com\/?page_id=46661"},"modified":"2025-06-18T23:57:53","modified_gmt":"2025-06-18T21:57:53","slug":"privaatsuspoliitika","status":"publish","type":"page","link":"https:\/\/www.reztart.com\/et\/privaatsuspoliitika\/","title":{"rendered":"Privaatsuspoliitika"},"content":{"rendered":"\n<section class=\"qt-section container-m\"><div class=\"qt-section__inner grid grid-col-1\">\n<div class=\"qt-container\">\n<h1 class=\"wp-block-heading\">Privaatsuspoliitika<\/h1>\n\n\n\n<h2 class=\"wp-block-heading\">\u00dcldist<\/h2>\n\n\n\n<p>Isikuandmete vastutavaks t\u00f6\u00f6tlejaks on Indevex O\u00dc, registrikood 14255169, aadress Lina tn 31, 80041 P\u00e4rnu.<\/p>\n\n\n\n<p>Kliendi ja\/v\u00f5i Ostja isikuandmete t\u00f6\u00f6tlemisel j\u00e4rgib Indevex O\u00dc Eesti ja Euroopa Liidu \u00f5igusakte. K\u00f5ik Indevex O\u00dc valduses olevad Kliendi ja\/v\u00f5i Ostja isikuandmed on kogutud otse Kliendilt ja\/v\u00f5i Ostjalt.<br>Kasutame Kliendi ja\/v\u00f5i Ostja isikuandmeid eesm\u00e4rkidel, milleks Indevex O\u00dc neid andmeid on kogunud ning nende eesm\u00e4rkide t\u00e4itmiseks vajalikus ulatuses. Maksete teostamiseks vajalikud isikuandmed edastatakse volitatud t\u00f6\u00f6tlejale Maksekeskus AS-le.<\/p>\n\n\n\n<p>Juhul, kui isikuandmete kogumise eesm\u00e4rk on t\u00e4idetud, kustutame liigsed isikuandmed j\u00e4rgnevalt:<\/p>\n\n\n\n<ul class=\"wp-block-list\">\n<li>Kliendikaardi andmed 3 aasta m\u00f6\u00f6dumisel viimasest kliendikaardi kasutamisest ostu registreerimisel;<\/li>\n\n\n\n<li>E-poe kasutajakonto andmed 7 aasta m\u00f6\u00f6dumisel andmete kogumisest.<\/li>\n\n\n\n<li>Ostja isikuandmed kustutame 7 aasta m\u00f6\u00f6dumisel ostu sooritamisest.<\/li>\n\n\n\n<li>N\u00f5usolekul p\u00f5hineva andmet\u00f6\u00f6tluse korral, n\u00f5usoleku tagasiv\u00f5tmisest<\/li>\n<\/ul>\n\n\n\n<p>Indevex O\u00dc v\u00f5ib muuta&nbsp;<a href=\"https:\/\/www.reztart.com\/et\/privaatsuspoliitika\/\">Privaatsuspoliitikat&nbsp;<\/a>igal ajal koosk\u00f5las isikuandmete kaitse n\u00f5uetega. Muudatused loetakse Kliendile ja\/v\u00f5i Ostjale teada olevaks nende avalikustamisest Indevex O\u00dc kodulehel.<\/p>\n\n\n\n<h2 class=\"wp-block-heading\">Isikuandmete t\u00f6\u00f6tlemise \u00f5iguslik alus<\/h2>\n\n\n\n<p>Indevex O\u00dc t\u00f6\u00f6tleb isikuandmeid vaid siis, kui ettev\u00f5ttel on andmete t\u00f6\u00f6tlemiseks \u00f5iguslik alus. Indevex O\u00dc t\u00f6\u00f6tleb isikuandmeid j\u00e4rgmistel \u00f5iguslikel alustel:<\/p>\n\n\n\n<ul class=\"wp-block-list\">\n<li>\u00f5igustatud huvi korras.<\/li>\n\n\n\n<li>isiku n\u00f5usolekul;<\/li>\n\n\n\n<li>seadusest tulenevate kohustuste t\u00e4itmiseks;<\/li>\n\n\n\n<li>lepingu t\u00e4itmiseks;<\/li>\n<\/ul>\n\n\n\n<h2 class=\"wp-block-heading\">Klientide isikuandmete t\u00f6\u00f6tlemine<\/h2>\n\n\n\n<p>Kliendi isikuandmeid kogutakse konto registreerimisel, ostu-m\u00fc\u00fcgilepingu s\u00f5lmimiseks, otseturunduse teostamiseks, arvete haldamiseks, vaidluste ja pretensioonide lahendamiseks ning k\u00e4itumisharjumuste j\u00e4lgimiseks (profileerimiseks).<br>Selleks, et Kliendid ennast saaksid Indevex O\u00dc kasutajakeskkonnas registreerida peavad nad Indevex O\u00dc-le edastama j\u00e4rgnevad isikuandmed:<\/p>\n\n\n\n<ul class=\"wp-block-list\">\n<li>ees- ja perekonnanimi,<\/li>\n\n\n\n<li>e-posti aadress,<\/li>\n\n\n\n<li>telefoni number,<\/li>\n\n\n\n<li>elukoha aadress,<\/li>\n\n\n\n<li>sotsiaalmeedia kontode andmed (kasutajanimi),<\/li>\n\n\n\n<li>andmed, mis edastatakse makse teostamiseks.<\/li>\n<\/ul>\n\n\n\n<p>Kliendi poolt sooritatud ostude korral edastab Indevex O\u00dc isikuandmed kolmandatele lepingulistele partneritele (n\u00e4iteks kullerettev\u00f5ttele).<\/p>\n\n\n\n<p>K\u00e4itumisharjumuste anal\u00fc\u00fcsiks annab Klient ja\/v\u00f5i Ostja, lisades vajaliku m\u00e4rgistuse n\u00f5usoleku kastikesse. N\u00f5usoleku t\u00f6\u00f6tlemiseks annab Klient ja\/v\u00f5i Ostja vabatahtlikult e-poes kasutajaks registreerides.<\/p>\n\n\n\n<p>Kliendil ja\/v\u00f5i Ostjal on \u00f5igus enda n\u00f5usolek isikuandmete t\u00f6\u00f6tlemiseks igal ajal tagasi v\u00f5tta, kuid see ei m\u00f5juta eelnevat isikuandmete t\u00f6\u00f6tlemist, mis p\u00f5hines Kliendi ja\/v\u00f5i Ostja eelneval n\u00f5usolekul v\u00f5i seaduse alusel toimuvaid andmet\u00f6\u00f6tlusprotsesse.<\/p>\n\n\n\n<p>Isikuandmete t\u00f6\u00f6tlemine k\u00e4itumisharjumuste anal\u00fc\u00fcsiks l\u00f5petatakse Kliendi ja\/v\u00f5i Ostja poolt isikuandmete t\u00f6\u00f6tlemiseks antud n\u00f5usoleku tagasi v\u00f5tmisega.<\/p>\n\n\n\n<p>Indevex O\u00dc e-pood kasutab k\u00e4itumisharjumuste anal\u00fc\u00fcsi selleks, et v\u00f5imaldada Kliendile ja\/v\u00f5i Ostjale saata personaalseid ning sobivamaid pakkumisi.<\/p>\n\n\n\n<p>Klient, kes on ennast e-poes registreerinud kasutajaks,&nbsp;<a href=\"\/et\/reztart-club\/\">saab e-poodi sisse logides<\/a>\/otse p\u00f6\u00f6rdudes Indevex O\u00dc andmekaitseametniku poole igal ajal oma n\u00f5usoleku tagasi v\u00f5tta.<\/p>\n\n\n\n<h2 class=\"wp-block-heading\">Ostja isikuandmete t\u00f6\u00f6tlemine ostu-m\u00fc\u00fcgilepingu t\u00e4itmiseks<\/h2>\n\n\n\n<p>Ostja peab e-poes ostu sooritades edastama Indevex O\u00dcle j\u00e4rgmised isikuandmed:<\/p>\n\n\n\n<ul class=\"wp-block-list\">\n<li>ees- ja perekonnanimi,<\/li>\n\n\n\n<li>e-posti aadress,<\/li>\n\n\n\n<li>telefoni number,<\/li>\n\n\n\n<li>elukoha aadress,<\/li>\n\n\n\n<li>kauba k\u00e4ttetoimetamise aadress<\/li>\n\n\n\n<li>andmed, mis edastatakse makse teostamiseks.<\/li>\n<\/ul>\n\n\n\n<p>Ostu-m\u00fc\u00fcgilepinguga kogutud Ostja isikuandmeid v\u00f5ib Indevex O\u00dc edastada kolmandatele lepingulistele partneritele.<\/p>\n\n\n\n<p>Ostu-m\u00fc\u00fcgilepingu s\u00f5lmimisel kogutud Ostja isikuandmeid s\u00e4ilitatakse raamatupidamise seadusest tulenevalt 7 aastat.<\/p>\n\n\n\n<h2 class=\"wp-block-heading\">Kliendi ja Ostja \u00f5igused<\/h2>\n\n\n\n<p>Indevex O\u00dc jaoks on Kliendi ja\/v\u00f5i Ostja \u00f5igused olulised, seega j\u00e4rgnevalt anname \u00fclevaate k\u00f5igist Kliendi ja Ostja \u00f5igustest seoses enda isikuandmetega.<\/p>\n\n\n\n<p>Kliendil ja Ostjal on j\u00e4rgmised \u00f5igused:<\/p>\n\n\n\n<ul class=\"wp-block-list\">\n<li>Kliendil ja\/v\u00f5i Ostjal on igal ajal v\u00f5imalik p\u00f6\u00f6rduda isikuandmete t\u00f6\u00f6tlemisega seotud k\u00fcsimustega Indevex O\u00dc andmekaitseametniku poole kirjutades e-posti aadressile&nbsp;<a href=\"mailto:info@indevex.com\">info@indevex.com<\/a><\/li>\n\n\n\n<li>Klient ja\/v\u00f5i Ostja v\u00f5ib igal ajal p\u00f6\u00f6rduda Indevex O\u00dc poole, et saada ligip\u00e4\u00e4s enda isikuandmetele.<\/li>\n\n\n\n<li>Kliendil ja\/v\u00f5i Ostjal on igal ajal \u00f5igus p\u00f6\u00f6rduda Indevex O\u00dc poole, et uuendada enda muutunud isikuandmeid.<\/li>\n\n\n\n<li>Klient ja\/v\u00f5i Ostja v\u00f5ib paluda Indevex O\u00dc-l kustutada enda isikuandmed (\u00f5igus olla unustatud).<\/li>\n\n\n\n<li>Klient ja\/v\u00f5i Ostja v\u00f5ib paluda Indevex O\u00dc-l piirata enda isikuandmete t\u00f6\u00f6tlemist v\u00f5i esitada isikuandmete t\u00f6\u00f6tlemise suhtes vastuv\u00e4iteid.<\/li>\n\n\n\n<li>Klient v\u00f5ib paluda Indevex O\u00dc-l enda isikuandmed \u00fcle kanda uue vastutava t\u00f6\u00f6tleja valdusesse.<\/li>\n<\/ul>\n\n\n\n<p>Indevex O\u00dc Kliendil ja\/v\u00f5i Ostjal on \u00f5igus p\u00f6\u00f6rduda seoses isikuandmete t\u00f6\u00f6tlemist puudutava kaebusega Andmekaitse Inspektsiooni poole.<\/p>\n\n\n\n<h2 class=\"wp-block-heading\">Kliendi ja\/v\u00f5i Ostja isikuandmete edastamine<\/h2>\n\n\n\n<p>Indevex O\u00dc edastab Kliendi ja\/v\u00f5i Ostja isikuandmeid j\u00e4rgmistele kolmandatele osapooltele:<\/p>\n\n\n\n<ul class=\"wp-block-list\">\n<li>Lepingu alusel veo \u2013 v\u00f5i kullerteenuse pakkujatele;<\/li>\n\n\n\n<li>N\u00f5usoleku alusel otseturundusteenuse pakkujatele;<\/li>\n\n\n\n<li>Seadusest tulenevate kohustuste t\u00e4itmiseks raamatupidamisteenuse osutajale;<\/li>\n\n\n\n<li>Lepingu alusel infotehnoloogiliste teenuste pakkujatele.;<\/li>\n\n\n\n<li>Lepingu alusel koost\u00f6\u00f6partneritele;<\/li>\n\n\n\n<li>Muudeks seadustest tulenevate kohustuste t\u00e4itmiseks.<\/li>\n<\/ul>\n\n\n\n<h3 class=\"wp-block-heading\">Isikuandmete t\u00f6\u00f6tlemine otseturunduse eesm\u00e4rgil<\/h3>\n\n\n\n<ul class=\"wp-block-list\">\n<li>Indevex O\u00dc Kliendil ja\/v\u00f5i Ostjal on v\u00f5imalik liituda otseturunduse pakkumistega. Otseturunduskanalid h\u00f5lmavad endas e-kirju ja tavaposti.<\/li>\n\n\n\n<li>Indevex O\u00dc edastab otseturunduse eesm\u00e4rgil otseturundusteenuse pakkujatele Kliendi ja\/v\u00f5i Ostja isikuandmeid koosk\u00f5las isikuandmete kaitse n\u00f5uetega.<\/li>\n\n\n\n<li>Indevex O\u00dc Klient ja\/v\u00f5i Ostja annab vabatahtlikult n\u00f5usoleku enda isikuandmete t\u00f6\u00f6tlemiseks otseturunduse eesm\u00e4rgil.<\/li>\n<\/ul>\n\n\n\n<p>N\u00f5usoleku otseturunduseks annab Klient ja\/v\u00f5i Ostja, lisades vajaliku m\u00e4rgistuse n\u00f5usoleku kastikesse. N\u00f5usoleku isikuandmete otseturunduse eesm\u00e4rgil t\u00f6\u00f6tlemiseks annab Klient ja\/v\u00f5i Ostja vabatahtlikult e-poes kasutajaks registreerides; e-poes ostu sooritades; t\u00e4ites vajalikud v\u00e4ljad e-poe kodulehte k\u00fclastades; v\u00f5i t\u00e4ites jaekaupluses kliendikaardi registreerimisvormil vajalikud v\u00e4ljad. Indevex O\u00dc edastab Ostja ja\/v\u00f5i Kliendi isikuandmeid otseturundusteenust osutavatele koost\u00f6\u00f6partneritele.<\/p>\n\n\n\n<p>Kliendil ja\/v\u00f5i Ostjal on \u00f5igus enda n\u00f5usolek isikuandmete otseturunduse eesm\u00e4rgil t\u00f6\u00f6tlemiseks igal ajal tagasi v\u00f5tta, kuid see ei m\u00f5juta eelnevat isikuandmete t\u00f6\u00f6tlemist, mis p\u00f5hines Kliendi ja\/v\u00f5i Ostja eelneval n\u00f5usolekul.<\/p>\n<\/div>\n<\/div><\/section>\n","protected":false},"excerpt":{"rendered":"","protected":false},"author":5,"featured_media":0,"parent":0,"menu_order":0,"comment_status":"closed","ping_status":"closed","template":"","meta":{"_acf_changed":false,"footnotes":""},"class_list":["post-46661","page","type-page","status-publish","hentry"],"acf":[],"_links":{"self":[{"href":"https:\/\/www.reztart.com\/et\/wp-json\/wp\/v2\/pages\/46661","targetHints":{"allow":["GET"]}}],"collection":[{"href":"https:\/\/www.reztart.com\/et\/wp-json\/wp\/v2\/pages"}],"about":[{"href":"https:\/\/www.reztart.com\/et\/wp-json\/wp\/v2\/types\/page"}],"author":[{"embeddable":true,"href":"https:\/\/www.reztart.com\/et\/wp-json\/wp\/v2\/users\/5"}],"replies":[{"embeddable":true,"href":"https:\/\/www.reztart.com\/et\/wp-json\/wp\/v2\/comments?post=46661"}],"version-history":[{"count":1,"href":"https:\/\/www.reztart.com\/et\/wp-json\/wp\/v2\/pages\/46661\/revisions"}],"predecessor-version":[{"id":46662,"href":"https:\/\/www.reztart.com\/et\/wp-json\/wp\/v2\/pages\/46661\/revisions\/46662"}],"wp:attachment":[{"href":"https:\/\/www.reztart.com\/et\/wp-json\/wp\/v2\/media?parent=46661"}],"curies":[{"name":"wp","href":"https:\/\/api.w.org\/{rel}","templated":true}]}}