{"id":46328,"date":"2025-05-13T15:42:19","date_gmt":"2025-05-13T13:42:19","guid":{"rendered":"https:\/\/www.reztart.com\/?page_id=46328"},"modified":"2025-06-30T18:19:27","modified_gmt":"2025-06-30T16:19:27","slug":"blogi","status":"publish","type":"page","link":"https:\/\/www.reztart.com\/et\/blogi\/","title":{"rendered":"Blogi"},"content":{"rendered":"\n<section class=\"qt-section container-default\"><div class=\"qt-section__inner grid grid-col-1\">\n<div class=\"qt-container\">\n<h1 class=\"wp-block-heading\">Blogi<\/h1>\n<\/div>\n\n\n\n<div class=\"qt-container\">\n\t\n\t<div class=\"articles grid grid-col-4\">\n\t\n<a class=\"card article\" href=\"https:\/\/www.reztart.com\/et\/blogi\/emadus-ei-tahenda-enda-unustamist-sisulooja-kristin-kerro-ausad-motted-emaks-olemisest\/\" title=\"Emadus ei t\u00e4henda enda unustamist \u2013 sisulooja Kristin Kerro ausad m\u00f5tted emaks olemisest\">\n\t<div class=\"card__image\">\n\t\t<figure class=\"wp-block-image\">\n\t\t\t<img loading=\"lazy\" decoding=\"async\" width=\"800\" height=\"376\" src=\"https:\/\/www.reztart.com\/wp-content\/uploads\/2025\/05\/0B105017-805A-4B3C-BACD-912B0C676027-scaled-e1746853878961-800x376.jpeg\" class=\"attachment-thumbnail size-thumbnail wp-post-image\" alt=\"\" \/>\t\t<\/figure>\n\t<\/div>\n\t\n\t<div class=\"card__content\">\n\t\t<p class=\"article__title\">Emadus ei t\u00e4henda enda unustamist \u2013 sisulooja Kristin Kerro ausad m\u00f5tted emaks olemisest<\/p>\n\t\t<p class=\"article__excerpt\">Kolme lapse ema ja sisulooja Kristin Kerro on imeline naine, kellel tundub, et k\u00f5ik \u00f5nnestub. Emadep\u00e4eva&hellip;<\/p>\n\t<\/div>\n<\/a>\n\n<a class=\"card article\" href=\"https:\/\/www.reztart.com\/et\/blogi\/toitumisnoutaja-diana-mogis-murrab-enamlevinud-toidumuute-kas-ohtuti-tohib-suua-kas-toodeldud-toidud-on-alati-ebatervislikud\/\" title=\"Toitumisn\u00f5utaja Diana Mogi\u0161 murrab enamlevinud toidum\u00fc\u00fcte: kas \u00f5htuti tohib s\u00fc\u00fca, kas t\u00f6\u00f6deldud toidud on alati ebatervislikud?\">\n\t<div class=\"card__image\">\n\t\t<figure class=\"wp-block-image\">\n\t\t\t<img loading=\"lazy\" decoding=\"async\" width=\"800\" height=\"518\" src=\"https:\/\/www.reztart.com\/wp-content\/uploads\/2024\/10\/IMG_8626-800x518.png\" class=\"attachment-thumbnail size-thumbnail wp-post-image\" alt=\"\" \/>\t\t<\/figure>\n\t<\/div>\n\t\n\t<div class=\"card__content\">\n\t\t<p class=\"article__title\">Toitumisn\u00f5utaja Diana Mogi\u0161 murrab enamlevinud toidum\u00fc\u00fcte: kas \u00f5htuti tohib s\u00fc\u00fca, kas t\u00f6\u00f6deldud toidud on alati ebatervislikud?<\/p>\n\t\t<p class=\"article__excerpt\">Toitumine on \u00fcks enim arutletud ja samas ka enim valesti m\u00f5istetud teemasid tervise ja elustiili maailmas.&hellip;<\/p>\n\t<\/div>\n<\/a>\n\n<a class=\"card article\" href=\"https:\/\/www.reztart.com\/et\/blogi\/diana-mogis-vastab-kui-tahtsad-on-kiudaineid\/\" title=\"Diana Mogi\u0161 vastab: kui t\u00e4htsad on kiudaineid?\">\n\t<div class=\"card__image\">\n\t\t<figure class=\"wp-block-image\">\n\t\t\t<img loading=\"lazy\" decoding=\"async\" width=\"800\" height=\"574\" src=\"https:\/\/www.reztart.com\/wp-content\/uploads\/2025\/01\/IMG_8918-e1737910854547-800x574.jpeg\" class=\"attachment-thumbnail size-thumbnail wp-post-image\" alt=\"\" \/>\t\t<\/figure>\n\t<\/div>\n\t\n\t<div class=\"card__content\">\n\t\t<p class=\"article__title\">Diana Mogi\u0161 vastab: kui t\u00e4htsad on kiudaineid?<\/p>\n\t\t<p class=\"article__excerpt\">Treener, toitumisn\u00f5ustaja ja Reztart br\u00e4ndisaadik Diana Mogi\u0161 on v\u00e4ga paljudel inimestel aidanud saavutada tervislikku kehakaalu. K\u00fcsisime&hellip;<\/p>\n\t<\/div>\n<\/a>\n\n<a class=\"card article\" href=\"https:\/\/www.reztart.com\/et\/blogi\/diana-mogis-vastab-millest-voiks-alustada-kui-soov-on-langetada-uleliigseid-kilosid\/\" title=\"Diana Mogi\u0161 vastab: millest v\u00f5iks alustada, kui soov on langetada \u00fcleliigseid kilosid?\">\n\t<div class=\"card__image\">\n\t\t<figure class=\"wp-block-image\">\n\t\t\t<img loading=\"lazy\" decoding=\"async\" width=\"800\" height=\"518\" src=\"https:\/\/www.reztart.com\/wp-content\/uploads\/2024\/10\/IMG_8626-800x518.png\" class=\"attachment-thumbnail size-thumbnail wp-post-image\" alt=\"\" \/>\t\t<\/figure>\n\t<\/div>\n\t\n\t<div class=\"card__content\">\n\t\t<p class=\"article__title\">Diana Mogi\u0161 vastab: millest v\u00f5iks alustada, kui soov on langetada \u00fcleliigseid kilosid?<\/p>\n\t\t<p class=\"article__excerpt\">Treener, toitumisn\u00f5ustaja ja Reztart br\u00e4ndisaadik Diana Mogi\u0161 on v\u00e4ga paljudel inimestel aidanud saavutada tervislikku kehakaalu. K\u00fcsisime&hellip;<\/p>\n\t<\/div>\n<\/a>\n\n<a class=\"card article\" href=\"https:\/\/www.reztart.com\/et\/blogi\/abivahend-mis-aitab-ulesoomise-vastu\/\" title=\"Abivahend, mis aitab \u00fcles\u00f6\u00f6mise vastu\">\n\t<div class=\"card__image\">\n\t\t<figure class=\"wp-block-image\">\n\t\t\t<img loading=\"lazy\" decoding=\"async\" width=\"800\" height=\"451\" src=\"https:\/\/www.reztart.com\/wp-content\/uploads\/2024\/11\/Untitled-design-2-800x451.png\" class=\"attachment-thumbnail size-thumbnail wp-post-image\" alt=\"\" \/>\t\t<\/figure>\n\t<\/div>\n\t\n\t<div class=\"card__content\">\n\t\t<p class=\"article__title\">Abivahend, mis aitab \u00fcles\u00f6\u00f6mise vastu<\/p>\n\t\t<p class=\"article__excerpt\">Kas oled proovinud pidevalt \u00fcleliigset kehakaalu langetada ja \u00fcles\u00f6\u00f6mist v\u00e4ltida? See v\u00f5ib olla raske teekond, kuid&hellip;<\/p>\n\t<\/div>\n<\/a>\n\n<a class=\"card article\" href=\"https:\/\/www.reztart.com\/et\/blogi\/diana-mogis-void-olla-kindel-et-see-toode-tootab-sinu-heaks\/\" title=\"Diana Mogi\u0161:\u00a0 v\u00f5id olla kindel, et see toode t\u00f6\u00f6tab sinu heaks!\">\n\t<div class=\"card__image\">\n\t\t<figure class=\"wp-block-image\">\n\t\t\t<img loading=\"lazy\" decoding=\"async\" width=\"800\" height=\"518\" src=\"https:\/\/www.reztart.com\/wp-content\/uploads\/2024\/10\/IMG_8626-800x518.png\" class=\"attachment-thumbnail size-thumbnail wp-post-image\" alt=\"\" \/>\t\t<\/figure>\n\t<\/div>\n\t\n\t<div class=\"card__content\">\n\t\t<p class=\"article__title\">Diana Mogi\u0161:\u00a0 v\u00f5id olla kindel, et see toode t\u00f6\u00f6tab sinu heaks!<\/p>\n\t\t<p class=\"article__excerpt\">Aeg on tutvustada meie uut br\u00e4ndisaadikut- Diana Mogi\u0161t! Diana on toitumisn\u014dustaja ja treener, kes on p\u00fchendunud&hellip;<\/p>\n\t<\/div>\n<\/a>\n\n<a class=\"card article\" href=\"https:\/\/www.reztart.com\/et\/blogi\/miks-peaks-ananassi-just-toorelt-ja-pohitoiduga-koos-sooma\/\" title=\"Miks peaks ananassi just toorelt ja p\u00f5hitoiduga koos s\u00f6\u00f6ma?\">\n\t<div class=\"card__image\">\n\t\t<figure class=\"wp-block-image\">\n\t\t\t<img loading=\"lazy\" decoding=\"async\" width=\"800\" height=\"451\" src=\"https:\/\/www.reztart.com\/wp-content\/uploads\/2024\/06\/Untitled-design-9-800x451.png\" class=\"attachment-thumbnail size-thumbnail wp-post-image\" alt=\"\" \/>\t\t<\/figure>\n\t<\/div>\n\t\n\t<div class=\"card__content\">\n\t\t<p class=\"article__title\">Miks peaks ananassi just toorelt ja p\u00f5hitoiduga koos s\u00f6\u00f6ma?<\/p>\n\t\t<p class=\"article__excerpt\">Kindlasti tead seda tunnet, kui peale toidukorda on nn raske olla. Kui see on sinu jaoks&hellip;<\/p>\n\t<\/div>\n<\/a>\n\n<a class=\"card article\" href=\"https:\/\/www.reztart.com\/et\/blogi\/levinud-muut-seoses-grillimisega-mis-teeb-arvatava-kasu-asemel-hoopis-tervisele-karuteene\/\" title=\"Levinud m\u00fc\u00fct seoses grillimisega, mis teeb arvatava kasu asemel hoopis tervisele karuteene\">\n\t<div class=\"card__image\">\n\t\t<figure class=\"wp-block-image\">\n\t\t\t<img loading=\"lazy\" decoding=\"async\" width=\"800\" height=\"451\" src=\"https:\/\/www.reztart.com\/wp-content\/uploads\/2024\/05\/Untitled-design-9-copy-1-800x451.png\" class=\"attachment-thumbnail size-thumbnail wp-post-image\" alt=\"\" \/>\t\t<\/figure>\n\t<\/div>\n\t\n\t<div class=\"card__content\">\n\t\t<p class=\"article__title\">Levinud m\u00fc\u00fct seoses grillimisega, mis teeb arvatava kasu asemel hoopis tervisele karuteene<\/p>\n\t\t<p class=\"article__excerpt\">Seoses grillimisega on levima l\u00e4inud \u00fcks tervistkahjustav m\u00fc\u00fct. Nimelt, et s\u00f6estunud liha s\u00f6\u00f6mine on tervisele sama&hellip;<\/p>\n\t<\/div>\n<\/a>\n\n<a class=\"card article\" href=\"https:\/\/www.reztart.com\/et\/blogi\/see-populaarne-harjumus-viib-vaga-suure-toenaosusega-seedehaireni\/\" title=\"See populaarne harjumus viib v\u00e4ga suure t\u00f5en\u00e4osusega seedeh\u00e4ireni\">\n\t<div class=\"card__image\">\n\t\t<figure class=\"wp-block-image\">\n\t\t\t<img loading=\"lazy\" decoding=\"async\" width=\"800\" height=\"451\" src=\"https:\/\/www.reztart.com\/wp-content\/uploads\/2024\/05\/Untitled-design-9-copy-800x451.png\" class=\"attachment-thumbnail size-thumbnail wp-post-image\" alt=\"\" \/>\t\t<\/figure>\n\t<\/div>\n\t\n\t<div class=\"card__content\">\n\t\t<p class=\"article__title\">See populaarne harjumus viib v\u00e4ga suure t\u00f5en\u00e4osusega seedeh\u00e4ireni<\/p>\n\t\t<p class=\"article__excerpt\">Teatud olukordi, kus kannatad seedeh\u00e4irete k\u00e4es, on v\u00f5imalik v\u00e4ltida. Selleks tuleb lihtsalt j\u00e4lgida teatud kuldreegleid.\u00a0\u00a0\u00a0 Tead&hellip;<\/p>\n\t<\/div>\n<\/a>\n\n<a class=\"card article\" href=\"https:\/\/www.reztart.com\/et\/blogi\/nadala-nipp-kuidas-tomatitest-maksimum-votta\/\" title=\"N\u00c4DALA NIPP:  kuidas tomatitest maksimum v\u00f5tta? \u00a0\">\n\t<div class=\"card__image\">\n\t\t<figure class=\"wp-block-image\">\n\t\t\t<img loading=\"lazy\" decoding=\"async\" width=\"800\" height=\"451\" src=\"https:\/\/www.reztart.com\/wp-content\/uploads\/2024\/05\/Untitled-design-9-800x451.png\" class=\"attachment-thumbnail size-thumbnail wp-post-image\" alt=\"\" \/>\t\t<\/figure>\n\t<\/div>\n\t\n\t<div class=\"card__content\">\n\t\t<p class=\"article__title\">N\u00c4DALA NIPP:  kuidas tomatitest maksimum v\u00f5tta? \u00a0<\/p>\n\t\t<p class=\"article__excerpt\">Kui tahad tomatist maksimaalselt kasu saada, siis on seda kasulikum s\u00fc\u00fca kuumutatult kui v\u00e4rskelt.\u00a0Nii ei t\u00f5use&hellip;<\/p>\n\t<\/div>\n<\/a>\n\n<a class=\"card article\" href=\"https:\/\/www.reztart.com\/et\/blogi\/nadala-nipp-miks-voiks-juba-enne-pohitoidukorda-natuke-toitaineid-saada\/\" title=\"N\u00c4DALA NIPP: Miks v\u00f5iks juba enne p\u00f5hitoidukorda natuke toitaineid saada?\">\n\t<div class=\"card__image\">\n\t\t<figure class=\"wp-block-image\">\n\t\t\t<img loading=\"lazy\" decoding=\"async\" width=\"800\" height=\"451\" src=\"https:\/\/www.reztart.com\/wp-content\/uploads\/2024\/05\/Untitled-design-1-800x451.png\" class=\"attachment-thumbnail size-thumbnail wp-post-image\" alt=\"\" \/>\t\t<\/figure>\n\t<\/div>\n\t\n\t<div class=\"card__content\">\n\t\t<p class=\"article__title\">N\u00c4DALA NIPP: Miks v\u00f5iks juba enne p\u00f5hitoidukorda natuke toitaineid saada?<\/p>\n\t\t<p class=\"article__excerpt\">Kui oled tervisliku kehakaalu saavutamisega h\u00e4das, siis see nipp on just sulle. Pea meeles, et \u00fcleliigsetest&hellip;<\/p>\n\t<\/div>\n<\/a>\n\n<a class=\"card article\" href=\"https:\/\/www.reztart.com\/et\/blogi\/lihtne-nipp-kuidas-pahklitest-maksimum-votta\/\" title=\"N\u00c4DALA NIPP: nii saad p\u00e4hklitest maksimumi v\u00f5tta\u00a0\">\n\t<div class=\"card__image\">\n\t\t<figure class=\"wp-block-image\">\n\t\t\t<img loading=\"lazy\" decoding=\"async\" width=\"800\" height=\"451\" src=\"https:\/\/www.reztart.com\/wp-content\/uploads\/2024\/04\/Untitled-design-9-copy-800x451.png\" class=\"attachment-thumbnail size-thumbnail wp-post-image\" alt=\"\" \/>\t\t<\/figure>\n\t<\/div>\n\t\n\t<div class=\"card__content\">\n\t\t<p class=\"article__title\">N\u00c4DALA NIPP: nii saad p\u00e4hklitest maksimumi v\u00f5tta\u00a0<\/p>\n\t\t<p class=\"article__excerpt\">Kas teadsid, et juba kahest parap\u00e4hklist saad k\u00e4tte oma p\u00e4evase seleenikoguse ning Kreeka p\u00e4hklid aitavad kaasa&hellip;<\/p>\n\t<\/div>\n<\/a>\n\n<a class=\"card article\" href=\"https:\/\/www.reztart.com\/et\/blogi\/toestatud-toime-see-muudab-su-elukvaliteedi-paremaks\/\" title=\"T\u00f5estatud toime! See muudab su elukvaliteedi paremaks\">\n\t<div class=\"card__image\">\n\t\t<figure class=\"wp-block-image\">\n\t\t\t<img loading=\"lazy\" decoding=\"async\" width=\"800\" height=\"532\" src=\"https:\/\/www.reztart.com\/wp-content\/uploads\/2024\/04\/2019-05-10-06.38.23-copy-2-scaled-1-800x532.jpg\" class=\"attachment-thumbnail size-thumbnail wp-post-image\" alt=\"\" \/>\t\t<\/figure>\n\t<\/div>\n\t\n\t<div class=\"card__content\">\n\t\t<p class=\"article__title\">T\u00f5estatud toime! See muudab su elukvaliteedi paremaks<\/p>\n\t\t<p class=\"article__excerpt\">Kuidas t\u00f5sta enda elukvaliteeti isegi siis kui selleks aega pole? See on v\u00e4ga lihtne! K\u00f5ik Reztart&hellip;<\/p>\n\t<\/div>\n<\/a>\n\n<a class=\"card article\" href=\"https:\/\/www.reztart.com\/et\/blogi\/toitumisnoustaja-jagab-nippi-just-nii-paned-teoorias-lihtsa-kaalulangetusvalemi-ka-praktikas-kerge-vaevaga-toole\/\" title=\"TOITUMISN\u00d5USTAJA JAGAB NIPPI: Just nii paned teoorias lihtsa kaalulangetusvalemi ka praktikas kerge vaevaga \u00a0t\u00f6\u00f6le\">\n\t<div class=\"card__image\">\n\t\t<figure class=\"wp-block-image\">\n\t\t\t<img loading=\"lazy\" decoding=\"async\" width=\"800\" height=\"451\" src=\"https:\/\/www.reztart.com\/wp-content\/uploads\/2024\/03\/Untitled-design-9-800x451.png\" class=\"attachment-thumbnail size-thumbnail wp-post-image\" alt=\"\" \/>\t\t<\/figure>\n\t<\/div>\n\t\n\t<div class=\"card__content\">\n\t\t<p class=\"article__title\">TOITUMISN\u00d5USTAJA JAGAB NIPPI: Just nii paned teoorias lihtsa kaalulangetusvalemi ka praktikas kerge vaevaga \u00a0t\u00f6\u00f6le<\/p>\n\t\t<p class=\"article__excerpt\">Miks on tervisliku kehakaalu saavutamine raske, kui k\u00f5ik teavad, et selleks pole vaja muud kui kerget&hellip;<\/p>\n\t<\/div>\n<\/a>\n\n<a class=\"card article\" href=\"https:\/\/www.reztart.com\/et\/blogi\/anne-veesaar-see-on-lihtne-lahendus-magusasoltuvuse-ja-ulesoomise-vastu\/\" title=\"Anne Veesaar: see on lihtne lahendus magusas\u00f5ltuvuse ja \u00fcles\u00f6\u00f6mise vastu\">\n\t<div class=\"card__image\">\n\t\t<figure class=\"wp-block-image\">\n\t\t\t<img loading=\"lazy\" decoding=\"async\" width=\"800\" height=\"533\" src=\"https:\/\/www.reztart.com\/wp-content\/uploads\/2024\/02\/3T7A5780-scaled-1-800x533.jpg\" class=\"attachment-thumbnail size-thumbnail wp-post-image\" alt=\"\" \/>\t\t<\/figure>\n\t<\/div>\n\t\n\t<div class=\"card__content\">\n\t\t<p class=\"article__title\">Anne Veesaar: see on lihtne lahendus magusas\u00f5ltuvuse ja \u00fcles\u00f6\u00f6mise vastu<\/p>\n\t\t<p class=\"article__excerpt\">Anne Veesaar (66) tunnistab seda, mida paljud naised kogevad \u2013 keskeale l\u00e4henedes ei anna keha enam&hellip;<\/p>\n\t<\/div>\n<\/a>\n\n<a class=\"card article\" href=\"https:\/\/www.reztart.com\/et\/blogi\/lihtsaim-viis-ulekaalust-vabanemiseks\/\" title=\"Lihtsaim viis \u00fclekaalust vabanemiseks\">\n\t<div class=\"card__image\">\n\t\t<figure class=\"wp-block-image\">\n\t\t\t<img loading=\"lazy\" decoding=\"async\" width=\"800\" height=\"568\" src=\"https:\/\/www.reztart.com\/wp-content\/uploads\/2019\/10\/3-800x568.png\" class=\"attachment-thumbnail size-thumbnail wp-post-image\" alt=\"\" \/>\t\t<\/figure>\n\t<\/div>\n\t\n\t<div class=\"card__content\">\n\t\t<p class=\"article__title\">Lihtsaim viis \u00fclekaalust vabanemiseks<\/p>\n\t\t<p class=\"article__excerpt\">V\u00f5ime ju dieediga alustamise p\u00e4eval m\u00f5elda, et alates t\u00e4nasest me \u00fchte v\u00f5i teist toidugruppi enam ei&hellip;<\/p>\n\t<\/div>\n<\/a>\n\n<a class=\"card article\" href=\"https:\/\/www.reztart.com\/et\/blogi\/sofiarubina\/\" title=\"Sofia Rubina: mul pole enam pidevat n\u00e4ljatunnet nagu vanasti\">\n\t<div class=\"card__image\">\n\t\t<figure class=\"wp-block-image\">\n\t\t\t<img loading=\"lazy\" decoding=\"async\" width=\"533\" height=\"800\" src=\"https:\/\/www.reztart.com\/wp-content\/uploads\/2023\/12\/Reztart-7-scaled-1-533x800.jpg\" class=\"attachment-thumbnail size-thumbnail wp-post-image\" alt=\"\" \/>\t\t<\/figure>\n\t<\/div>\n\t\n\t<div class=\"card__content\">\n\t\t<p class=\"article__title\">Sofia Rubina: mul pole enam pidevat n\u00e4ljatunnet nagu vanasti<\/p>\n\t\t<p class=\"article__excerpt\">Otsustasime tutvustada meie br\u00e4ndisaadikuid ning seda miks nad meie tooteid armastavad. Sofia Rubina on armastatud jazzmuusik,&hellip;<\/p>\n\t<\/div>\n<\/a>\n\n<a class=\"card article\" href=\"https:\/\/www.reztart.com\/et\/blogi\/fred-muursepp-mees-kes-elab-unistuste-elu\/\" title=\"Fred M\u00fc\u00fcrsepp- mees, kes elab unistuste elu!\">\n\t<div class=\"card__image\">\n\t\t<figure class=\"wp-block-image\">\n\t\t\t<img loading=\"lazy\" decoding=\"async\" width=\"800\" height=\"450\" src=\"https:\/\/www.reztart.com\/wp-content\/uploads\/2023\/11\/a4620a2a-b20b-4841-91e1-e6faa08805d3-800x450.jpg\" class=\"attachment-thumbnail size-thumbnail wp-post-image\" alt=\"\" \/>\t\t<\/figure>\n\t<\/div>\n\t\n\t<div class=\"card__content\">\n\t\t<p class=\"article__title\">Fred M\u00fc\u00fcrsepp- mees, kes elab unistuste elu!<\/p>\n\t\t<p class=\"article__excerpt\">Miks meeste tervena elatud aastad ja eluiga on palju v\u00e4iksemad kui naistel? Kuidas elada tervemalt ja&hellip;<\/p>\n\t<\/div>\n<\/a>\n\n<a class=\"card article\" href=\"https:\/\/www.reztart.com\/et\/blogi\/neli-pohimotet-kuidas-kodustada-tervislik-eluviis\/\" title=\"Neli p\u00f5him\u00f5tet, kuidas kodustada tervislik eluviis\">\n\t<div class=\"card__image\">\n\t\t<figure class=\"wp-block-image\">\n\t\t\t<img loading=\"lazy\" decoding=\"async\" width=\"800\" height=\"451\" src=\"https:\/\/www.reztart.com\/wp-content\/uploads\/2023\/10\/Untitled-design-5-copy-800x451.png\" class=\"attachment-thumbnail size-thumbnail wp-post-image\" alt=\"\" \/>\t\t<\/figure>\n\t<\/div>\n\t\n\t<div class=\"card__content\">\n\t\t<p class=\"article__title\">Neli p\u00f5him\u00f5tet, kuidas kodustada tervislik eluviis<\/p>\n\t\t<p class=\"article__excerpt\">Kas kuulud ka nende inimeste hulka, kes juba pikemat aega soovib, et elustiil oleks tervislikum ning&hellip;<\/p>\n\t<\/div>\n<\/a>\n\n<a class=\"card article\" href=\"https:\/\/www.reztart.com\/et\/blogi\/vaata-milline-on-marika-korolevi-lemmikbatoon\/\" title=\"Vaata, milline on Marika Korolevi lemmikbatoon!\">\n\t<div class=\"card__image\">\n\t\t<figure class=\"wp-block-image\">\n\t\t\t<img loading=\"lazy\" decoding=\"async\" width=\"800\" height=\"600\" src=\"https:\/\/www.reztart.com\/wp-content\/uploads\/2023\/09\/IMG-20221229-WA0002-800x600.jpg\" class=\"attachment-thumbnail size-thumbnail wp-post-image\" alt=\"\" \/>\t\t<\/figure>\n\t<\/div>\n\t\n\t<div class=\"card__content\">\n\t\t<p class=\"article__title\">Vaata, milline on Marika Korolevi lemmikbatoon!<\/p>\n\t\t<p class=\"article__excerpt\">Otsustasime tutvustada ka meie br\u00e4ndisaadikuid ning seda miks nad meie tooteid armastavad. Marika Korolev tegi esmakordselt&hellip;<\/p>\n\t<\/div>\n<\/a>\n\t<\/div>\n\n\t\t\t<nav class=\"pagination\">\n\t\t\t<div class=\"pagination-numbers\">\n\t\t\t\t<span aria-label=\"Page 1\" aria-current=\"page\" class=\"page-numbers current\">1<\/span>\n<a aria-label=\"Page 2\" class=\"page-numbers\" href=\"https:\/\/www.reztart.com\/et\/blogi\/vaata-milline-on-marika-korolevi-lemmikbatoon\/page\/2\/\">2<\/a>\n<a aria-label=\"Page 3\" class=\"page-numbers\" href=\"https:\/\/www.reztart.com\/et\/blogi\/vaata-milline-on-marika-korolevi-lemmikbatoon\/page\/3\/\">3<\/a>\n<a class=\"next page-numbers\" href=\"https:\/\/www.reztart.com\/et\/blogi\/vaata-milline-on-marika-korolevi-lemmikbatoon\/page\/2\/\"><svg width=\"17\" height=\"15\" viewBox=\"0 0 17 15\" fill=\"none\" xmlns=\"http:\/\/www.w3.org\/2000\/svg\"><path d=\"M16.8008 7.40485L9.79828 0.402343L8.81093 1.3897L14.1188 6.7046L-0.0052245 6.7046L-0.00522456 8.1051L14.1188 8.1051L8.81093 13.42L9.79828 14.4073L16.8008 7.40485Z\" fill=\"#010B30\"\/><\/svg><\/a>\t\t\t<\/div>\n\t\t<\/nav>\n\t\t\n<\/div>\n<\/div><\/section>\n\n\n\n<section class=\"qt-section container-default is-style-stacked-boxes\"><div class=\"qt-section__inner grid grid-col-2 has-background has-black-background-color\" style=\"background-color:#2D2926\">\n<div class=\"qt-container is-style-image-column\">\n<figure class=\"wp-block-image size-medium\"><img loading=\"lazy\" decoding=\"async\" width=\"1200\" height=\"857\" src=\"https:\/\/www.reztart.com\/wp-content\/uploads\/2025\/06\/reztart-bar-1200x857.jpg\" alt=\"Reztart bar\" class=\"wp-image-47255\" srcset=\"https:\/\/www.reztart.com\/wp-content\/uploads\/2025\/06\/reztart-bar-1200x857.jpg 1200w, https:\/\/www.reztart.com\/wp-content\/uploads\/2025\/06\/reztart-bar-300x214.jpg 300w, https:\/\/www.reztart.com\/wp-content\/uploads\/2025\/06\/reztart-bar-600x429.jpg 600w, https:\/\/www.reztart.com\/wp-content\/uploads\/2025\/06\/reztart-bar-800x571.jpg 800w, https:\/\/www.reztart.com\/wp-content\/uploads\/2025\/06\/reztart-bar-768x549.jpg 768w, https:\/\/www.reztart.com\/wp-content\/uploads\/2025\/06\/reztart-bar-400x286.jpg 400w, https:\/\/www.reztart.com\/wp-content\/uploads\/2025\/06\/reztart-bar.jpg 1400w\" sizes=\"auto, (max-width: 1200px) 100vw, 1200px\" \/><\/figure>\n<\/div>\n\n\n\n<div class=\"qt-container is-vertically-aligned-center is-horizontally-aligned-left is-style-text-column\">\n<h2 class=\"wp-block-heading has-white-color has-text-color has-link-color wp-elements-722afa868b0d48ce52de34ebc2e94fb2\">Kui tahad midagi head \u2013 loodusliku ja maitsva sisuga.<\/h2>\n\n\n\n<p class=\"has-white-color has-text-color has-link-color wp-elements-7d760ba3d854e7277fd507c607efa6bb\">Meie batoonid ja smuutid on t\u00e4iuslik vahepala sulle, kes soovib end hellitada ilma tervise arvelt j\u00e4releandmisi tegemata.<\/p>\n\n\n\n<div class=\"wp-block-buttons is-layout-flex wp-block-buttons-is-layout-flex\">\n<div class=\"wp-block-button is-style-button-secondary\"><a class=\"wp-block-button__link wp-element-button\" href=\"https:\/\/www.reztart.com\/et\/pood\/\">Tutvu toodetega<\/a><\/div>\n<\/div>\n<\/div>\n<\/div><\/section>\n","protected":false},"excerpt":{"rendered":"","protected":false},"author":5,"featured_media":0,"parent":0,"menu_order":0,"comment_status":"closed","ping_status":"closed","template":"","meta":{"_acf_changed":false,"footnotes":""},"class_list":["post-46328","page","type-page","status-publish","hentry"],"acf":[],"_links":{"self":[{"href":"https:\/\/www.reztart.com\/et\/wp-json\/wp\/v2\/pages\/46328","targetHints":{"allow":["GET"]}}],"collection":[{"href":"https:\/\/www.reztart.com\/et\/wp-json\/wp\/v2\/pages"}],"about":[{"href":"https:\/\/www.reztart.com\/et\/wp-json\/wp\/v2\/types\/page"}],"author":[{"embeddable":true,"href":"https:\/\/www.reztart.com\/et\/wp-json\/wp\/v2\/users\/5"}],"replies":[{"embeddable":true,"href":"https:\/\/www.reztart.com\/et\/wp-json\/wp\/v2\/comments?post=46328"}],"version-history":[{"count":7,"href":"https:\/\/www.reztart.com\/et\/wp-json\/wp\/v2\/pages\/46328\/revisions"}],"predecessor-version":[{"id":47330,"href":"https:\/\/www.reztart.com\/et\/wp-json\/wp\/v2\/pages\/46328\/revisions\/47330"}],"wp:attachment":[{"href":"https:\/\/www.reztart.com\/et\/wp-json\/wp\/v2\/media?parent=46328"}],"curies":[{"name":"wp","href":"https:\/\/api.w.org\/{rel}","templated":true}]}}